{"id":72,"date":"2024-12-29T16:51:07","date_gmt":"2024-12-29T16:51:07","guid":{"rendered":"https:\/\/bleuroy2.nelty.dev\/?post_type=product&#038;p=72"},"modified":"2025-11-30T18:46:46","modified_gmt":"2025-11-30T18:46:46","slug":"mud-care","status":"publish","type":"product","link":"https:\/\/www.bleu-roy.com\/nl\/product\/mud-care\/","title":{"rendered":"Mud Care"},"content":{"rendered":"","protected":false},"excerpt":{"rendered":"<p class=\"p1\">Cr\u00e8me <strong>2 en 1 protectrice et r\u00e9paratrice<\/strong> aux huiles essentielles contre les crevasses et la gale de boue.<\/p>\n<p class=\"p1\"><strong>Mode d&#8217;emploi:<\/strong><br \/>\nAppliquer une couche \u00e9paisse sur la zone \u00e0 traiter apr\u00e8s avoir nettoyer la peau et gratt\u00e9 les cro\u00fbtes (n&rsquo;h\u00e9sitez pas \u00e0 les mouiller \u00e0 l&rsquo;eau chaude de pr\u00e9f\u00e9rence afin de les enlever plus facilement). Dans les cas les plus s\u00e9v\u00e8res, appliquez un bandage afin de garder les blessures propres et de prolonger l&rsquo;action de la cr\u00e8me Mud-Care.<br \/>\n<strong>R\u00e9sultats visibles d\u00e8s la premi\u00e8re application.<\/strong><\/p>\n<p>\ud83d\udca1 <strong><em>L&rsquo;astuce Bleu-Roy, pour un r\u00e9sultat optimal:<\/em><\/strong><br \/>\n&#8211; Nettoyez et d\u00e9sinfectez la zone \u00e0 traiter.<br \/>\n&#8211; Grattez les cro\u00fbtes (n&rsquo;h\u00e9sitez pas \u00e0 les mouiller \u00e0 l&rsquo;eau chaude de pr\u00e9f\u00e9rence afin de les enlever plus facilement).<br \/>\n&#8211; Appliquez une couche \u00e9paisse de Mud Care.<br \/>\n&#8211; Dans les cas les plus s\u00e9v\u00e8res, appliquez un bandage afin de garder les blessures propres et de prolonger l&rsquo;action de la cr\u00e8me Mud-Care.<\/p>","protected":false},"featured_media":13525,"comment_status":"open","ping_status":"closed","template":"","meta":[],"product_brand":[],"product_cat":[66],"product_tag":[79,78,80],"class_list":{"0":"post-72","1":"product","2":"type-product","3":"status-publish","4":"has-post-thumbnail","6":"product_cat-peau-crins","7":"product_tag-crevasses","8":"product_tag-gale-de-boue","9":"product_tag-plaies","11":"first","12":"instock","13":"taxable","14":"shipping-taxable","15":"purchasable","16":"product-type-simple"},"_links":{"self":[{"href":"https:\/\/www.bleu-roy.com\/nl\/wp-json\/wp\/v2\/product\/72","targetHints":{"allow":["GET"]}}],"collection":[{"href":"https:\/\/www.bleu-roy.com\/nl\/wp-json\/wp\/v2\/product"}],"about":[{"href":"https:\/\/www.bleu-roy.com\/nl\/wp-json\/wp\/v2\/types\/product"}],"replies":[{"embeddable":true,"href":"https:\/\/www.bleu-roy.com\/nl\/wp-json\/wp\/v2\/comments?post=72"}],"wp:featuredmedia":[{"embeddable":true,"href":"https:\/\/www.bleu-roy.com\/nl\/wp-json\/wp\/v2\/media\/13525"}],"wp:attachment":[{"href":"https:\/\/www.bleu-roy.com\/nl\/wp-json\/wp\/v2\/media?parent=72"}],"wp:term":[{"taxonomy":"product_brand","embeddable":true,"href":"https:\/\/www.bleu-roy.com\/nl\/wp-json\/wp\/v2\/product_brand?post=72"},{"taxonomy":"product_cat","embeddable":true,"href":"https:\/\/www.bleu-roy.com\/nl\/wp-json\/wp\/v2\/product_cat?post=72"},{"taxonomy":"product_tag","embeddable":true,"href":"https:\/\/www.bleu-roy.com\/nl\/wp-json\/wp\/v2\/product_tag?post=72"}],"curies":[{"name":"wp","href":"https:\/\/api.w.org\/{rel}","templated":true}]}}