{"id":16179,"date":"2025-08-15T13:51:42","date_gmt":"2025-08-15T13:51:42","guid":{"rendered":"https:\/\/www.bleu-roy.com\/?post_type=product&#038;p=16179"},"modified":"2026-02-12T07:59:01","modified_gmt":"2026-02-12T07:59:01","slug":"pro-masse","status":"publish","type":"product","link":"https:\/\/www.bleu-roy.com\/nl\/product\/pro-masse\/","title":{"rendered":"Pro Masse"},"content":{"rendered":"","protected":false},"excerpt":{"rendered":"<p class=\"p1\"><span class=\"s1\">Formule tr\u00e8s riche en prot\u00e9ines et en mati\u00e8res grasses pour la prise et\/ou le maintien d\u2019\u00e9tat.<br \/>\n<\/span>Destin\u00e9 \u00e0 \u00eatre donner en compl\u00e9ment de la ration d\u2019aliment quotidienne, Pro Masse offre une source d\u2019\u00e9nergie concentr\u00e9e et durable.<br \/>\nGr\u00e2ce \u00e0 sa densit\u00e9 nutritionnelle, elle permet de soutenir l\u2019organisme sans surcharger le syst\u00e8me digestif, tout en respectant l\u2019\u00e9quilibre nerveux et m\u00e9tabolique du cheval.<\/p>\n<p data-start=\"42\" data-end=\"63\"><strong data-start=\"46\" data-end=\"61\">Points forts:<br \/>\n<\/strong>&#8211; Il est tr\u00e8s app\u00e9tent.<br \/>\n&#8211; Ses r\u00e9sultats sont rapidement observables (10 \u00e0 15 jours).<br \/>\n&#8211; Riche en prot\u00e9ines et mati\u00e8res grasses.<\/p>\n<p class=\"p1\"><strong>Bleu-Roy Pro Masse convient particuli\u00e8rement:<\/strong><br \/>\n&#8211; Au cheval qui a besoin de reprendre de l\u2019\u00e9tat.<br \/>\n&#8211; Au cheval qui perd du poids au travail, malgr\u00e9 une ration classique.<\/p>\n<p><strong>Infos &amp; commandes:<\/strong> info@bleu-roy.be &#8211; +32 494 15 44 06<\/p>","protected":false},"featured_media":16182,"comment_status":"open","ping_status":"closed","template":"","meta":[],"product_brand":[],"product_cat":[668],"product_tag":[187,188,206,205,203],"class_list":{"0":"post-16179","1":"product","2":"type-product","3":"status-publish","4":"has-post-thumbnail","6":"product_cat-prise-de-masse","7":"product_tag-aliments","8":"product_tag-cereales","9":"product_tag-convalescence","10":"product_tag-loisir","11":"product_tag-polyvalent","13":"first","14":"instock","15":"taxable","16":"shipping-taxable","17":"purchasable","18":"product-type-simple"},"_links":{"self":[{"href":"https:\/\/www.bleu-roy.com\/nl\/wp-json\/wp\/v2\/product\/16179","targetHints":{"allow":["GET"]}}],"collection":[{"href":"https:\/\/www.bleu-roy.com\/nl\/wp-json\/wp\/v2\/product"}],"about":[{"href":"https:\/\/www.bleu-roy.com\/nl\/wp-json\/wp\/v2\/types\/product"}],"replies":[{"embeddable":true,"href":"https:\/\/www.bleu-roy.com\/nl\/wp-json\/wp\/v2\/comments?post=16179"}],"wp:featuredmedia":[{"embeddable":true,"href":"https:\/\/www.bleu-roy.com\/nl\/wp-json\/wp\/v2\/media\/16182"}],"wp:attachment":[{"href":"https:\/\/www.bleu-roy.com\/nl\/wp-json\/wp\/v2\/media?parent=16179"}],"wp:term":[{"taxonomy":"product_brand","embeddable":true,"href":"https:\/\/www.bleu-roy.com\/nl\/wp-json\/wp\/v2\/product_brand?post=16179"},{"taxonomy":"product_cat","embeddable":true,"href":"https:\/\/www.bleu-roy.com\/nl\/wp-json\/wp\/v2\/product_cat?post=16179"},{"taxonomy":"product_tag","embeddable":true,"href":"https:\/\/www.bleu-roy.com\/nl\/wp-json\/wp\/v2\/product_tag?post=16179"}],"curies":[{"name":"wp","href":"https:\/\/api.w.org\/{rel}","templated":true}]}}