{"id":16173,"date":"2025-08-15T13:36:47","date_gmt":"2025-08-15T13:36:47","guid":{"rendered":"https:\/\/www.bleu-roy.com\/?post_type=product&#038;p=16173"},"modified":"2025-12-11T13:47:23","modified_gmt":"2025-12-11T13:47:23","slug":"pure-mash","status":"publish","type":"product","link":"https:\/\/www.bleu-roy.com\/nl\/product\/pure-mash\/","title":{"rendered":"Pure Mash"},"content":{"rendered":"","protected":false},"excerpt":{"rendered":"<p class=\"p1\">Mash nutritionnel \u00e0 base de son de bl\u00e9.<br \/>\n<span class=\"s1\">Formul\u00e9 \u00e0 base de son de bl\u00e9, Pure Mash offre une alternative savoureuse, efficace et simple \u00e0 utiliser pour soutenir le bien-\u00eatre digestif du cheval.<br \/>\n<\/span>Avec seulement 8\u202f% de sucre et d\u2019amidon, il convient \u00e9galement aux chevaux sensibles ou soumis \u00e0 des r\u00e9gimes contr\u00f4l\u00e9s (ulc\u00e8res, fourbures,&#8230;).<br \/>\nId\u00e9al apr\u00e8s l\u2019effort, pour favoriser la r\u00e9hydratation, stimuler l\u2019app\u00e9tit et apporter une \u00e9nergie rapide tout en douceur.<\/p>\n<p data-start=\"42\" data-end=\"63\"><strong data-start=\"46\" data-end=\"61\">Points forts:<br \/>\n<\/strong>&#8211; Il est tr\u00e8s faible en sucre et en amidon (8%).<br \/>\n&#8211; Il est tr\u00e8s app\u00e9tant, les chevaux l&rsquo;adorent.<br \/>\n&#8211; Il s&rsquo;utilise aussi bien avec de l&rsquo;eau chaude que de l&rsquo;eau froide.<br \/>\n&#8211; Il est pr\u00eat en seulement 15 minutes.<\/p>\n<p class=\"p1\"><strong>Bleu-Roy Pure Mash est id\u00e9al pour:<\/strong><br \/>\n&#8211; Contribuer \u00e0 la reprise d\u2019app\u00e9tit.<br \/>\n&#8211; Favoriser une meilleure hydratation.<br \/>\n<span class=\"s1\">&#8211; Soutenir la digestion <\/span>et pr\u00e9venir les troubles digestifs.<\/p>\n<p><strong>Infos &amp; commandes:<\/strong> info@bleu-roy.be &#8211; +32 494 15 44 06<\/p>","protected":false},"featured_media":16176,"comment_status":"open","ping_status":"closed","template":"","meta":[],"product_brand":[],"product_cat":[667],"product_tag":[187,188,206,205,203],"class_list":{"0":"post-16173","1":"product","2":"type-product","3":"status-publish","4":"has-post-thumbnail","6":"product_cat-mash","7":"product_tag-aliments","8":"product_tag-cereales","9":"product_tag-convalescence","10":"product_tag-loisir","11":"product_tag-polyvalent","13":"first","14":"instock","15":"taxable","16":"shipping-taxable","17":"purchasable","18":"product-type-simple"},"_links":{"self":[{"href":"https:\/\/www.bleu-roy.com\/nl\/wp-json\/wp\/v2\/product\/16173","targetHints":{"allow":["GET"]}}],"collection":[{"href":"https:\/\/www.bleu-roy.com\/nl\/wp-json\/wp\/v2\/product"}],"about":[{"href":"https:\/\/www.bleu-roy.com\/nl\/wp-json\/wp\/v2\/types\/product"}],"replies":[{"embeddable":true,"href":"https:\/\/www.bleu-roy.com\/nl\/wp-json\/wp\/v2\/comments?post=16173"}],"wp:featuredmedia":[{"embeddable":true,"href":"https:\/\/www.bleu-roy.com\/nl\/wp-json\/wp\/v2\/media\/16176"}],"wp:attachment":[{"href":"https:\/\/www.bleu-roy.com\/nl\/wp-json\/wp\/v2\/media?parent=16173"}],"wp:term":[{"taxonomy":"product_brand","embeddable":true,"href":"https:\/\/www.bleu-roy.com\/nl\/wp-json\/wp\/v2\/product_brand?post=16173"},{"taxonomy":"product_cat","embeddable":true,"href":"https:\/\/www.bleu-roy.com\/nl\/wp-json\/wp\/v2\/product_cat?post=16173"},{"taxonomy":"product_tag","embeddable":true,"href":"https:\/\/www.bleu-roy.com\/nl\/wp-json\/wp\/v2\/product_tag?post=16173"}],"curies":[{"name":"wp","href":"https:\/\/api.w.org\/{rel}","templated":true}]}}