{"id":14020,"date":"2025-04-17T17:17:47","date_gmt":"2025-04-17T17:17:47","guid":{"rendered":"https:\/\/www.bleu-roy.com\/?post_type=product&#038;p=14020"},"modified":"2025-11-30T18:46:45","modified_gmt":"2025-11-30T18:46:45","slug":"basic","status":"publish","type":"product","link":"https:\/\/www.bleu-roy.com\/nl\/product\/basic\/","title":{"rendered":"Basic"},"content":{"rendered":"","protected":false},"excerpt":{"rendered":"<form class=\"cart\" action=\"https:\/\/www.bleu-roy.be\/produit\/granules-active\/\" enctype=\"multipart\/form-data\" method=\"post\"><em><strong>Disponible uniquement en Belgique.<\/strong><\/em><\/p>\n<\/form>\n<form class=\"cart\" action=\"https:\/\/www.bleu-roy.be\/produit\/granules-active\/\" enctype=\"multipart\/form-data\" method=\"post\"><span class=\"s1\">Vous recherchez un aliment complet et \u00e9quilibr\u00e9 pour votre cheval?\u00a0<\/span>Bleu-Roy Basic est un aliment d\u2019entretien pour les chevaux \u00e0 l\u2019activit\u00e9 mod\u00e9r\u00e9e, \u00e0 la retraite, au repos, \u2026 Il est id\u00e9al pour compl\u00e9menter les chevaux vivants au pr\u00e9 ou pour le loisir. Bleu-Roy Basic est \u00e9galement adapt\u00e9 en cas de convalescence, de revalidation ou encore pour des chevaux n\u00e9cessitant un apport \u00e9nerg\u00e9tique mod\u00e9r\u00e9 (jeunes chevaux, chevaux tr\u00e8s chauds\u2026).<br \/>\nDisponible en <a href=\"https:\/\/www.bleu-roy.com\/nl\/alimentation-comment-choisir\/\">granul\u00e9s ou en m\u00e9lange.<\/a><\/form>\n<form class=\"cart\" action=\"https:\/\/www.bleu-roy.be\/produit\/granules-active\/\" enctype=\"multipart\/form-data\" method=\"post\">\n<p data-start=\"42\" data-end=\"63\"><strong data-start=\"46\" data-end=\"61\">Points forts:<br \/>\n<\/strong>&#8211; Il est tr\u00e8s polyvalent et conviendra \u00e0 un grand panel de chevaux.<br \/>\n&#8211; Il ne contient pas d\u2019avoine et ne \u201cchauffe\u201d pas les chevaux.<\/p>\n<p class=\"p1\"><strong>Bleu-Roy Basic convient particuli\u00e8rement:<\/strong><br \/>\n&#8211; Au cheval de loisir peu sollicit\u00e9s ou \u00e0 la retraite.<br \/>\n&#8211; Au cheval vivant au pr\u00e9 et n\u00e9cessitant un aliment compl\u00e9mentaire \u00e9quilibr\u00e9.<br \/>\n&#8211; Au cheval en convalescence et \/ ou n\u00e9cessitant un apport \u00e9nerg\u00e9tique mod\u00e9r\u00e9<\/p>\n<p><strong>Infos &amp; commandes:<\/strong> info@bleu-roy.be &#8211; +32 494 15 44 06<\/p>\n<p>\ud83d\udca1 <em><strong>Astuce Bleu-Roy:<\/strong><\/em> Saviez-vous que beaucoup de chevaux ont besoin d&rsquo;\u00eatre compl\u00e9ment\u00e9s en <a href=\"https:\/\/www.bleu-roy.com\/nl\/vitamines-mineraux\/\">vitamines &amp; min\u00e9raux<\/a> afin de pr\u00e9venir les carences?<br \/>\nOn vous explique pourquoi \ud83d\udc49 <a href=\"https:\/\/www.bleu-roy.com\/nl\/cmv-pour-une-ration-equilibree-complement-mineralo-vitamine\/\">ici<\/a>.<br \/>\nPour cela, nous avons cr\u00e9\u00e9 le <a href=\"https:\/\/www.bleu-roy.com\/nl\/product\/b-balancer\/\">B-Balancer<\/a>, un CMV ultra-complet.<\/p>\n<\/form>","protected":false},"featured_media":14019,"comment_status":"open","ping_status":"closed","template":"","meta":[],"product_brand":[],"product_cat":[204],"product_tag":[187,188,206,205,203],"class_list":{"0":"post-14020","1":"product","2":"type-product","3":"status-publish","4":"has-post-thumbnail","6":"product_cat-activite-faible-a-moyenne","7":"product_tag-aliments","8":"product_tag-cereales","9":"product_tag-convalescence","10":"product_tag-loisir","11":"product_tag-polyvalent","13":"first","14":"instock","15":"taxable","16":"shipping-taxable","17":"product-type-external"},"_links":{"self":[{"href":"https:\/\/www.bleu-roy.com\/nl\/wp-json\/wp\/v2\/product\/14020","targetHints":{"allow":["GET"]}}],"collection":[{"href":"https:\/\/www.bleu-roy.com\/nl\/wp-json\/wp\/v2\/product"}],"about":[{"href":"https:\/\/www.bleu-roy.com\/nl\/wp-json\/wp\/v2\/types\/product"}],"replies":[{"embeddable":true,"href":"https:\/\/www.bleu-roy.com\/nl\/wp-json\/wp\/v2\/comments?post=14020"}],"wp:featuredmedia":[{"embeddable":true,"href":"https:\/\/www.bleu-roy.com\/nl\/wp-json\/wp\/v2\/media\/14019"}],"wp:attachment":[{"href":"https:\/\/www.bleu-roy.com\/nl\/wp-json\/wp\/v2\/media?parent=14020"}],"wp:term":[{"taxonomy":"product_brand","embeddable":true,"href":"https:\/\/www.bleu-roy.com\/nl\/wp-json\/wp\/v2\/product_brand?post=14020"},{"taxonomy":"product_cat","embeddable":true,"href":"https:\/\/www.bleu-roy.com\/nl\/wp-json\/wp\/v2\/product_cat?post=14020"},{"taxonomy":"product_tag","embeddable":true,"href":"https:\/\/www.bleu-roy.com\/nl\/wp-json\/wp\/v2\/product_tag?post=14020"}],"curies":[{"name":"wp","href":"https:\/\/api.w.org\/{rel}","templated":true}]}}