{"id":14018,"date":"2025-04-17T17:05:54","date_gmt":"2025-04-17T17:05:54","guid":{"rendered":"https:\/\/www.bleu-roy.com\/?post_type=product&#038;p=14018"},"modified":"2025-11-30T18:46:45","modified_gmt":"2025-11-30T18:46:45","slug":"active","status":"publish","type":"product","link":"https:\/\/www.bleu-roy.com\/nl\/product\/active\/","title":{"rendered":"Active"},"content":{"rendered":"","protected":false},"excerpt":{"rendered":"<p><em><strong>Disponible uniquement en Belgique.<\/strong><\/em><\/p>\n<form class=\"cart\" action=\"https:\/\/www.bleu-roy.be\/produit\/granules-active\/\" enctype=\"multipart\/form-data\" method=\"post\"><span class=\"s1\">Vous recherchez un aliment complet et \u00e9quilibr\u00e9 pour votre cheval?\u00a0<\/span>Bleu-Roy Active est un aliment relativement \u00e9nerg\u00e9tique pour les chevaux pratiquant une activit\u00e9 physique r\u00e9guli\u00e8re \u00e0 intense. Il conviendra aussi tr\u00e8s bien aux chevaux de sport. Il est l\u2019aliment le plus utilis\u00e9 par nos\u00a0<a href=\"https:\/\/www.bleu-roy.com\/nl\/nos-ambassadeurs\/\">ambassadeurs<\/a> pour leurs chevaux de haut niveau (qui ne pr\u00e9sentent pas de probl\u00e8mes sp\u00e9cifiques).<br \/>\nDisponible en <a href=\"https:\/\/www.bleu-roy.com\/nl\/blog-granules-melange\/\">granul\u00e9s ou en m\u00e9lange.<\/a><\/form>\n<p data-start=\"42\" data-end=\"63\"><strong data-start=\"46\" data-end=\"61\">Points forts:<br \/>\n<\/strong>&#8211; Il est tr\u00e8s polyvalent et conviendra \u00e0 un grand panel de chevaux.<br \/>\n&#8211; Il ne contient pas d\u2019avoine et ne \u201cchauffe\u201d pas les chevaux.<\/p>\n<p class=\"p1\"><strong>Bleu-Roy Active convient particuli\u00e8rement:<\/strong><br \/>\n&#8211; Au cheval de sport ou de loisir ayant une activit\u00e9 moyenne \u00e0 intense.<\/p>\n<p><strong>Infos &amp; commandes:<\/strong> info@bleu-roy.be &#8211; +32 494 15 44 06<\/p>\n<p>\ud83d\udca1 <em><strong>Astuce Bleu-Roy:<\/strong><\/em> Saviez-vous que beaucoup de chevaux ont besoin d&rsquo;\u00eatre compl\u00e9ment\u00e9s en <a href=\"https:\/\/www.bleu-roy.com\/nl\/vitamines-mineraux\/\">vitamines &amp; min\u00e9raux<\/a> afin de pr\u00e9venir les carences?<br \/>\nOn vous explique pourquoi \ud83d\udc49 <a href=\"https:\/\/www.bleu-roy.com\/nl\/cmv-pour-une-ration-equilibree-complement-mineralo-vitamine\/\">ici<\/a>.<br \/>\nPour cela, nous avons cr\u00e9\u00e9 le <a href=\"https:\/\/www.bleu-roy.com\/nl\/product\/b-balancer\/\">B-Balancer<\/a>, un CMV ultra-complet.<\/p>","protected":false},"featured_media":14019,"comment_status":"open","ping_status":"closed","template":"","meta":[],"product_brand":[],"product_cat":[198],"product_tag":[187,188,200,203,199],"class_list":{"0":"post-14018","1":"product","2":"type-product","3":"status-publish","4":"has-post-thumbnail","6":"product_cat-activite-moyenne-a-intense-aliments","7":"product_tag-aliments","8":"product_tag-cereales","9":"product_tag-energie","10":"product_tag-polyvalent","11":"product_tag-sport","13":"first","14":"instock","15":"taxable","16":"shipping-taxable","17":"product-type-external"},"_links":{"self":[{"href":"https:\/\/www.bleu-roy.com\/nl\/wp-json\/wp\/v2\/product\/14018","targetHints":{"allow":["GET"]}}],"collection":[{"href":"https:\/\/www.bleu-roy.com\/nl\/wp-json\/wp\/v2\/product"}],"about":[{"href":"https:\/\/www.bleu-roy.com\/nl\/wp-json\/wp\/v2\/types\/product"}],"replies":[{"embeddable":true,"href":"https:\/\/www.bleu-roy.com\/nl\/wp-json\/wp\/v2\/comments?post=14018"}],"wp:featuredmedia":[{"embeddable":true,"href":"https:\/\/www.bleu-roy.com\/nl\/wp-json\/wp\/v2\/media\/14019"}],"wp:attachment":[{"href":"https:\/\/www.bleu-roy.com\/nl\/wp-json\/wp\/v2\/media?parent=14018"}],"wp:term":[{"taxonomy":"product_brand","embeddable":true,"href":"https:\/\/www.bleu-roy.com\/nl\/wp-json\/wp\/v2\/product_brand?post=14018"},{"taxonomy":"product_cat","embeddable":true,"href":"https:\/\/www.bleu-roy.com\/nl\/wp-json\/wp\/v2\/product_cat?post=14018"},{"taxonomy":"product_tag","embeddable":true,"href":"https:\/\/www.bleu-roy.com\/nl\/wp-json\/wp\/v2\/product_tag?post=14018"}],"curies":[{"name":"wp","href":"https:\/\/api.w.org\/{rel}","templated":true}]}}