{"id":14016,"date":"2025-04-17T16:50:51","date_gmt":"2025-04-17T16:50:51","guid":{"rendered":"https:\/\/www.bleu-roy.com\/?post_type=product&#038;p=14016"},"modified":"2025-11-30T18:46:45","modified_gmt":"2025-11-30T18:46:45","slug":"melange-senior","status":"publish","type":"product","link":"https:\/\/www.bleu-roy.com\/nl\/product\/melange-senior\/","title":{"rendered":"Senior"},"content":{"rendered":"","protected":false},"excerpt":{"rendered":"<p><em><strong>Disponible uniquement en Belgique.<\/strong><\/em><\/p>\n<form class=\"cart\" action=\"https:\/\/www.bleu-roy.be\/produit\/perform\/\" enctype=\"multipart\/form-data\" method=\"post\"><span class=\"s1\">A partir de 18 ans, l\u2019organisme de nos chevaux change et leurs besoins \u00e9voluent.<\/span><span class=\"s2\">\u00a0Leur digestion devient lente et plus difficile. Les substances nutritives, l\u2019\u00e9nergie, les vitamines et les min\u00e9raux sont moins facilement assimil\u00e9s. Ils ont aussi parfois des difficult\u00e9s \u00e0 m\u00e2cher leur aliment. Tous ces changements entra\u00eenent fr\u00e9quemment une perte d\u2019\u00e9tat et de vitalit\u00e9. <\/span><span class=\"s2\">Pour accompagner au mieux votre cheval dans ces changements et le garder bien dans son corps et dans sa t\u00eate, Bleu-Roy \u00e0 d\u00e9velopp\u00e9 une formule haut-de-gamme sp\u00e9cialement \u00e9tudi\u00e9e pour les chevaux \u00e2g\u00e9s.\u00a0<\/span><\/form>\n<p data-start=\"42\" data-end=\"63\"><strong data-start=\"46\" data-end=\"61\">Points forts:<br \/>\n<\/strong>&#8211; Il est fortement dos\u00e9 <span class=\"s2\">en <a href=\"https:\/\/www.bleu-roy.com\/nl\/vitamines-mineraux\/\">vitamines et min\u00e9raux<\/a> de tr\u00e8s haute qualit\u00e9 et hyper assimilables (ch\u00e9lates).<\/span><br \/>\n&#8211; Il peut \u00eatre mouill\u00e9 pour les chevaux ayant de grosses difficult\u00e9s \u00e0 m\u00e2cher leur aliment.<br \/>\n<span class=\"s2\">&#8211; Il contient tout ce dont le cheval \u00e2g\u00e9 a besoin pour son \u00e9quilibre et son bien-\u00eatre<\/span><\/p>\n<p class=\"p1\"><strong>Bleu-Roy Senior convient particuli\u00e8rement:<\/strong><br \/>\n<span class=\"s2\">&#8211; Au cheval de 18 ans et plus.<br \/>\n<\/span><span class=\"s2\">&#8211; Au cheval qui assimile mal les <a href=\"https:\/\/www.bleu-roy.com\/nl\/vitamines-mineraux\/\">vitamines et les min\u00e9raux<\/a> et\/ou qui a du mal \u00e0 rester en \u00e9tat.<br \/>\n<\/span><span class=\"s2\">&#8211; Au cheval ayant des difficult\u00e9s \u00e0 m\u00e2cher les c\u00e9r\u00e9ales.<br \/>\n<\/span>&#8211; Au cheval retrait\u00e9 et\/ou au travail adapt\u00e9.<\/p>\n<p class=\"cart\"><strong>L\u2019astuce Bleu-Roy :<br \/>\n<\/strong>Soutenez votre <a href=\"https:\/\/www.bleu-roy.com\/nl\/cheval-age-2\/\">cheval \u00e2g\u00e9<\/a> au mieux gr\u00e2ce \u00e0\u00a0<a href=\"https:\/\/www.bleu-roy.com\/nl\/product\/l-senior\/\">L-Senior<\/a>: un sirop pour le confort g\u00e9n\u00e9ral du cheval \u00e2g\u00e9. Sa formule enrichie entre autre en MSM, glucosamine, curcuma, vitamine C et anti-oxydants apporte plus de confort et am\u00e9liore l\u2019immunit\u00e9 du cheval de plus de 16 ans encore au travail ou retrait\u00e9.<\/p>\n<p><strong>Infos &amp; commandes:<\/strong> info@bleu-roy.be &#8211; +32 494 15 44 06<\/p>\n<p>Consultez notre article <a href=\"https:\/\/www.bleu-roy.com\/nl\/cheval-age-2\/\"><em>\u00ab\u00a0Les besoins du cheval \u00e2g\u00e9\u00a0\u00bb<\/em><\/a> pour aller plus loin.<\/p>","protected":false},"featured_media":14017,"comment_status":"open","ping_status":"closed","template":"","meta":[],"product_brand":[],"product_cat":[202],"product_tag":[187,188,164,165],"class_list":{"0":"post-14016","1":"product","2":"type-product","3":"status-publish","4":"has-post-thumbnail","6":"product_cat-cheval-age-aliments","7":"product_tag-aliments","8":"product_tag-cereales","9":"product_tag-cheval-age","10":"product_tag-senior","12":"first","13":"instock","14":"taxable","15":"shipping-taxable","16":"product-type-external"},"_links":{"self":[{"href":"https:\/\/www.bleu-roy.com\/nl\/wp-json\/wp\/v2\/product\/14016","targetHints":{"allow":["GET"]}}],"collection":[{"href":"https:\/\/www.bleu-roy.com\/nl\/wp-json\/wp\/v2\/product"}],"about":[{"href":"https:\/\/www.bleu-roy.com\/nl\/wp-json\/wp\/v2\/types\/product"}],"replies":[{"embeddable":true,"href":"https:\/\/www.bleu-roy.com\/nl\/wp-json\/wp\/v2\/comments?post=14016"}],"wp:featuredmedia":[{"embeddable":true,"href":"https:\/\/www.bleu-roy.com\/nl\/wp-json\/wp\/v2\/media\/14017"}],"wp:attachment":[{"href":"https:\/\/www.bleu-roy.com\/nl\/wp-json\/wp\/v2\/media?parent=14016"}],"wp:term":[{"taxonomy":"product_brand","embeddable":true,"href":"https:\/\/www.bleu-roy.com\/nl\/wp-json\/wp\/v2\/product_brand?post=14016"},{"taxonomy":"product_cat","embeddable":true,"href":"https:\/\/www.bleu-roy.com\/nl\/wp-json\/wp\/v2\/product_cat?post=14016"},{"taxonomy":"product_tag","embeddable":true,"href":"https:\/\/www.bleu-roy.com\/nl\/wp-json\/wp\/v2\/product_tag?post=14016"}],"curies":[{"name":"wp","href":"https:\/\/api.w.org\/{rel}","templated":true}]}}