{"id":14014,"date":"2025-04-17T16:38:35","date_gmt":"2025-04-17T16:38:35","guid":{"rendered":"https:\/\/www.bleu-roy.com\/?post_type=product&#038;p=14014"},"modified":"2025-11-30T18:46:45","modified_gmt":"2025-11-30T18:46:45","slug":"perform","status":"publish","type":"product","link":"https:\/\/www.bleu-roy.com\/nl\/product\/perform\/","title":{"rendered":"Perform"},"content":{"rendered":"","protected":false},"excerpt":{"rendered":"<p><em><strong>Disponible uniquement en Belgique.<\/strong><\/em><\/p>\n<form class=\"cart\" action=\"https:\/\/www.bleu-roy.be\/produit\/perform\/\" enctype=\"multipart\/form-data\" method=\"post\"><span class=\"s1\">Vous recherchez un aliment tr\u00e8s \u00e9nerg\u00e9tique pour votre cheval de sport?\u00a0<\/span>Notre Perform permet de soutenir des efforts r\u00e9p\u00e9t\u00e9s \u00e0 l\u2019entrainement et en comp\u00e9tition. Gr\u00e2ce \u00e0 sa forte teneur en vitamines et min\u00e9raux de tr\u00e8s haute qualit\u00e9 (hyper assimilables), Bleu-Roy Perform contient tout ce dont le cheval athl\u00e8te a besoin pour sa performance et son bien-\u00eatre tout en limitant les risques d\u2019\u00e9puisement physique ou moral. Pour augmenter le confort digestif et l\u2019app\u00e9tence, il est \u00e9galement est enrichi en fibres.<\/form>\n<p data-start=\"42\" data-end=\"63\"><strong data-start=\"46\" data-end=\"61\">Points forts:<br \/>\n<\/strong>&#8211; Il contient des <a href=\"https:\/\/www.bleu-roy.com\/nl\/vitamines-mineraux\/\">vitamines et des min\u00e9raux<\/a> de haute qualit\u00e9 et hyper assimilables (ch\u00e9lates).<br \/>\n&#8211; Il est tr\u00e8s \u00e9nerg\u00e9tique sans \u201cchauffer\u201d les chevaux.<br \/>\n&#8211; Il participe \u00e0 une digestion optimale gr\u00e2ce aux fibres.<\/p>\n<p class=\"p1\"><strong>Bleu-Roy Perform convient particuli\u00e8rement:<\/strong><br \/>\n&#8211; <span class=\"s1\">Au cheval \u00e0 l\u2019activit\u00e9 intense.<br \/>\n<\/span><span class=\"s1\">&#8211; Au cheval ayant besoin d\u2019\u00e9nergie mais \u00e0 qui l\u2019avoine ne convient pas.<br \/>\n<\/span><span class=\"s1\">&#8211; Au cheval qui assimile mal les vitamines et les min\u00e9raux et\/ou qui a du mal \u00e0 rester en \u00e9tat avec un aliment classique.<\/span><\/p>\n<p class=\"cart\"><strong>L\u2019astuce Bleu-Roy :<br \/>\n<\/strong>Optimisez la r\u00e9cup\u00e9ration de vos chevaux de sport gr\u00e2ce \u00e0 des\u00a0<a href=\"https:\/\/www.bleu-roy.com\/nl\/muscles-recuperation\/\">compl\u00e9ments alimentaires sp\u00e9cifiques<\/a>. On vous explique tout dans notre article\u00a0<a href=\"https:\/\/www.bleu-roy.com\/nl\/recuperation-aider-votre-cheval\/\">\u201cPerformance &amp; r\u00e9cup\u00e9ration\u201d.<\/a><\/p>\n<p><strong>Infos &amp; commandes:<\/strong> info@bleu-roy.be &#8211; +32 494 15 44 06<\/p>","protected":false},"featured_media":14015,"comment_status":"open","ping_status":"closed","template":"","meta":[],"product_brand":[],"product_cat":[198,185],"product_tag":[187,188,200,201,199],"class_list":{"0":"post-14014","1":"product","2":"type-product","3":"status-publish","4":"has-post-thumbnail","6":"product_cat-activite-moyenne-a-intense-aliments","7":"product_cat-aliments","8":"product_tag-aliments","9":"product_tag-cereales","10":"product_tag-energie","11":"product_tag-fibres","12":"product_tag-sport","14":"first","15":"instock","16":"taxable","17":"shipping-taxable","18":"product-type-external"},"_links":{"self":[{"href":"https:\/\/www.bleu-roy.com\/nl\/wp-json\/wp\/v2\/product\/14014","targetHints":{"allow":["GET"]}}],"collection":[{"href":"https:\/\/www.bleu-roy.com\/nl\/wp-json\/wp\/v2\/product"}],"about":[{"href":"https:\/\/www.bleu-roy.com\/nl\/wp-json\/wp\/v2\/types\/product"}],"replies":[{"embeddable":true,"href":"https:\/\/www.bleu-roy.com\/nl\/wp-json\/wp\/v2\/comments?post=14014"}],"wp:featuredmedia":[{"embeddable":true,"href":"https:\/\/www.bleu-roy.com\/nl\/wp-json\/wp\/v2\/media\/14015"}],"wp:attachment":[{"href":"https:\/\/www.bleu-roy.com\/nl\/wp-json\/wp\/v2\/media?parent=14014"}],"wp:term":[{"taxonomy":"product_brand","embeddable":true,"href":"https:\/\/www.bleu-roy.com\/nl\/wp-json\/wp\/v2\/product_brand?post=14014"},{"taxonomy":"product_cat","embeddable":true,"href":"https:\/\/www.bleu-roy.com\/nl\/wp-json\/wp\/v2\/product_cat?post=14014"},{"taxonomy":"product_tag","embeddable":true,"href":"https:\/\/www.bleu-roy.com\/nl\/wp-json\/wp\/v2\/product_tag?post=14014"}],"curies":[{"name":"wp","href":"https:\/\/api.w.org\/{rel}","templated":true}]}}