{"id":14012,"date":"2025-04-17T16:26:25","date_gmt":"2025-04-17T16:26:25","guid":{"rendered":"https:\/\/www.bleu-roy.com\/?post_type=product&#038;p=14012"},"modified":"2025-11-30T18:46:45","modified_gmt":"2025-11-30T18:46:45","slug":"breed","status":"publish","type":"product","link":"https:\/\/www.bleu-roy.com\/nl\/product\/breed\/","title":{"rendered":"Breed"},"content":{"rendered":"","protected":false},"excerpt":{"rendered":"<p><em><strong>Disponible uniquement en Belgique.<\/strong><\/em><\/p>\n<p class=\"cart\"><span class=\"s1\">Vous recherchez un aliment pratique et innovant pour vos chevaux d\u2019\u00e9levage?\u00a0<\/span>Bleu-Roy Breed rend l\u2019alimentation de vos poulains et de vos poulini\u00e8res plus simple: un seul aliment pour tout le monde. Enrichie de vitamines et min\u00e9raux sp\u00e9cialement s\u00e9lectionn\u00e9s pour les chevaux d\u2019\u00e9levage, sa composition unique leur apportera tout ce dont ils ont besoin<\/p>\n<p data-start=\"42\" data-end=\"63\"><strong data-start=\"46\" data-end=\"61\">Points forts:<br \/>\n<\/strong>&#8211; Il contient des vitamines et des min\u00e9raux de haute qualit\u00e9 et hyper assimilables (ch\u00e9lates).<br \/>\n&#8211; Il d<span class=\"s1\">iminue les risques d\u2019OCD (pour une c<\/span><span class=\"s1\">roissance\u00a0<\/span><span class=\"s1\">harmonieuse\u00a0<\/span><span class=\"s1\">des poulains).<br \/>\n<\/span>&#8211; Il optimise la production et la qualit\u00e9 du lait.<\/p>\n<p class=\"p1\"><strong>Bleu-Roy Breed convient particuli\u00e8rement:<\/strong><br \/>\n&#8211; A la poulini\u00e8re en gestation.<br \/>\n&#8211; A la poulini\u00e8re en lactation.<br \/>\n&#8211; Au poulain en croissance.<\/p>\n<p><strong>Infos &amp; commandes:<\/strong> info@bleu-roy.be &#8211; +32 494 15 44 06<\/p>\n<p>\ud83d\udca1 <em><strong>Astuce Bleu-Roy:<\/strong><\/em> Saviez-vous que beaucoup de chevaux ont besoin d&rsquo;\u00eatre compl\u00e9ment\u00e9s en <a href=\"https:\/\/www.bleu-roy.com\/nl\/vitamines-mineraux\/\">vitamines &amp; min\u00e9raux<\/a> afin de pr\u00e9venir les carences?<br \/>\nOn vous explique pourquoi \ud83d\udc49 <a href=\"https:\/\/www.bleu-roy.com\/nl\/cmv-pour-une-ration-equilibree-complement-mineralo-vitamine\/\">ici<\/a>.<br \/>\nPour cela, nous avons cr\u00e9\u00e9 le <a href=\"https:\/\/www.bleu-roy.com\/nl\/product\/b-balancer\/\">B-Balancer<\/a>, un CMV ultra-complet.<\/p>","protected":false},"featured_media":14013,"comment_status":"open","ping_status":"closed","template":"","meta":[],"product_brand":[],"product_cat":[185,191],"product_tag":[187,188,192,193,194],"class_list":{"0":"post-14012","1":"product","2":"type-product","3":"status-publish","4":"has-post-thumbnail","6":"product_cat-aliments","7":"product_cat-elevage","8":"product_tag-aliments","9":"product_tag-cereales","10":"product_tag-elevage","11":"product_tag-poulains","12":"product_tag-poulinieres","14":"first","15":"instock","16":"taxable","17":"shipping-taxable","18":"product-type-external"},"_links":{"self":[{"href":"https:\/\/www.bleu-roy.com\/nl\/wp-json\/wp\/v2\/product\/14012","targetHints":{"allow":["GET"]}}],"collection":[{"href":"https:\/\/www.bleu-roy.com\/nl\/wp-json\/wp\/v2\/product"}],"about":[{"href":"https:\/\/www.bleu-roy.com\/nl\/wp-json\/wp\/v2\/types\/product"}],"replies":[{"embeddable":true,"href":"https:\/\/www.bleu-roy.com\/nl\/wp-json\/wp\/v2\/comments?post=14012"}],"wp:featuredmedia":[{"embeddable":true,"href":"https:\/\/www.bleu-roy.com\/nl\/wp-json\/wp\/v2\/media\/14013"}],"wp:attachment":[{"href":"https:\/\/www.bleu-roy.com\/nl\/wp-json\/wp\/v2\/media?parent=14012"}],"wp:term":[{"taxonomy":"product_brand","embeddable":true,"href":"https:\/\/www.bleu-roy.com\/nl\/wp-json\/wp\/v2\/product_brand?post=14012"},{"taxonomy":"product_cat","embeddable":true,"href":"https:\/\/www.bleu-roy.com\/nl\/wp-json\/wp\/v2\/product_cat?post=14012"},{"taxonomy":"product_tag","embeddable":true,"href":"https:\/\/www.bleu-roy.com\/nl\/wp-json\/wp\/v2\/product_tag?post=14012"}],"curies":[{"name":"wp","href":"https:\/\/api.w.org\/{rel}","templated":true}]}}