{"id":14010,"date":"2025-04-17T16:18:04","date_gmt":"2025-04-17T16:18:04","guid":{"rendered":"https:\/\/www.bleu-roy.com\/?post_type=product&#038;p=14010"},"modified":"2025-11-30T18:46:45","modified_gmt":"2025-11-30T18:46:45","slug":"no-stress","status":"publish","type":"product","link":"https:\/\/www.bleu-roy.com\/nl\/product\/no-stress\/","title":{"rendered":"No Stress"},"content":{"rendered":"","protected":false},"excerpt":{"rendered":"<p><em><strong>Disponible uniquement en Belgique.<\/strong><\/em><\/p>\n<p class=\"cart\">Votre cheval est stress\u00e9, nerveux au quotidien ? Notre No Stress est la solution pour les chevaux chauds et anxieux, qui ont des difficult\u00e9s \u00e0 se concentrer ou d\u00e9licats dans le travail. Sa formule sp\u00e9cialement \u00e9labor\u00e9e pour ce profil de chevaux contient \u00e9galement un m\u00e9lange de vitamines et de min\u00e9raux sp\u00e9cifiques de haute qualit\u00e9 pour un cheval bien dans sa peau!<\/p>\n<p data-start=\"42\" data-end=\"63\"><strong data-start=\"46\" data-end=\"61\">Points forts:<br \/>\n<\/strong>&#8211; Il ne chauffe pas les chevaux tout en leur apportant, si besoin, l\u2019\u00e9nergie n\u00e9c\u00e9ssaire au travail et\/ou au sport.<br \/>\n&#8211; Il contient des vitamines et des min\u00e9raux de haute qualit\u00e9 hyper assimilables par l\u2019organisme des chevaux (ch\u00e9lates).<\/p>\n<p class=\"p1\"><strong>Bleu-Roy No Stress convient particuli\u00e8rement:<\/strong><br \/>\n&#8211; Au cheval stress\u00e9\/nerveux au quotidien.<br \/>\n&#8211; Au cheval ayant des difficult\u00e9s de concentration dans le travail.<br \/>\n&#8211; Au cheval en convalescence difficile \u00e0 g\u00e9rer.<\/p>\n<p class=\"p1\"><strong>L&rsquo;astuce Bleu-Roy?<\/strong><br \/>\nSaviez-vous qu\u2019il existe des\u00a0<a href=\"https:\/\/www.bleu-roy.be\/concentration\/\">compl\u00e9ments alimentaires sp\u00e9cifiques<\/a>\u00a0destin\u00e9s \u00e0 apaiser les chevaux stress\u00e9s au quotidien ou en concours? Nous vous conseillons dans notre article\u00a0<a href=\"https:\/\/www.bleu-roy.com\/nl\/cheval-stress\/\">\u201cMon cheval est un grand stress\u00e9\u201d<\/a>.<\/p>\n<p><strong>Infos &amp; commandes:<\/strong> info@bleu-roy.be &#8211; +32 494 15 44 06<\/p>","protected":false},"featured_media":14011,"comment_status":"open","ping_status":"closed","template":"","meta":[],"product_brand":[],"product_cat":[185,190],"product_tag":[187,196,188,195,112,114],"class_list":{"0":"post-14010","1":"product","2":"type-product","3":"status-publish","4":"has-post-thumbnail","6":"product_cat-aliments","7":"product_cat-cheval-stresse","8":"product_tag-aliments","9":"product_tag-axiete","10":"product_tag-cereales","11":"product_tag-cheval-stresse","12":"product_tag-concentration","13":"product_tag-stress","15":"first","16":"instock","17":"taxable","18":"shipping-taxable","19":"product-type-external"},"_links":{"self":[{"href":"https:\/\/www.bleu-roy.com\/nl\/wp-json\/wp\/v2\/product\/14010","targetHints":{"allow":["GET"]}}],"collection":[{"href":"https:\/\/www.bleu-roy.com\/nl\/wp-json\/wp\/v2\/product"}],"about":[{"href":"https:\/\/www.bleu-roy.com\/nl\/wp-json\/wp\/v2\/types\/product"}],"replies":[{"embeddable":true,"href":"https:\/\/www.bleu-roy.com\/nl\/wp-json\/wp\/v2\/comments?post=14010"}],"wp:featuredmedia":[{"embeddable":true,"href":"https:\/\/www.bleu-roy.com\/nl\/wp-json\/wp\/v2\/media\/14011"}],"wp:attachment":[{"href":"https:\/\/www.bleu-roy.com\/nl\/wp-json\/wp\/v2\/media?parent=14010"}],"wp:term":[{"taxonomy":"product_brand","embeddable":true,"href":"https:\/\/www.bleu-roy.com\/nl\/wp-json\/wp\/v2\/product_brand?post=14010"},{"taxonomy":"product_cat","embeddable":true,"href":"https:\/\/www.bleu-roy.com\/nl\/wp-json\/wp\/v2\/product_cat?post=14010"},{"taxonomy":"product_tag","embeddable":true,"href":"https:\/\/www.bleu-roy.com\/nl\/wp-json\/wp\/v2\/product_tag?post=14010"}],"curies":[{"name":"wp","href":"https:\/\/api.w.org\/{rel}","templated":true}]}}