{"id":13979,"date":"2025-04-17T13:45:52","date_gmt":"2025-04-17T13:45:52","guid":{"rendered":"https:\/\/www.bleu-roy.com\/?post_type=product&#038;p=13979"},"modified":"2025-11-30T18:46:45","modified_gmt":"2025-11-30T18:46:45","slug":"sarco-rescue","status":"publish","type":"product","link":"https:\/\/www.bleu-roy.com\/nl\/product\/sarco-rescue\/","title":{"rendered":"Sarco Rescue"},"content":{"rendered":"","protected":false},"excerpt":{"rendered":"<p class=\"p1\">Lotion <strong>sarco\u00efdes &amp; verrues<\/strong> aux extraits de plantes.<\/p>\n<p>&#8211; Elimine &amp; assainit<br \/>\n&#8211; Stimule le syst\u00e8me immunitaire local<br \/>\n&#8211; Favorise la r\u00e9g\u00e9n\u00e9ration cutan\u00e9e et la cicatrisation<\/p>\n<p data-start=\"42\" data-end=\"63\"><strong data-start=\"46\" data-end=\"61\">Utilisation<br \/>\n<\/strong>Appliquer la lotion directement sur les zones concern\u00e9es \u00e0 l\u2019aide du pinceau, une \u00e0 deux fois par jour.<br data-start=\"169\" data-end=\"172\" \/>Prolongez l\u2019utilisation aussi longtemps que n\u00e9cessaire.<\/p>\n<p class=\"p1\"><strong>Pr\u00e9cautions d&#8217;emploi:<\/strong><br \/>\n<b>&#8211; <\/b>Produit destin\u00e9 \u00e0 un usage externe uniquement.<br \/>\n&#8211; Tenir hors de port\u00e9e des enfants.<br \/>\n&#8211; Faire un test pr\u00e9alable sur une petite zone afin de v\u00e9rifier la tol\u00e9rance cutan\u00e9e.<br \/>\n&#8211; Ne pas utiliser sur une plaie ouverte.<br \/>\n&#8211; \u00c9viter tout contact avec votre peau, les yeux et les muqueuses.<\/p>\n<p class=\"p1\"><strong>Le plus?<\/strong><br \/>\nSon pinceau int\u00e9gr\u00e9 pour une application facile.<\/p>","protected":false},"featured_media":13980,"comment_status":"open","ping_status":"closed","template":"","meta":[],"product_brand":[],"product_cat":[66],"product_tag":[107,106,83,105],"class_list":{"0":"post-13979","1":"product","2":"type-product","3":"status-publish","4":"has-post-thumbnail","6":"product_cat-peau-crins","7":"product_tag-hygiene","8":"product_tag-naseaux","9":"product_tag-soins","10":"product_tag-yeux","12":"first","13":"instock","14":"taxable","15":"shipping-taxable","16":"purchasable","17":"product-type-simple"},"_links":{"self":[{"href":"https:\/\/www.bleu-roy.com\/nl\/wp-json\/wp\/v2\/product\/13979","targetHints":{"allow":["GET"]}}],"collection":[{"href":"https:\/\/www.bleu-roy.com\/nl\/wp-json\/wp\/v2\/product"}],"about":[{"href":"https:\/\/www.bleu-roy.com\/nl\/wp-json\/wp\/v2\/types\/product"}],"replies":[{"embeddable":true,"href":"https:\/\/www.bleu-roy.com\/nl\/wp-json\/wp\/v2\/comments?post=13979"}],"wp:featuredmedia":[{"embeddable":true,"href":"https:\/\/www.bleu-roy.com\/nl\/wp-json\/wp\/v2\/media\/13980"}],"wp:attachment":[{"href":"https:\/\/www.bleu-roy.com\/nl\/wp-json\/wp\/v2\/media?parent=13979"}],"wp:term":[{"taxonomy":"product_brand","embeddable":true,"href":"https:\/\/www.bleu-roy.com\/nl\/wp-json\/wp\/v2\/product_brand?post=13979"},{"taxonomy":"product_cat","embeddable":true,"href":"https:\/\/www.bleu-roy.com\/nl\/wp-json\/wp\/v2\/product_cat?post=13979"},{"taxonomy":"product_tag","embeddable":true,"href":"https:\/\/www.bleu-roy.com\/nl\/wp-json\/wp\/v2\/product_tag?post=13979"}],"curies":[{"name":"wp","href":"https:\/\/api.w.org\/{rel}","templated":true}]}}