{"id":13976,"date":"2025-04-17T13:32:54","date_gmt":"2025-04-17T13:32:54","guid":{"rendered":"https:\/\/www.bleu-roy.com\/?post_type=product&#038;p=13976"},"modified":"2025-11-30T18:46:45","modified_gmt":"2025-11-30T18:46:45","slug":"l-fourbaflex","status":"publish","type":"product","link":"https:\/\/www.bleu-roy.com\/nl\/product\/l-fourbaflex\/","title":{"rendered":"L-Fourbaflex"},"content":{"rendered":"","protected":false},"excerpt":{"rendered":"<div class=\"woocommerce-product-details__short-description\">\n<div class=\"text-gray-6 pix-mt-20\">\n<form class=\"cart\" action=\"https:\/\/www.bleu-roy.be\/produit\/b-respi\/\" enctype=\"multipart\/form-data\" method=\"post\">\n<div class=\"woocommerce-product-details__short-description\">\n<div class=\"text-gray-6 pix-mt-20\">\n<div class=\"text-gray-6 pix-mt-20\">\n<div class=\"text-gray-6 pix-mt-20\">\n<div class=\"text-gray-6 pix-mt-20\">\n<div class=\"text-gray-6 pix-mt-20\">\n<div class=\"text-gray-6 pix-mt-20\">\n<div class=\"text-gray-6 pix-mt-20\">\n<p class=\"p1\"><span class=\"s1\">L-Fourbaflex<\/span>\u00a0<span class=\"s4\">soutient l\u2019organisme et apporte du<\/span><span class=\"s5\">\u00a0confort au <a href=\"https:\/\/www.bleu-roy.com\/nl\/la-fourbure-ce-mal-si-repandu-et-pourtant-si-mal-compris\/\"><strong>cheval fourbu<\/strong><\/a><\/span><span class=\"s4\">. <\/span><span class=\"s4\">A base de <strong>4 extraits de plantes<\/strong> (Chardon Marie, Cassis, Saule Blanc, Boswellia) de vitamines et de min\u00e9raux.<\/span><\/p>\n<p><strong>Particuli\u00e8rement recommand\u00e9 pour:<br \/>\n<\/strong>&#8211; Le cheval en crise de fourbure.<br \/>\n&#8211; Le cheval qui a fourbu, en pr\u00e9vention.<\/p>\n<\/div>\n<p><strong>Les plus:<\/strong><br \/>\n<span class=\"s2\">&#8211; Soutient la circulation sanguine et le confort des pieds.<br \/>\n&#8211; Contribue \u00e0 un\u00a0m\u00e9tabolisme glucidique\u00a0\u00e9quilibr\u00e9.<br \/>\n&#8211; Soutient la\u00a0fonction h\u00e9patique\u00a0et l\u2019\u00e9limination\u00a0naturelle.<br \/>\n&#8211; Soutient les\u00a0d\u00e9fenses naturelles.<br \/>\n<\/span>&#8211; Favorise une bonne r\u00e9g\u00e9n\u00e9ration des tissus et une croissance saine de la corne.<\/p>\n<p>\ud83d\udca1 Envie d&rsquo;en savoir plus sur la <a href=\"https:\/\/www.bleu-roy.com\/nl\/la-fourbure-ce-mal-si-repandu-et-pourtant-si-mal-compris\/\">fourbure<\/a>? Consultez notre article technique juste \ud83d\udc49 <a href=\"https:\/\/www.bleu-roy.com\/nl\/la-fourbure-ce-mal-si-repandu-et-pourtant-si-mal-compris\/\">ici<\/a><\/p>\n<\/div>\n<\/div>\n<\/div>\n<\/div>\n<\/div>\n<\/div>\n<\/div>\n<\/form>\n<\/div>\n<\/div>","protected":false},"featured_media":13977,"comment_status":"open","ping_status":"closed","template":"","meta":[],"product_brand":[],"product_cat":[111],"product_tag":[184,183,81,182],"class_list":{"0":"post-13976","1":"product","2":"type-product","3":"status-publish","4":"has-post-thumbnail","6":"product_cat-sabots-robe","7":"product_tag-corne","8":"product_tag-fourbure","9":"product_tag-pieds","10":"product_tag-sabot","12":"first","13":"instock","14":"taxable","15":"shipping-taxable","16":"purchasable","17":"product-type-simple"},"_links":{"self":[{"href":"https:\/\/www.bleu-roy.com\/nl\/wp-json\/wp\/v2\/product\/13976","targetHints":{"allow":["GET"]}}],"collection":[{"href":"https:\/\/www.bleu-roy.com\/nl\/wp-json\/wp\/v2\/product"}],"about":[{"href":"https:\/\/www.bleu-roy.com\/nl\/wp-json\/wp\/v2\/types\/product"}],"replies":[{"embeddable":true,"href":"https:\/\/www.bleu-roy.com\/nl\/wp-json\/wp\/v2\/comments?post=13976"}],"wp:featuredmedia":[{"embeddable":true,"href":"https:\/\/www.bleu-roy.com\/nl\/wp-json\/wp\/v2\/media\/13977"}],"wp:attachment":[{"href":"https:\/\/www.bleu-roy.com\/nl\/wp-json\/wp\/v2\/media?parent=13976"}],"wp:term":[{"taxonomy":"product_brand","embeddable":true,"href":"https:\/\/www.bleu-roy.com\/nl\/wp-json\/wp\/v2\/product_brand?post=13976"},{"taxonomy":"product_cat","embeddable":true,"href":"https:\/\/www.bleu-roy.com\/nl\/wp-json\/wp\/v2\/product_cat?post=13976"},{"taxonomy":"product_tag","embeddable":true,"href":"https:\/\/www.bleu-roy.com\/nl\/wp-json\/wp\/v2\/product_tag?post=13976"}],"curies":[{"name":"wp","href":"https:\/\/api.w.org\/{rel}","templated":true}]}}