{"id":13621,"date":"2025-01-21T17:41:48","date_gmt":"2025-01-21T17:41:48","guid":{"rendered":"https:\/\/bleuroy2.nelty.dev\/?post_type=product&#038;p=13621"},"modified":"2025-11-30T18:46:45","modified_gmt":"2025-11-30T18:46:45","slug":"b-electro-compact","status":"publish","type":"product","link":"https:\/\/www.bleu-roy.com\/nl\/product\/b-electro-compact\/","title":{"rendered":"B-Electro Compact"},"content":{"rendered":"","protected":false},"excerpt":{"rendered":"<div class=\"woocommerce-product-details__short-description\">\n<div class=\"text-gray-6 pix-mt-20\">\n<form class=\"cart\" action=\"https:\/\/www.bleu-roy.be\/produit\/b-respi\/\" enctype=\"multipart\/form-data\" method=\"post\">\n<div class=\"woocommerce-product-details__short-description\">\n<div class=\"text-gray-6 pix-mt-20\">\n<div class=\"text-gray-6 pix-mt-20\">\n<div class=\"text-gray-6 pix-mt-20\">\n<div class=\"text-gray-6 pix-mt-20\">\n<div class=\"text-gray-6 pix-mt-20\">\n<div class=\"text-gray-6 pix-mt-20\">\n<p>Suppl\u00e9ment <strong>r\u00e9hydratant<\/strong> sous forme d&rsquo;applicateur oral. Lorsque le cheval fait un <strong>effort important<\/strong> ou lorsqu\u2019il est soumis \u00e0 des <strong>conditions climatiques extr\u00eames<\/strong>, il peut transpirer \u00e9norm\u00e9ment. Cette sudation entra\u00eene des pertes d\u2019eau pouvant aller jusqu\u2019\u00e0 15 litres par heure! La sueur contient \u00e9galement des <strong>\u00e9lectrolytes<\/strong> (min\u00e9raux) en quantit\u00e9 importante. B-Electro Compact permet de <strong>r\u00e9\u00e9quilibrer ces pertes en eau et en min\u00e9raux<\/strong> et de <strong>r\u00e9hydrater<\/strong> l\u2019organisme.<\/p>\n<div class=\"page\" title=\"Page 1\">\n<div class=\"section\">\n<div class=\"layoutArea\">\n<div class=\"column\">\n<div class=\"page\" title=\"Page 1\">\n<div class=\"section\">\n<div class=\"layoutArea\">\n<div class=\"column\">\n<p><strong>Particuli\u00e8rement recommand\u00e9 pour:<\/strong><br \/>\n&#8211; R\u00e9hydrater l&rsquo;organisme du cheval apr\u00e8s un effort intense.<br \/>\n&#8211; Reconstituer les r\u00e9serves en sels min\u00e9raux en cas d\u2019effort intense et de forte sudation.<br \/>\n&#8211; En p\u00e9riode de canicule.<\/p>\n<p><strong>Les plus:<\/strong><br \/>\n&#8211; Id\u00e9al pour les chevaux qui prennent mal les <a href=\"https:\/\/www.bleu-roy.com\/nl\/product\/b-electrolytes\/\">\u00e9lectrolytes<\/a> en poudre ou lorsque le temps est compt\u00e9 (comp\u00e9titions,\u2026).<br \/>\n&#8211; Facile et rapide \u00e0 administrer.<\/p>\n<p><strong>Veillez \u00e0 ce que le cheval ait de l&rsquo;eau \u00e0 volont\u00e9 \u00e0 disposition apr\u00e8s administration.<\/strong><\/p>\n<p><strong>Mode d&#8217;emploi:<\/strong><br \/>\nPour le cheval, 1 dose compl\u00e8te apr\u00e8s l&rsquo;effort et\/ou de retour au box ou au pr\u00e9 (avec eau \u00e0 disposition).<br \/>\nPour le poney, 1\/2 dose apr\u00e8s l&rsquo;effort et\/ou de retour au box ou au pr\u00e9 (avec eau \u00e0 disposition).<\/p>\n<\/div>\n<\/div>\n<\/div>\n<\/div>\n<\/div>\n<\/div>\n<\/div>\n<\/div>\n<\/div>\n<\/div>\n<\/div>\n<\/div>\n<\/div>\n<\/div>\n<\/div>\n<\/form>\n<\/div>\n<\/div>","protected":false},"featured_media":13511,"comment_status":"open","ping_status":"closed","template":"","meta":[],"product_brand":[],"product_cat":[70],"product_tag":[122,103,152],"class_list":{"0":"post-13621","1":"product","2":"type-product","3":"status-publish","4":"has-post-thumbnail","6":"product_cat-muscles-recuperation","7":"product_tag-competition","8":"product_tag-recuperation","9":"product_tag-rehydratation","11":"first","12":"instock","13":"taxable","14":"shipping-taxable","15":"purchasable","16":"product-type-simple"},"_links":{"self":[{"href":"https:\/\/www.bleu-roy.com\/nl\/wp-json\/wp\/v2\/product\/13621","targetHints":{"allow":["GET"]}}],"collection":[{"href":"https:\/\/www.bleu-roy.com\/nl\/wp-json\/wp\/v2\/product"}],"about":[{"href":"https:\/\/www.bleu-roy.com\/nl\/wp-json\/wp\/v2\/types\/product"}],"replies":[{"embeddable":true,"href":"https:\/\/www.bleu-roy.com\/nl\/wp-json\/wp\/v2\/comments?post=13621"}],"wp:featuredmedia":[{"embeddable":true,"href":"https:\/\/www.bleu-roy.com\/nl\/wp-json\/wp\/v2\/media\/13511"}],"wp:attachment":[{"href":"https:\/\/www.bleu-roy.com\/nl\/wp-json\/wp\/v2\/media?parent=13621"}],"wp:term":[{"taxonomy":"product_brand","embeddable":true,"href":"https:\/\/www.bleu-roy.com\/nl\/wp-json\/wp\/v2\/product_brand?post=13621"},{"taxonomy":"product_cat","embeddable":true,"href":"https:\/\/www.bleu-roy.com\/nl\/wp-json\/wp\/v2\/product_cat?post=13621"},{"taxonomy":"product_tag","embeddable":true,"href":"https:\/\/www.bleu-roy.com\/nl\/wp-json\/wp\/v2\/product_tag?post=13621"}],"curies":[{"name":"wp","href":"https:\/\/api.w.org\/{rel}","templated":true}]}}