{"id":13618,"date":"2025-01-21T17:12:29","date_gmt":"2025-01-21T17:12:29","guid":{"rendered":"https:\/\/bleuroy2.nelty.dev\/?post_type=product&#038;p=13618"},"modified":"2026-02-02T13:11:40","modified_gmt":"2026-02-02T13:11:40","slug":"b-calm","status":"publish","type":"product","link":"https:\/\/www.bleu-roy.com\/nl\/product\/b-calm\/","title":{"rendered":"B-Calm"},"content":{"rendered":"","protected":false},"excerpt":{"rendered":"<div class=\"woocommerce-product-details__short-description\">\n<div class=\"text-gray-6 pix-mt-20\">\n<form class=\"cart\" action=\"https:\/\/www.bleu-roy.be\/produit\/b-respi\/\" enctype=\"multipart\/form-data\" method=\"post\">\n<div class=\"woocommerce-product-details__short-description\">\n<div class=\"text-gray-6 pix-mt-20\">\n<div class=\"text-gray-6 pix-mt-20\">\n<div class=\"text-gray-6 pix-mt-20\">\n<div class=\"text-gray-6 pix-mt-20\">\n<div class=\"text-gray-6 pix-mt-20\">\n<div class=\"text-gray-6 pix-mt-20\">\n<p>Seringues <strong>anti-stress<\/strong>. Votre alli\u00e9 pour limiter l\u2019anxi\u00e9t\u00e9 et rassurer le cheval lors d\u2019une <strong>comp\u00e9tition<\/strong> ou d\u2019un <strong>\u00e9v\u00e8nement particuli\u00e8rement stressant<\/strong> sans pour autant diminuer son attention ou nuire \u00e0 ses performances.<\/p>\n<div class=\"page\" title=\"Page 1\">\n<div class=\"section\">\n<div class=\"layoutArea\">\n<div class=\"column\">\n<div class=\"page\" title=\"Page 1\">\n<div class=\"section\">\n<div class=\"layoutArea\">\n<div class=\"column\">\n<p><strong>Particuli\u00e8rement recommand\u00e9 pour:<\/strong><br \/>\n&#8211; Diminuer le stress et la nervosit\u00e9 excessive lors d&rsquo;un \u00e9v\u00e8nement stressant, d&rsquo;un entra\u00eenement ou d&rsquo;une comp\u00e9tition.<br \/>\n&#8211; Am\u00e9liorer la concentration et la disponibilit\u00e9 du cheval.<\/p>\n<p><strong>Les plus:<\/strong><br \/>\n&#8211; Diminue les probl\u00e8mes li\u00e9s au cheval impressionn\u00e9 par son environnement ou qui \u201cregarde\u201d.<br \/>\n&#8211; Le cheval garde toute son \u00e9nergie.<br \/>\n&#8211; Facile et rapide \u00e0 administrer.<\/p>\n<p><strong>\ud83d\udca1 <em>L&rsquo;astuce Bleu-Roy:<\/em><\/strong><br \/>\nPour les chevaux particuli\u00e8rement anxieux, B-Calm peut \u00eatre associer \u00e0 notre <strong><a href=\"https:\/\/www.bleu-roy.com\/nl\/product\/b-relax\/\">B-Relax<\/a> <\/strong>ou notre<strong> <a href=\"https:\/\/www.bleu-roy.com\/nl\/product\/l-focus\/\">L-Focus<\/a>.<br \/>\n<\/strong>D\u00e9couvrez \u00e9galement notre <a href=\"https:\/\/www.bleu-roy.com\/nl\/cheval-stresse\/\">aliment sp\u00e9cifique<\/a> pour les <a href=\"https:\/\/www.bleu-roy.com\/nl\/cheval-stress\/\">chevaux stress\u00e9s<\/a>: <a href=\"https:\/\/www.bleu-roy.com\/nl\/product\/no-stress\/\">Bleu-Roy No Stress<\/a><\/p>\n<p><strong>Mode d&#8217;emploi:<\/strong><br \/>\nPour le cheval, 1 dose compl\u00e8te 1 heure avant l&rsquo;\u00e9v\u00e8nement stressant.<br \/>\nPour le poney, 1\/2 dose\u00a01 heure avant l&rsquo;\u00e9v\u00e8nement stressant.<\/p>\n<\/div>\n<\/div>\n<\/div>\n<\/div>\n<\/div>\n<\/div>\n<\/div>\n<\/div>\n<\/div>\n<\/div>\n<\/div>\n<\/div>\n<\/div>\n<\/div>\n<\/div>\n<\/form>\n<\/div>\n<\/div>","protected":false},"featured_media":13507,"comment_status":"open","ping_status":"closed","template":"","meta":[],"product_brand":[],"product_cat":[74],"product_tag":[122,112,115,114],"class_list":{"0":"post-13618","1":"product","2":"type-product","3":"status-publish","4":"has-post-thumbnail","6":"product_cat-concentration","7":"product_tag-competition","8":"product_tag-concentration","9":"product_tag-magnesium","10":"product_tag-stress","12":"first","13":"instock","14":"taxable","15":"shipping-taxable","16":"purchasable","17":"product-type-simple"},"_links":{"self":[{"href":"https:\/\/www.bleu-roy.com\/nl\/wp-json\/wp\/v2\/product\/13618","targetHints":{"allow":["GET"]}}],"collection":[{"href":"https:\/\/www.bleu-roy.com\/nl\/wp-json\/wp\/v2\/product"}],"about":[{"href":"https:\/\/www.bleu-roy.com\/nl\/wp-json\/wp\/v2\/types\/product"}],"replies":[{"embeddable":true,"href":"https:\/\/www.bleu-roy.com\/nl\/wp-json\/wp\/v2\/comments?post=13618"}],"wp:featuredmedia":[{"embeddable":true,"href":"https:\/\/www.bleu-roy.com\/nl\/wp-json\/wp\/v2\/media\/13507"}],"wp:attachment":[{"href":"https:\/\/www.bleu-roy.com\/nl\/wp-json\/wp\/v2\/media?parent=13618"}],"wp:term":[{"taxonomy":"product_brand","embeddable":true,"href":"https:\/\/www.bleu-roy.com\/nl\/wp-json\/wp\/v2\/product_brand?post=13618"},{"taxonomy":"product_cat","embeddable":true,"href":"https:\/\/www.bleu-roy.com\/nl\/wp-json\/wp\/v2\/product_cat?post=13618"},{"taxonomy":"product_tag","embeddable":true,"href":"https:\/\/www.bleu-roy.com\/nl\/wp-json\/wp\/v2\/product_tag?post=13618"}],"curies":[{"name":"wp","href":"https:\/\/api.w.org\/{rel}","templated":true}]}}