{"id":13616,"date":"2025-01-21T16:42:11","date_gmt":"2025-01-21T16:42:11","guid":{"rendered":"https:\/\/bleuroy2.nelty.dev\/?post_type=product&#038;p=13616"},"modified":"2025-11-30T18:46:45","modified_gmt":"2025-11-30T18:46:45","slug":"b-boost","status":"publish","type":"product","link":"https:\/\/www.bleu-roy.com\/nl\/product\/b-boost\/","title":{"rendered":"B-Boost"},"content":{"rendered":"","protected":false},"excerpt":{"rendered":"<div class=\"woocommerce-product-details__short-description\">\n<div class=\"text-gray-6 pix-mt-20\">\n<form class=\"cart\" action=\"https:\/\/www.bleu-roy.be\/produit\/b-respi\/\" enctype=\"multipart\/form-data\" method=\"post\">\n<div class=\"woocommerce-product-details__short-description\">\n<div class=\"text-gray-6 pix-mt-20\">\n<div class=\"text-gray-6 pix-mt-20\">\n<div class=\"text-gray-6 pix-mt-20\">\n<div class=\"text-gray-6 pix-mt-20\">\n<div class=\"text-gray-6 pix-mt-20\">\n<div class=\"text-gray-6 pix-mt-20\">\n<p><strong>Booster 2 en 1:<\/strong><br \/>\nIl est une aide ultra-puissante \u00e0 la <a href=\"https:\/\/www.bleu-roy.com\/nl\/blog-performance-recuperation\/\"><strong>r\u00e9cup\u00e9ration<\/strong><\/a> et apporte une <strong>dose d\u2019\u00e9nergie<\/strong> suppl\u00e9mentaire pour permettre au cheval de donner le maximum pendant un <strong>effort intense<\/strong>. Il aide le cheval \u00e0 <strong>\u00e9liminer l\u2019acide lactique<\/strong> produit pendant l\u2019effort. Il limite les risques de <strong>coup de fatigue<\/strong> ou de <strong>raideur musculaire<\/strong>. Votre cheval r\u00e9cup\u00e8re plus vite et est plus rapidement disponible en cas de nouvel effort.<\/p>\n<div class=\"page\" title=\"Page 1\">\n<div class=\"section\">\n<div class=\"layoutArea\">\n<div class=\"column\">\n<div class=\"page\" title=\"Page 1\">\n<div class=\"section\">\n<div class=\"layoutArea\">\n<div class=\"column\">\n<p><strong>Particuli\u00e8rement recommand\u00e9 pour:<\/strong><br \/>\n&#8211; Garder le cheval en forme et bien dans son corps lors des concours sur plusieurs jours ou les lendemains d&rsquo;efforts intenses.<br \/>\n&#8211; Diminuer la production d\u2019acide lactique.<br \/>\n&#8211; Limiter les risques de coup de fatigue ou de courbatures.<br \/>\n&#8211; Favoriser la r\u00e9cup\u00e9ration (\u00e9limination de l\u2019acide lactique).<\/p>\n<p><strong>Les plus:<\/strong><br \/>\n&#8211; Apporter un surcroit d\u2019\u00e9nergie pendant l\u2019effort.<br \/>\n&#8211; Le cheval est plus vite disponible en cas de nouvel effort.<\/p>\n<p><strong>\ud83d\udca1 <em>L&rsquo;astuce Bleu-Roy: <\/em><\/strong>Pour un r\u00e9sultat optimal, nous vous conseillons de l\u2019associer notre <strong><a href=\"https:\/\/www.bleu-roy.com\/nl\/product\/b-strong\/\">B-Strong<\/a>.<br \/>\n<\/strong>Et pour tout comprendre, consultez notre article <a href=\"https:\/\/www.bleu-roy.com\/nl\/blog-performance-recuperation\/\">\u00ab\u00a0Performance &amp; R\u00e9cup\u00e9ration\u00a0\u00bb<\/a>.\u00a0 Nous y expliquons en d\u00e9tail l&rsquo;action du <a href=\"https:\/\/www.bleu-roy.com\/nl\/product\/b-boost\/\">B-Boost<\/a> et du <a href=\"https:\/\/www.bleu-roy.com\/nl\/product\/b-strong\/\">B-Strong<\/a>.<\/p>\n<p><strong>Mode d&#8217;emploi:<\/strong><br \/>\nPour le cheval, 1 dose compl\u00e8te 1 heure avant et\/ou 1 heure apr\u00e8s l\u2019effort.<br \/>\nPour le poney, 1\/2 dose 1 heure avant et\/ou 1 heure apr\u00e8s l\u2019effort.<\/p>\n<\/div>\n<\/div>\n<\/div>\n<\/div>\n<\/div>\n<\/div>\n<\/div>\n<\/div>\n<\/div>\n<\/div>\n<\/div>\n<\/div>\n<\/div>\n<\/div>\n<\/div>\n<\/form>\n<\/div>\n<\/div>","protected":false},"featured_media":13506,"comment_status":"open","ping_status":"closed","template":"","meta":[],"product_brand":[],"product_cat":[70],"product_tag":[166,168,122,167,103],"class_list":{"0":"post-13616","1":"product","2":"type-product","3":"status-publish","4":"has-post-thumbnail","6":"product_cat-muscles-recuperation","7":"product_tag-acide-lactique","8":"product_tag-booster","9":"product_tag-competition","10":"product_tag-courbatures","11":"product_tag-recuperation","13":"first","14":"instock","15":"taxable","16":"shipping-taxable","17":"purchasable","18":"product-type-simple"},"_links":{"self":[{"href":"https:\/\/www.bleu-roy.com\/nl\/wp-json\/wp\/v2\/product\/13616","targetHints":{"allow":["GET"]}}],"collection":[{"href":"https:\/\/www.bleu-roy.com\/nl\/wp-json\/wp\/v2\/product"}],"about":[{"href":"https:\/\/www.bleu-roy.com\/nl\/wp-json\/wp\/v2\/types\/product"}],"replies":[{"embeddable":true,"href":"https:\/\/www.bleu-roy.com\/nl\/wp-json\/wp\/v2\/comments?post=13616"}],"wp:featuredmedia":[{"embeddable":true,"href":"https:\/\/www.bleu-roy.com\/nl\/wp-json\/wp\/v2\/media\/13506"}],"wp:attachment":[{"href":"https:\/\/www.bleu-roy.com\/nl\/wp-json\/wp\/v2\/media?parent=13616"}],"wp:term":[{"taxonomy":"product_brand","embeddable":true,"href":"https:\/\/www.bleu-roy.com\/nl\/wp-json\/wp\/v2\/product_brand?post=13616"},{"taxonomy":"product_cat","embeddable":true,"href":"https:\/\/www.bleu-roy.com\/nl\/wp-json\/wp\/v2\/product_cat?post=13616"},{"taxonomy":"product_tag","embeddable":true,"href":"https:\/\/www.bleu-roy.com\/nl\/wp-json\/wp\/v2\/product_tag?post=13616"}],"curies":[{"name":"wp","href":"https:\/\/api.w.org\/{rel}","templated":true}]}}