{"id":13613,"date":"2025-01-21T16:18:17","date_gmt":"2025-01-21T16:18:17","guid":{"rendered":"https:\/\/bleuroy2.nelty.dev\/?post_type=product&#038;p=13613"},"modified":"2025-11-30T18:46:45","modified_gmt":"2025-11-30T18:46:45","slug":"l-focus","status":"publish","type":"product","link":"https:\/\/www.bleu-roy.com\/nl\/product\/l-focus\/","title":{"rendered":"L-Focus"},"content":{"rendered":"","protected":false},"excerpt":{"rendered":"<div class=\"woocommerce-product-details__short-description\">\n<div class=\"text-gray-6 pix-mt-20\">\n<form class=\"cart\" action=\"https:\/\/www.bleu-roy.be\/produit\/b-respi\/\" enctype=\"multipart\/form-data\" method=\"post\">\n<div class=\"woocommerce-product-details__short-description\">\n<div class=\"text-gray-6 pix-mt-20\">\n<div class=\"text-gray-6 pix-mt-20\">\n<div class=\"text-gray-6 pix-mt-20\">\n<div class=\"text-gray-6 pix-mt-20\">\n<div class=\"text-gray-6 pix-mt-20\">\n<div class=\"text-gray-6 pix-mt-20\">\n<div class=\"text-gray-6 pix-mt-20\">\n<p><strong>Anti-stress naturel<\/strong> sous forme de liquide \u00e0 base de <strong>m\u00e9lisse officinale<\/strong>. Limite l\u2019<strong>anxi\u00e9t\u00e9<\/strong> et apaise le cheval <strong>au quotidien<\/strong> ou en pr\u00e9vention d\u2019un <strong>\u00e9v\u00e8nement stressant<\/strong>. Votre cheval aborde les probl\u00e8mes plus sereinement et devient plus disponible.<\/p>\n<p><strong>Particuli\u00e8rement recommand\u00e9 pour:<br \/>\n<\/strong>&#8211; Diminuer la nervosit\u00e9 excessive.<br \/>\n&#8211; Diminuer le stress.<br \/>\n&#8211; Am\u00e9liorer la concentration, la disponibilit\u00e9 du cheval au quotidien ou ponctuellement.<br \/>\n&#8211; Diminue les probl\u00e8mes li\u00e9s au cheval impressionn\u00e9 par son environnement ou qui \u201cregarde\u201d<span class=\"s3\">.<br \/>\n&#8211; Le cheval stress\u00e9 qui a besoin de soutien pour s&rsquo;acclimater \u00e0 un nouvel environnement, un changement de mode de vie, lors d&rsquo;un d\u00e9bourrage&#8230;<\/span><\/p>\n<\/div>\n<p><strong>Les plus:<\/strong><br \/>\n<span class=\"s2\">&#8211; Le cheval garde toute son \u00e9nergie.<br \/>\n&#8211; Facile \u00e0 administrer.<br \/>\n<\/span>&#8211; Les chevaux le mangent tr\u00e8s bien.<\/p>\n<div class=\"page\" title=\"Page 1\">\n<div class=\"section\">\n<div class=\"layoutArea\">\n<div class=\"column\">\n<div class=\"page\" title=\"Page 1\">\n<div class=\"section\">\n<div class=\"layoutArea\">\n<div class=\"column\">\n<div class=\"page\" title=\"Page 1\">\n<div class=\"section\">\n<div class=\"layoutArea\">\n<div class=\"column\">\n<p>Peut \u00eatre utilis\u00e9 en <strong>cure de fond<\/strong> ou <strong>ponctuellement<\/strong> pour aider \u00e0 passer un cap.<\/p>\n<p>\ud83d\udca1 <em><strong>L&rsquo;astuce Bleu-Roy:\u00a0<\/strong><\/em><br \/>\nPour les <a href=\"https:\/\/www.bleu-roy.com\/nl\/cheval-stress\/\">grands stress\u00e9s<\/a>, vous pouvez le combiner avec notre <a href=\"https:\/\/www.bleu-roy.com\/nl\/product\/b-relax\/\">B-Relax<\/a>.<br \/>\nStress\u00e9 au concours? Optez pour nos seringues anti-stress, <a href=\"https:\/\/www.bleu-roy.com\/nl\/product\/b-calm\/\">B-Calm<\/a>.<br \/>\nD\u00e9couvrez \u00e9galement notre <a href=\"https:\/\/www.bleu-roy.com\/nl\/cheval-stresse\/\">aliment sp\u00e9cifique<\/a> pour les <a href=\"https:\/\/www.bleu-roy.com\/nl\/cheval-stress\/\">chevaux stress\u00e9s<\/a>: <a href=\"https:\/\/www.bleu-roy.com\/nl\/product\/no-stress\/\">Bleu-Roy No Stress<\/a><\/p>\n<\/div>\n<\/div>\n<\/div>\n<\/div>\n<\/div>\n<\/div>\n<\/div>\n<\/div>\n<\/div>\n<\/div>\n<\/div>\n<\/div>\n<\/div>\n<\/div>\n<\/div>\n<\/div>\n<\/div>\n<\/div>\n<\/div>\n<\/form>\n<\/div>\n<\/div>","protected":false},"featured_media":13518,"comment_status":"open","ping_status":"closed","template":"","meta":[],"product_brand":[],"product_cat":[74],"product_tag":[112,114],"class_list":{"0":"post-13613","1":"product","2":"type-product","3":"status-publish","4":"has-post-thumbnail","6":"product_cat-concentration","7":"product_tag-concentration","8":"product_tag-stress","10":"first","11":"instock","12":"taxable","13":"shipping-taxable","14":"purchasable","15":"product-type-simple"},"_links":{"self":[{"href":"https:\/\/www.bleu-roy.com\/nl\/wp-json\/wp\/v2\/product\/13613","targetHints":{"allow":["GET"]}}],"collection":[{"href":"https:\/\/www.bleu-roy.com\/nl\/wp-json\/wp\/v2\/product"}],"about":[{"href":"https:\/\/www.bleu-roy.com\/nl\/wp-json\/wp\/v2\/types\/product"}],"replies":[{"embeddable":true,"href":"https:\/\/www.bleu-roy.com\/nl\/wp-json\/wp\/v2\/comments?post=13613"}],"wp:featuredmedia":[{"embeddable":true,"href":"https:\/\/www.bleu-roy.com\/nl\/wp-json\/wp\/v2\/media\/13518"}],"wp:attachment":[{"href":"https:\/\/www.bleu-roy.com\/nl\/wp-json\/wp\/v2\/media?parent=13613"}],"wp:term":[{"taxonomy":"product_brand","embeddable":true,"href":"https:\/\/www.bleu-roy.com\/nl\/wp-json\/wp\/v2\/product_brand?post=13613"},{"taxonomy":"product_cat","embeddable":true,"href":"https:\/\/www.bleu-roy.com\/nl\/wp-json\/wp\/v2\/product_cat?post=13613"},{"taxonomy":"product_tag","embeddable":true,"href":"https:\/\/www.bleu-roy.com\/nl\/wp-json\/wp\/v2\/product_tag?post=13613"}],"curies":[{"name":"wp","href":"https:\/\/api.w.org\/{rel}","templated":true}]}}