{"id":13610,"date":"2025-01-21T15:06:03","date_gmt":"2025-01-21T15:06:03","guid":{"rendered":"https:\/\/bleuroy2.nelty.dev\/?post_type=product&#038;p=13610"},"modified":"2025-11-30T18:46:45","modified_gmt":"2025-11-30T18:46:45","slug":"l-senior","status":"publish","type":"product","link":"https:\/\/www.bleu-roy.com\/nl\/product\/l-senior\/","title":{"rendered":"L-Senior"},"content":{"rendered":"","protected":false},"excerpt":{"rendered":"<div class=\"woocommerce-product-details__short-description\">\n<div class=\"text-gray-6 pix-mt-20\">\n<form class=\"cart\" action=\"https:\/\/www.bleu-roy.be\/produit\/b-respi\/\" enctype=\"multipart\/form-data\" method=\"post\">\n<div class=\"woocommerce-product-details__short-description\">\n<div class=\"text-gray-6 pix-mt-20\">\n<div class=\"text-gray-6 pix-mt-20\">\n<div class=\"text-gray-6 pix-mt-20\">\n<div class=\"text-gray-6 pix-mt-20\">\n<div class=\"text-gray-6 pix-mt-20\">\n<div class=\"text-gray-6 pix-mt-20\">\n<p class=\"p1\"><span class=\"s1\">Suppl\u00e9ment liquide pour le <strong>confort g\u00e9n\u00e9ral du <a href=\"https:\/\/www.bleu-roy.com\/nl\/blog-cheval-age\/\">cheval \u00e2g\u00e9<\/a><\/strong>. Sa formule enrichie entre autre en MSM, glucosamine, curcuma, vitamine C et anti-oxydants apporte plus de <strong>confort<\/strong> et am\u00e9liore l\u2019<strong>immunit\u00e9<\/strong> du cheval de<strong> plus de 16 ans<\/strong> encore au travail ou retrait\u00e9.<\/span><\/p>\n<p><strong>Particuli\u00e8rement recommand\u00e9 pour:<br \/>\n<\/strong>&#8211; <span class=\"s3\">Apporter plus de confort locomoteur au cheval \u00e2g\u00e9<\/span>.<br \/>\n&#8211; <span class=\"s3\">Soulager les articulations sensibles<\/span>.<br \/>\n&#8211; Le cheval de plus de 16 ans au travail ou retrait\u00e9, en soutien.<br \/>\n&#8211; <span class=\"s3\">Am\u00e9liorer la digestion du cheval \u00e2g\u00e9.<\/span><\/p>\n<\/div>\n<p><strong>Les plus:<\/strong><br \/>\n<span class=\"s2\">&#8211; <span class=\"s3\">Apporte une meilleure immunit\u00e9<\/span>.<br \/>\n&#8211; <span class=\"s3\">Apporte plus de tonus.<\/span><br \/>\n&#8211; <span class=\"s3\">Am\u00e9liore la r\u00e9sistance de l\u2019organisme \u00e0 la fatigue et au stress.<\/span><br \/>\n&#8211; Facile \u00e0 administrer.<br \/>\n<\/span>&#8211; Les chevaux le mangent tr\u00e8s bien.<\/p>\n<div class=\"page\" title=\"Page 1\">\n<div class=\"section\">\n<div class=\"layoutArea\">\n<div class=\"column\">\n<div class=\"page\" title=\"Page 1\">\n<div class=\"section\">\n<div class=\"layoutArea\">\n<div class=\"column\">\n<div class=\"page\" title=\"Page 1\">\n<div class=\"section\">\n<div class=\"layoutArea\">\n<div class=\"column\">\n<p>Id\u00e9al en <strong>cure de fond<\/strong> pour apporter plus de confort au cheval \u00e2g\u00e9.<\/p>\n<p>\ud83d\udca1 <em><strong>L&rsquo;astuce Bleu-Roy:<\/strong><\/em> Combinez ce suppl\u00e9ment \u00e0 une alimentation sp\u00e9cifique pour les <a href=\"https:\/\/www.bleu-roy.com\/nl\/blog-cheval-age\/\">chevaux \u00e2g\u00e9s<\/a>: <a href=\"https:\/\/www.bleu-roy.com\/nl\/product\/melange-senior\/\">Bleu-Roy Senior<\/a>, sp\u00e9cialement formul\u00e9 pour r\u00e9pondre aux besoins du cheval de 18 ans et +.<\/p>\n<\/div>\n<\/div>\n<\/div>\n<\/div>\n<\/div>\n<\/div>\n<\/div>\n<\/div>\n<\/div>\n<\/div>\n<\/div>\n<\/div>\n<\/div>\n<\/div>\n<\/div>\n<\/div>\n<\/div>\n<\/div>\n<\/form>\n<\/div>\n<\/div>","protected":false},"featured_media":13533,"comment_status":"open","ping_status":"closed","template":"","meta":[],"product_brand":[],"product_cat":[77],"product_tag":[164,165],"class_list":{"0":"post-13610","1":"product","2":"type-product","3":"status-publish","4":"has-post-thumbnail","6":"product_cat-cheval-age","7":"product_tag-cheval-age","8":"product_tag-senior","10":"first","11":"instock","12":"taxable","13":"shipping-taxable","14":"purchasable","15":"product-type-simple"},"_links":{"self":[{"href":"https:\/\/www.bleu-roy.com\/nl\/wp-json\/wp\/v2\/product\/13610","targetHints":{"allow":["GET"]}}],"collection":[{"href":"https:\/\/www.bleu-roy.com\/nl\/wp-json\/wp\/v2\/product"}],"about":[{"href":"https:\/\/www.bleu-roy.com\/nl\/wp-json\/wp\/v2\/types\/product"}],"replies":[{"embeddable":true,"href":"https:\/\/www.bleu-roy.com\/nl\/wp-json\/wp\/v2\/comments?post=13610"}],"wp:featuredmedia":[{"embeddable":true,"href":"https:\/\/www.bleu-roy.com\/nl\/wp-json\/wp\/v2\/media\/13533"}],"wp:attachment":[{"href":"https:\/\/www.bleu-roy.com\/nl\/wp-json\/wp\/v2\/media?parent=13610"}],"wp:term":[{"taxonomy":"product_brand","embeddable":true,"href":"https:\/\/www.bleu-roy.com\/nl\/wp-json\/wp\/v2\/product_brand?post=13610"},{"taxonomy":"product_cat","embeddable":true,"href":"https:\/\/www.bleu-roy.com\/nl\/wp-json\/wp\/v2\/product_cat?post=13610"},{"taxonomy":"product_tag","embeddable":true,"href":"https:\/\/www.bleu-roy.com\/nl\/wp-json\/wp\/v2\/product_tag?post=13610"}],"curies":[{"name":"wp","href":"https:\/\/api.w.org\/{rel}","templated":true}]}}