{"id":13607,"date":"2025-01-21T14:41:02","date_gmt":"2025-01-21T14:41:02","guid":{"rendered":"https:\/\/bleuroy2.nelty.dev\/?post_type=product&#038;p=13607"},"modified":"2025-11-30T18:46:45","modified_gmt":"2025-11-30T18:46:45","slug":"l-airmix","status":"publish","type":"product","link":"https:\/\/www.bleu-roy.com\/nl\/product\/l-airmix\/","title":{"rendered":"L-Airmix"},"content":{"rendered":"","protected":false},"excerpt":{"rendered":"<div class=\"woocommerce-product-details__short-description\">\n<div class=\"text-gray-6 pix-mt-20\">\n<form class=\"cart\" action=\"https:\/\/www.bleu-roy.be\/produit\/b-respi\/\" enctype=\"multipart\/form-data\" method=\"post\">\n<div class=\"woocommerce-product-details__short-description\">\n<div class=\"text-gray-6 pix-mt-20\">\n<div class=\"text-gray-6 pix-mt-20\">\n<div class=\"text-gray-6 pix-mt-20\">\n<div class=\"text-gray-6 pix-mt-20\">\n<div class=\"text-gray-6 pix-mt-20\">\n<div class=\"text-gray-6 pix-mt-20\">\n<p>Suppl\u00e9ment liquide <span class=\"s1\">\u00e0 base de <strong>14 extraits de plantes<\/strong> pour le <strong>confort respiratoire<\/strong>. Recommand\u00e9 chez les chevaux vivant dans un <strong>environnement poussi\u00e9reux<\/strong>, <strong>allergiques<\/strong>, qui <strong>toussent<\/strong> ou qui ont le nez qui coule.<\/span><\/p>\n<p><strong>Particuli\u00e8rement recommand\u00e9 pour:<br \/>\n<\/strong>&#8211; Le cheval qui tousse ou qui a le nez qui coule.<br \/>\n&#8211; Le cheval allergique \u00e0 la poussi\u00e8re.<br \/>\n&#8211; Le cheval souffrant de maladies respiratoires chroniques, en soutient.<br \/>\n&#8211; Renforcer les d\u00e9fenses naturelles du <a href=\"https:\/\/www.bleu-roy.com\/nl\/respiration\/\">syst\u00e8me respiratoire<\/a>.<\/p>\n<\/div>\n<p><strong>Les plus:<\/strong><br \/>\n<span class=\"s2\">&#8211; Apporte plus de <a href=\"https:\/\/www.bleu-roy.com\/nl\/respiration\/\">confort respiratoire<\/a>.<br \/>\n&#8211; D\u00e9gage les voies respiratoires.<br \/>\n&#8211; Aide \u00e0 limiter les risques d\u2019h\u00e9morragies pulmonaires.<br \/>\n&#8211; Facile \u00e0 administrer.<br \/>\n<\/span>&#8211; Les chevaux le mangent tr\u00e8s bien.<\/p>\n<div class=\"page\" title=\"Page 1\">\n<div class=\"section\">\n<div class=\"layoutArea\">\n<div class=\"column\">\n<div class=\"page\" title=\"Page 1\">\n<div class=\"section\">\n<div class=\"layoutArea\">\n<div class=\"column\">\n<div class=\"page\" title=\"Page 1\">\n<div class=\"section\">\n<div class=\"layoutArea\">\n<div class=\"column\">\n<p>Particuli\u00e8rement recommand\u00e9 pour les chevaux <b>allergiques \u00e0 la poussi\u00e8re <\/b>pour leur apporter plus de confort respiratoire.<\/p>\n<p>\ud83d\udca1 <em><strong>L&rsquo;astuce Bleu-Roy?<\/strong><\/em><br \/>\nVotre cheval souffre de toux chroniques et est accommod\u00e9 durant le travail ou en concours? Combinez L-Airmix \u00e0 nos seringues <a href=\"https:\/\/www.bleu-roy.com\/nl\/product\/b-air-push\/\">B-Air Push<\/a>.<br \/>\nVous souhaitez renforcer son immunit\u00e9? Offrez-lui pour une cure de <a href=\"https:\/\/www.bleu-roy.com\/nl\/blog-vitamines-mineraux\/\">vitamines<\/a> avec notre <a href=\"https:\/\/www.bleu-roy.com\/nl\/product\/b-fit\/\">B-Fit.<\/a><\/p>\n<\/div>\n<\/div>\n<\/div>\n<\/div>\n<\/div>\n<\/div>\n<\/div>\n<\/div>\n<\/div>\n<\/div>\n<\/div>\n<\/div>\n<\/div>\n<\/div>\n<\/div>\n<\/div>\n<\/div>\n<\/div>\n<\/form>\n<\/div>\n<\/div>","protected":false},"featured_media":13502,"comment_status":"open","ping_status":"closed","template":"","meta":[],"product_brand":[],"product_cat":[72],"product_tag":[161,162,147,149,163,148],"class_list":{"0":"post-13607","1":"product","2":"type-product","3":"status-publish","4":"has-post-thumbnail","6":"product_cat-respiration","7":"product_tag-allergie","8":"product_tag-poussiere","9":"product_tag-respiration","10":"product_tag-rhume","11":"product_tag-sante","12":"product_tag-toux","14":"first","15":"instock","16":"taxable","17":"shipping-taxable","18":"purchasable","19":"product-type-simple"},"_links":{"self":[{"href":"https:\/\/www.bleu-roy.com\/nl\/wp-json\/wp\/v2\/product\/13607","targetHints":{"allow":["GET"]}}],"collection":[{"href":"https:\/\/www.bleu-roy.com\/nl\/wp-json\/wp\/v2\/product"}],"about":[{"href":"https:\/\/www.bleu-roy.com\/nl\/wp-json\/wp\/v2\/types\/product"}],"replies":[{"embeddable":true,"href":"https:\/\/www.bleu-roy.com\/nl\/wp-json\/wp\/v2\/comments?post=13607"}],"wp:featuredmedia":[{"embeddable":true,"href":"https:\/\/www.bleu-roy.com\/nl\/wp-json\/wp\/v2\/media\/13502"}],"wp:attachment":[{"href":"https:\/\/www.bleu-roy.com\/nl\/wp-json\/wp\/v2\/media?parent=13607"}],"wp:term":[{"taxonomy":"product_brand","embeddable":true,"href":"https:\/\/www.bleu-roy.com\/nl\/wp-json\/wp\/v2\/product_brand?post=13607"},{"taxonomy":"product_cat","embeddable":true,"href":"https:\/\/www.bleu-roy.com\/nl\/wp-json\/wp\/v2\/product_cat?post=13607"},{"taxonomy":"product_tag","embeddable":true,"href":"https:\/\/www.bleu-roy.com\/nl\/wp-json\/wp\/v2\/product_tag?post=13607"}],"curies":[{"name":"wp","href":"https:\/\/api.w.org\/{rel}","templated":true}]}}