{"id":13606,"date":"2025-01-21T13:58:23","date_gmt":"2025-01-21T13:58:23","guid":{"rendered":"https:\/\/bleuroy2.nelty.dev\/?post_type=product&#038;p=13606"},"modified":"2025-11-30T18:46:46","modified_gmt":"2025-11-30T18:46:46","slug":"l-comfort","status":"publish","type":"product","link":"https:\/\/www.bleu-roy.com\/nl\/product\/l-comfort\/","title":{"rendered":"L-Comfort"},"content":{"rendered":"","protected":false},"excerpt":{"rendered":"<div class=\"woocommerce-product-details__short-description\">\n<div class=\"text-gray-6 pix-mt-20\">\n<form class=\"cart\" action=\"https:\/\/www.bleu-roy.be\/produit\/b-respi\/\" enctype=\"multipart\/form-data\" method=\"post\">\n<div class=\"woocommerce-product-details__short-description\">\n<div class=\"text-gray-6 pix-mt-20\">\n<div class=\"text-gray-6 pix-mt-20\">\n<div class=\"text-gray-6 pix-mt-20\">\n<div class=\"text-gray-6 pix-mt-20\">\n<div class=\"text-gray-6 pix-mt-20\">\n<p>Suppl\u00e9ment liquide \u00e0 base de <strong>5 extraits de plantes<\/strong> (curcuma, boswellia serrata, ortie, gingembre, yucca) pour le <strong>confort g\u00e9n\u00e9ral<\/strong> du cheval gr\u00e2ce \u00e0 ses propri\u00e9t\u00e9s anti-oxydantes puissantes.<\/p>\n<p><strong>Particuli\u00e8rement recommand\u00e9 pour:<br \/>\n<\/strong>&#8211; Soutenir les articulations et les muscles du cheval \u00e0 l\u2019entra\u00eenement et en comp\u00e9titions.<br \/>\n&#8211; Soulager le cheval pr\u00e9sentant des douleurs articulaires ou sujet aux raideurs musculaires.<br \/>\n&#8211; Soutenir et soulager le syst\u00e8me digestif et le foie du cheval sensible.<br \/>\n&#8211; Soulager le cheval souffrant de dermite estivale.<\/p>\n<\/div>\n<p><strong>Les plus:<\/strong><br \/>\n<span class=\"s2\">&#8211; Facile \u00e0 administrer.<br \/>\n<\/span>&#8211; Les chevaux le mangent tr\u00e8s bien.<\/p>\n<div class=\"page\" title=\"Page 1\">\n<div class=\"section\">\n<div class=\"layoutArea\">\n<div class=\"column\">\n<div class=\"page\" title=\"Page 1\">\n<div class=\"section\">\n<div class=\"layoutArea\">\n<div class=\"column\">\n<div class=\"page\" title=\"Page 1\">\n<div class=\"section\">\n<div class=\"layoutArea\">\n<div class=\"column\">\n<p>Particuli\u00e8rement recommand\u00e9 pour les chevaux <strong>inconfortables<\/strong> dans leur corps, raides au quotidien, pour leur apporter plus de confort g\u00e9n\u00e9ral.<\/p>\n<p>\ud83d\udca1 <em><strong>L&rsquo;astuce Bleu-Roy?<\/strong><\/em> L-Comfort soulage aussi le cheval souffrant de dermite estivale. Pour soulager les d\u00e9mangeaisons, combinez L-Comfort avec notre soin externe, <a href=\"https:\/\/www.bleu-roy.com\/nl\/product\/pro-skin\/\">Pro Skin<\/a>.<\/p>\n<\/div>\n<\/div>\n<\/div>\n<\/div>\n<\/div>\n<\/div>\n<\/div>\n<\/div>\n<\/div>\n<\/div>\n<\/div>\n<\/div>\n<\/div>\n<\/div>\n<\/div>\n<\/div>\n<\/div>\n<\/form>\n<\/div>\n<\/div>","protected":false},"featured_media":13508,"comment_status":"open","ping_status":"closed","template":"","meta":[],"product_brand":[],"product_cat":[69],"product_tag":[159,160,158,117],"class_list":{"0":"post-13606","1":"product","2":"type-product","3":"status-publish","4":"has-post-thumbnail","6":"product_cat-locomotion","7":"product_tag-bien-etre","8":"product_tag-confort","9":"product_tag-confort-general","10":"product_tag-locomotion","12":"first","13":"instock","14":"taxable","15":"shipping-taxable","16":"purchasable","17":"product-type-simple"},"_links":{"self":[{"href":"https:\/\/www.bleu-roy.com\/nl\/wp-json\/wp\/v2\/product\/13606","targetHints":{"allow":["GET"]}}],"collection":[{"href":"https:\/\/www.bleu-roy.com\/nl\/wp-json\/wp\/v2\/product"}],"about":[{"href":"https:\/\/www.bleu-roy.com\/nl\/wp-json\/wp\/v2\/types\/product"}],"replies":[{"embeddable":true,"href":"https:\/\/www.bleu-roy.com\/nl\/wp-json\/wp\/v2\/comments?post=13606"}],"wp:featuredmedia":[{"embeddable":true,"href":"https:\/\/www.bleu-roy.com\/nl\/wp-json\/wp\/v2\/media\/13508"}],"wp:attachment":[{"href":"https:\/\/www.bleu-roy.com\/nl\/wp-json\/wp\/v2\/media?parent=13606"}],"wp:term":[{"taxonomy":"product_brand","embeddable":true,"href":"https:\/\/www.bleu-roy.com\/nl\/wp-json\/wp\/v2\/product_brand?post=13606"},{"taxonomy":"product_cat","embeddable":true,"href":"https:\/\/www.bleu-roy.com\/nl\/wp-json\/wp\/v2\/product_cat?post=13606"},{"taxonomy":"product_tag","embeddable":true,"href":"https:\/\/www.bleu-roy.com\/nl\/wp-json\/wp\/v2\/product_tag?post=13606"}],"curies":[{"name":"wp","href":"https:\/\/api.w.org\/{rel}","templated":true}]}}