{"id":13603,"date":"2025-01-21T13:50:35","date_gmt":"2025-01-21T13:50:35","guid":{"rendered":"https:\/\/bleuroy2.nelty.dev\/?post_type=product&#038;p=13603"},"modified":"2026-03-16T06:19:47","modified_gmt":"2026-03-16T06:19:47","slug":"l-detox","status":"publish","type":"product","link":"https:\/\/www.bleu-roy.com\/nl\/product\/l-detox\/","title":{"rendered":"L-Detox"},"content":{"rendered":"","protected":false},"excerpt":{"rendered":"<div class=\"woocommerce-product-details__short-description\">\n<div class=\"text-gray-6 pix-mt-20\">\n<form class=\"cart\" action=\"https:\/\/www.bleu-roy.be\/produit\/b-respi\/\" enctype=\"multipart\/form-data\" method=\"post\">\n<div class=\"woocommerce-product-details__short-description\">\n<div class=\"text-gray-6 pix-mt-20\">\n<div class=\"text-gray-6 pix-mt-20\">\n<div class=\"text-gray-6 pix-mt-20\">\n<div class=\"text-gray-6 pix-mt-20\">\n<p><span class=\"s1\"><strong>Sirop d\u00e9toxifiant<\/strong> naturel \u00e0 base de 5 extraits de plantes (Chardon-Marie, pissenlit, gingembre, romarin et ortie). Soutient le <strong>foie<\/strong> et les <strong>reins<\/strong> et favorise l\u2019<strong>\u00e9limination des toxines<\/strong><\/span>.<\/p>\n<\/div>\n<p><strong>Particuli\u00e8rement recommand\u00e9 pour:<\/strong><br \/>\n&#8211; Soutenir le foie et les reins<span class=\"s2\">.<br \/>\n<\/span>&#8211; Favoriser le <a href=\"https:\/\/www.bleu-roy.com\/nl\/blog-bienfaits-detox\/\">drainage<\/a> chez le cheval.<br \/>\n&#8211; Aborder les changements de saison (surtout au printemps lorsque l\u2019herbe est riche)<br \/>\n&#8211; Le cheval en surpoids et le <a href=\"https:\/\/www.bleu-roy.com\/nl\/blog-cheval-age\/\">cheval \u00e2g\u00e9<\/a>.<\/p>\n<p><strong>Les plus:<\/strong><br \/>\n<span class=\"s2\">&#8211; Facile \u00e0 administrer.<br \/>\n<\/span>&#8211; Les chevaux le mangent tr\u00e8s bien.<br \/>\n&#8211; Favorise l\u2019\u00e9limination des toxines apr\u00e8s un effort intense.<br \/>\n&#8211; Favorise la r\u00e9cup\u00e9ration.<br \/>\n&#8211; Peut-\u00eatre utilis\u00e9 en compl\u00e9ment d\u2019un traitement m\u00e9dicamenteux.<\/p>\n<div class=\"page\" title=\"Page 1\">\n<div class=\"section\">\n<div class=\"layoutArea\">\n<div class=\"column\">\n<div class=\"page\" title=\"Page 1\">\n<div class=\"section\">\n<div class=\"layoutArea\">\n<div class=\"column\">\n<div class=\"page\" title=\"Page 1\">\n<div class=\"section\">\n<div class=\"layoutArea\">\n<div class=\"column\">\n<p>Particuli\u00e8rement recommand\u00e9 aux <strong>changements de saison<\/strong>: en automne et surtout au printemps, lors du retour au pr\u00e9, lorsque l\u2019herbe est riche.<\/p>\n<p>\ud83d\udca1 <em><strong>L&rsquo;astuce Bleu-Roy?<\/strong><\/em><br \/>\nPour tout savoir sur les bienfaits d&rsquo;une cure d\u00e9tox, consultez notre article d\u00e9di\u00e9 \ud83d\udc49 <a href=\"https:\/\/www.bleu-roy.com\/nl\/blog-bienfaits-detox\/\">ici<\/a><br \/>\n<a href=\"https:\/\/www.bleu-roy.com\/nl\/la-fourbure-ce-mal-si-repandu-et-pourtant-si-mal-compris\/\">Cheval fourbu?<\/a> D\u00e9couvrez aussi notre aliment <a href=\"https:\/\/www.bleu-roy.com\/nl\/product\/sans-cereales\/\">Sans C\u00e9r\u00e9ales<\/a> et notre suppl\u00e9ment sp\u00e9cifique, <a href=\"https:\/\/www.bleu-roy.com\/nl\/product\/l-fourbaflex\/\">L-Fourbaflex<\/a>.<\/p>\n<\/div>\n<\/div>\n<\/div>\n<\/div>\n<\/div>\n<\/div>\n<\/div>\n<\/div>\n<\/div>\n<\/div>\n<\/div>\n<\/div>\n<\/div>\n<\/div>\n<\/div>\n<\/div>\n<\/form>\n<\/div>\n<\/div>","protected":false},"featured_media":13509,"comment_status":"open","ping_status":"closed","template":"","meta":[],"product_brand":[],"product_cat":[76],"product_tag":[157,155,154,156],"class_list":{"0":"post-13603","1":"product","2":"type-product","3":"status-publish","4":"has-post-thumbnail","6":"product_cat-reins-foie","7":"product_tag-automne","8":"product_tag-cure-drainante","9":"product_tag-detox","10":"product_tag-printemps","12":"first","13":"instock","14":"taxable","15":"shipping-taxable","16":"purchasable","17":"product-type-simple"},"_links":{"self":[{"href":"https:\/\/www.bleu-roy.com\/nl\/wp-json\/wp\/v2\/product\/13603","targetHints":{"allow":["GET"]}}],"collection":[{"href":"https:\/\/www.bleu-roy.com\/nl\/wp-json\/wp\/v2\/product"}],"about":[{"href":"https:\/\/www.bleu-roy.com\/nl\/wp-json\/wp\/v2\/types\/product"}],"replies":[{"embeddable":true,"href":"https:\/\/www.bleu-roy.com\/nl\/wp-json\/wp\/v2\/comments?post=13603"}],"wp:featuredmedia":[{"embeddable":true,"href":"https:\/\/www.bleu-roy.com\/nl\/wp-json\/wp\/v2\/media\/13509"}],"wp:attachment":[{"href":"https:\/\/www.bleu-roy.com\/nl\/wp-json\/wp\/v2\/media?parent=13603"}],"wp:term":[{"taxonomy":"product_brand","embeddable":true,"href":"https:\/\/www.bleu-roy.com\/nl\/wp-json\/wp\/v2\/product_brand?post=13603"},{"taxonomy":"product_cat","embeddable":true,"href":"https:\/\/www.bleu-roy.com\/nl\/wp-json\/wp\/v2\/product_cat?post=13603"},{"taxonomy":"product_tag","embeddable":true,"href":"https:\/\/www.bleu-roy.com\/nl\/wp-json\/wp\/v2\/product_tag?post=13603"}],"curies":[{"name":"wp","href":"https:\/\/api.w.org\/{rel}","templated":true}]}}