{"id":13601,"date":"2025-01-21T13:31:54","date_gmt":"2025-01-21T13:31:54","guid":{"rendered":"https:\/\/bleuroy2.nelty.dev\/?post_type=product&#038;p=13601"},"modified":"2025-11-30T18:46:46","modified_gmt":"2025-11-30T18:46:46","slug":"l-electrolytes","status":"publish","type":"product","link":"https:\/\/www.bleu-roy.com\/nl\/product\/l-electrolytes\/","title":{"rendered":"L-Electrolytes"},"content":{"rendered":"","protected":false},"excerpt":{"rendered":"<div class=\"woocommerce-product-details__short-description\">\n<div class=\"text-gray-6 pix-mt-20\">\n<form class=\"cart\" action=\"https:\/\/www.bleu-roy.be\/produit\/b-respi\/\" enctype=\"multipart\/form-data\" method=\"post\">\n<div class=\"woocommerce-product-details__short-description\">\n<div class=\"text-gray-6 pix-mt-20\">\n<div class=\"text-gray-6 pix-mt-20\">\n<div class=\"text-gray-6 pix-mt-20\">\n<p>Suppl\u00e9ment liquide <strong>r\u00e9hydratant<\/strong>. <span class=\"s1\">Tr\u00e8s concentr\u00e9 en <strong>\u00e9lectrolytes<\/strong>, en <strong>min\u00e9raux<\/strong> et en <strong>vitamines<\/strong><\/span>. Lorsque le cheval fait un <strong>effort<\/strong> important ou lorsqu\u2019il est soumis \u00e0 des <strong>conditions climatiques extr\u00eames<\/strong>, il peut transpirer \u00e9norm\u00e9ment. Cette sudation entra\u00eene des pertes d\u2019eau pouvant aller jusqu\u2019\u00e0 15 litres par heure! La sueur contient \u00e9galement des \u00e9lectrolytes (min\u00e9raux) en quantit\u00e9 importante. Il est important de <strong>r\u00e9\u00e9quilibrer ces pertes en eau et en min\u00e9raux<\/strong> et de <strong>r\u00e9hydrater l\u2019organisme<\/strong>.<\/p>\n<\/div>\n<p><strong>Particuli\u00e8rement recommand\u00e9 pour:<\/strong><br \/>\n&#8211; <span class=\"s2\">Inciter le cheval \u00e0 se r\u00e9hydrater correctement.<br \/>\n<\/span>&#8211; Reconstituer les r\u00e9serves en sel-min\u00e9raux en cas d\u2019effort intense et de forte sudation.<br \/>\n&#8211; En p\u00e9riode de canicule.<\/p>\n<p><strong>Les plus:<\/strong><br \/>\n<span class=\"s2\">&#8211; Facile \u00e0 administrer.<br \/>\n<\/span>&#8211; Les chevaux le mangent tr\u00e8s bien.<br \/>\n&#8211; Peut \u00eatre m\u00e9lang\u00e9 directement \u00e0 la ration d&rsquo;aliment.<br \/>\n&#8211; Riche en vitamine C:\u00a0favorise la qualit\u00e9 de la r\u00e9cup\u00e9ration gr\u00e2ce \u00e0 ses propri\u00e9t\u00e9s anti-oxydantes.<br \/>\n&#8211; Go\u00fbt pomme.<\/p>\n<div class=\"page\" title=\"Page 1\">\n<div class=\"section\">\n<div class=\"layoutArea\">\n<div class=\"column\">\n<div class=\"page\" title=\"Page 1\">\n<div class=\"section\">\n<div class=\"layoutArea\">\n<div class=\"column\">\n<div class=\"page\" title=\"Page 1\">\n<div class=\"section\">\n<div class=\"layoutArea\">\n<div class=\"column\">\n<p><strong>Veillez \u00e0 ce que le cheval ait de l&rsquo;eau \u00e0 volont\u00e9 \u00e0 disposition apr\u00e8s administration.<\/strong><\/p>\n<p>\ud83d\udca1 <em><strong>Le conseil Bleu-Roy:\u00a0<\/strong><\/em>Votre cheval prend difficilement les \u00e9lectrolytes? Pensez \u00e0 notre solution en seringues: <a href=\"https:\/\/www.bleu-roy.com\/nl\/product\/b-electro-compact\/\">B-Electro Compact<\/a>. Une solution simple, rapide et efficace.<\/p>\n<\/div>\n<\/div>\n<\/div>\n<\/div>\n<\/div>\n<\/div>\n<\/div>\n<\/div>\n<\/div>\n<\/div>\n<\/div>\n<\/div>\n<\/div>\n<\/div>\n<\/div>\n<\/form>\n<\/div>\n<\/div>","protected":false},"featured_media":13513,"comment_status":"open","ping_status":"closed","template":"","meta":[],"product_brand":[],"product_cat":[70],"product_tag":[151,138,103,152,153],"class_list":{"0":"post-13601","1":"product","2":"type-product","3":"status-publish","4":"has-post-thumbnail","6":"product_cat-muscles-recuperation","7":"product_tag-electrolytes","8":"product_tag-mineraux","9":"product_tag-recuperation","10":"product_tag-rehydratation","11":"product_tag-sels-mineraux","13":"first","14":"instock","15":"taxable","16":"shipping-taxable","17":"purchasable","18":"product-type-simple"},"_links":{"self":[{"href":"https:\/\/www.bleu-roy.com\/nl\/wp-json\/wp\/v2\/product\/13601","targetHints":{"allow":["GET"]}}],"collection":[{"href":"https:\/\/www.bleu-roy.com\/nl\/wp-json\/wp\/v2\/product"}],"about":[{"href":"https:\/\/www.bleu-roy.com\/nl\/wp-json\/wp\/v2\/types\/product"}],"replies":[{"embeddable":true,"href":"https:\/\/www.bleu-roy.com\/nl\/wp-json\/wp\/v2\/comments?post=13601"}],"wp:featuredmedia":[{"embeddable":true,"href":"https:\/\/www.bleu-roy.com\/nl\/wp-json\/wp\/v2\/media\/13513"}],"wp:attachment":[{"href":"https:\/\/www.bleu-roy.com\/nl\/wp-json\/wp\/v2\/media?parent=13601"}],"wp:term":[{"taxonomy":"product_brand","embeddable":true,"href":"https:\/\/www.bleu-roy.com\/nl\/wp-json\/wp\/v2\/product_brand?post=13601"},{"taxonomy":"product_cat","embeddable":true,"href":"https:\/\/www.bleu-roy.com\/nl\/wp-json\/wp\/v2\/product_cat?post=13601"},{"taxonomy":"product_tag","embeddable":true,"href":"https:\/\/www.bleu-roy.com\/nl\/wp-json\/wp\/v2\/product_tag?post=13601"}],"curies":[{"name":"wp","href":"https:\/\/api.w.org\/{rel}","templated":true}]}}