{"id":13593,"date":"2025-01-21T13:08:41","date_gmt":"2025-01-21T13:08:41","guid":{"rendered":"https:\/\/bleuroy2.nelty.dev\/?post_type=product&#038;p=13593"},"modified":"2025-11-30T18:46:46","modified_gmt":"2025-11-30T18:46:46","slug":"b-respi","status":"publish","type":"product","link":"https:\/\/www.bleu-roy.com\/nl\/product\/b-respi\/","title":{"rendered":"B-Respi"},"content":{"rendered":"","protected":false},"excerpt":{"rendered":"<div class=\"woocommerce-product-details__short-description\">\n<div class=\"text-gray-6 pix-mt-20\">\n<form class=\"cart\" action=\"https:\/\/www.bleu-roy.be\/produit\/b-respi\/\" enctype=\"multipart\/form-data\" method=\"post\">\n<div class=\"woocommerce-product-details__short-description\">\n<div class=\"text-gray-6 pix-mt-20\">Suppl\u00e9ment en poudre pour le <strong>confort respiratoire<\/strong> et <strong>l\u2019immunit\u00e9 g\u00e9n\u00e9rale<\/strong> du cheval \u00e0 base d\u2019<strong>huiles essentielles<\/strong> et de <strong>vitamine C.<\/strong><br \/>\nId\u00e9al pour soulager les <strong>toux passag\u00e8res<\/strong>, les <a href=\"https:\/\/www.bleu-roy.com\/nl\/aider-votre-cheval-en-hiver\/\"><strong>refroidissements<\/strong><\/a>, le nez qui coule\u2026 et soutenir le <strong>syst\u00e8me immunitaire<\/strong>.<\/div>\n<\/div>\n<p><strong>Particuli\u00e8rement recommand\u00e9 pour:<\/strong><br \/>\n&#8211; <span class=\"s2\">Les chevaux qui souffrent de rhume ou de toux passag\u00e8re.<br \/>\n<\/span>&#8211; D\u00e9gager les voies respiratoires.<br \/>\n<span class=\"s2\">&#8211; R\u00e9duire les risques d\u2019h\u00e9morragies pulmonaires.<br \/>\n<\/span>&#8211; Renforcer les d\u00e9fenses naturelles du <a href=\"https:\/\/www.bleu-roy.com\/nl\/respiration\/\">syst\u00e8me respiratoire<\/a>.<\/p>\n<p><strong>Les plus:<br \/>\n<\/strong>&#8211; Apporte plus de confort respiratoire.<br \/>\n<span class=\"s2\">&#8211; Soutient le syst\u00e8me immunitaire.<br \/>\n<\/span>&#8211; Les chevaux le mangent tr\u00e8s bien.<\/p>\n<div class=\"page\" title=\"Page 1\">\n<div class=\"section\">\n<div class=\"layoutArea\">\n<div class=\"column\">\n<div class=\"page\" title=\"Page 1\">\n<div class=\"section\">\n<div class=\"layoutArea\">\n<div class=\"column\">\n<div class=\"page\" title=\"Page 1\">\n<div class=\"section\">\n<div class=\"layoutArea\">\n<div class=\"column\">\n<p>B-Respi peut \u00eatre donn\u00e9 ponctuellement jusqu&rsquo;\u00e0 ce que le cheval arr\u00eate de tousser. Si les sympt\u00f4mes persistent apr\u00e8s 3 semaines d&rsquo;utilisation, consultez un v\u00e9t\u00e9rinaire avant de continuer.<\/p>\n<p>\ud83d\udca1\u00a0<em><strong>L\u2019astuce Bleu-Roy:<\/strong><\/em> pour les chevaux sujets aux toux chroniques, il peut \u00eatre combin\u00e9 avec notre <a href=\"https:\/\/www.bleu-roy.com\/nl\/product\/b-air-push\/\">B-Air Push Instant.<\/a> Une solution simple et efficace pour d\u00e9gager ses voies respiratoires rapidement. Id\u00e9al lors d&rsquo;une s\u00e9ance de travail ou une comp\u00e9tition.<\/p>\n<\/div>\n<\/div>\n<\/div>\n<\/div>\n<\/div>\n<\/div>\n<\/div>\n<\/div>\n<\/div>\n<\/div>\n<\/div>\n<\/div>\n<\/form>\n<\/div>\n<\/div>","protected":false},"featured_media":13532,"comment_status":"open","ping_status":"closed","template":"","meta":[],"product_brand":[],"product_cat":[72],"product_tag":[150,147,149,148,124],"class_list":{"0":"post-13593","1":"product","2":"type-product","3":"status-publish","4":"has-post-thumbnail","6":"product_cat-respiration","7":"product_tag-confort-respiratoire","8":"product_tag-respiration","9":"product_tag-rhume","10":"product_tag-toux","11":"product_tag-vitamine-c","13":"first","14":"instock","15":"taxable","16":"shipping-taxable","17":"purchasable","18":"product-type-simple"},"_links":{"self":[{"href":"https:\/\/www.bleu-roy.com\/nl\/wp-json\/wp\/v2\/product\/13593","targetHints":{"allow":["GET"]}}],"collection":[{"href":"https:\/\/www.bleu-roy.com\/nl\/wp-json\/wp\/v2\/product"}],"about":[{"href":"https:\/\/www.bleu-roy.com\/nl\/wp-json\/wp\/v2\/types\/product"}],"replies":[{"embeddable":true,"href":"https:\/\/www.bleu-roy.com\/nl\/wp-json\/wp\/v2\/comments?post=13593"}],"wp:featuredmedia":[{"embeddable":true,"href":"https:\/\/www.bleu-roy.com\/nl\/wp-json\/wp\/v2\/media\/13532"}],"wp:attachment":[{"href":"https:\/\/www.bleu-roy.com\/nl\/wp-json\/wp\/v2\/media?parent=13593"}],"wp:term":[{"taxonomy":"product_brand","embeddable":true,"href":"https:\/\/www.bleu-roy.com\/nl\/wp-json\/wp\/v2\/product_brand?post=13593"},{"taxonomy":"product_cat","embeddable":true,"href":"https:\/\/www.bleu-roy.com\/nl\/wp-json\/wp\/v2\/product_cat?post=13593"},{"taxonomy":"product_tag","embeddable":true,"href":"https:\/\/www.bleu-roy.com\/nl\/wp-json\/wp\/v2\/product_tag?post=13593"}],"curies":[{"name":"wp","href":"https:\/\/api.w.org\/{rel}","templated":true}]}}