{"id":13572,"date":"2025-01-21T10:43:58","date_gmt":"2025-01-21T10:43:58","guid":{"rendered":"https:\/\/bleuroy2.nelty.dev\/?post_type=product&#038;p=13572"},"modified":"2025-11-30T18:46:46","modified_gmt":"2025-11-30T18:46:46","slug":"b-pro-mare","status":"publish","type":"product","link":"https:\/\/www.bleu-roy.com\/nl\/product\/b-pro-mare\/","title":{"rendered":"B-Pro Mare"},"content":{"rendered":"","protected":false},"excerpt":{"rendered":"<p>Suppl\u00e9ment en poudre pour les <strong>juments<\/strong> sujettes aux <strong>chaleurs douloureuses et difficiles<\/strong>. Il r\u00e9gule leurs cycles et apaise les <strong>crampes ovariennes<\/strong>. Il participe \u00e0 l\u2019am\u00e9lioration de deux facteurs: le <a href=\"https:\/\/www.bleu-roy.com\/nl\/cheval-stress\/\"><strong>comportement<\/strong><\/a> et l\u2019<strong>inconfort<\/strong> d\u00fb aux chaleurs douloureuses.<\/p>\n<p>&#8211; Apaise les crampes et diminue les risques de coliques ovariennes.<br \/>\n&#8211; R\u00e9gule le cycle des juments.<br \/>\n&#8211; Diminue le stress et l\u2019irritabilit\u00e9 en p\u00e9riode de chaleurs, am\u00e9liore la <a href=\"https:\/\/www.bleu-roy.com\/nl\/concentration\/\">concentration<\/a> et la disponibilit\u00e9 des juments difficiles.<\/p>\n<p><strong>Particuli\u00e8rement recommand\u00e9 pour:<\/strong><br \/>\n&#8211; Apaiser les crampes et diminue les risques de coliques ovariennes.<br \/>\n&#8211; R\u00e9guler le cycle des juments.<br \/>\n&#8211; Diminuer le stress et l\u2019irritabilit\u00e9 en p\u00e9riode de chaleurs<br \/>\n&#8211; Am\u00e9liorer la <a href=\"https:\/\/www.bleu-roy.com\/nl\/concentration\/\">concentration<\/a> et la disponibilit\u00e9 des juments difficiles.<\/p>\n<p><strong>Les plus:<br \/>\n<\/strong>&#8211; R\u00e9sultats visibles tr\u00e8s rapidement.<br \/>\n&#8211; Les juments le mangent tr\u00e8s bien.<\/p>\n<div class=\"page\" title=\"Page 1\">\n<div class=\"section\">\n<div class=\"layoutArea\">\n<div class=\"column\">\n<div class=\"page\" title=\"Page 1\">\n<div class=\"section\">\n<div class=\"layoutArea\">\n<div class=\"column\">\n<div class=\"page\" title=\"Page 1\">\n<div class=\"section\">\n<div class=\"layoutArea\">\n<div class=\"column\">\n<p>Id\u00e9al en <strong>cure de fond<\/strong> en p\u00e9riode de chaleurs (mars \u00e0 octobre).<\/p>\n<p>\ud83d\udca1 <strong><em>L&rsquo;astuce Bleu-Roy: <\/em><\/strong>Votre jument est tr\u00e8s <a href=\"https:\/\/www.bleu-roy.com\/nl\/cheval-stress\/\">stress\u00e9e<\/a> au concours? Combinez B-Pro Mare \u00e0 notre <a href=\"https:\/\/www.bleu-roy.com\/nl\/product\/b-calm\/\">B-Calm<\/a>: un anti-stress en seringue.<br \/>\nVous recherchez un aliment sp\u00e9cifique? D\u00e9couvrez <a href=\"https:\/\/www.bleu-roy.com\/nl\/product\/no-stress\/\">Bleu-Roy No Stress<\/a>, un m\u00e9lange sp\u00e9cialement con\u00e7u pour les <a href=\"https:\/\/www.bleu-roy.com\/nl\/cheval-stress\/\">chevaux stress\u00e9<\/a> au quotidien.<\/p>\n<\/div>\n<\/div>\n<\/div>\n<\/div>\n<\/div>\n<\/div>\n<\/div>\n<\/div>\n<\/div>\n<\/div>\n<\/div>\n<\/div>","protected":false},"featured_media":13529,"comment_status":"open","ping_status":"closed","template":"","meta":[],"product_brand":[],"product_cat":[74,75],"product_tag":[135,136,134,133,113],"class_list":{"0":"post-13572","1":"product","2":"type-product","3":"status-publish","4":"has-post-thumbnail","6":"product_cat-concentration","7":"product_cat-juments","8":"product_tag-chaleurs","9":"product_tag-comportement","10":"product_tag-crampes-ovariennes","11":"product_tag-juments","12":"product_tag-melisse-officinale","14":"first","15":"instock","16":"taxable","17":"shipping-taxable","18":"purchasable","19":"product-type-variable"},"_links":{"self":[{"href":"https:\/\/www.bleu-roy.com\/nl\/wp-json\/wp\/v2\/product\/13572","targetHints":{"allow":["GET"]}}],"collection":[{"href":"https:\/\/www.bleu-roy.com\/nl\/wp-json\/wp\/v2\/product"}],"about":[{"href":"https:\/\/www.bleu-roy.com\/nl\/wp-json\/wp\/v2\/types\/product"}],"replies":[{"embeddable":true,"href":"https:\/\/www.bleu-roy.com\/nl\/wp-json\/wp\/v2\/comments?post=13572"}],"wp:featuredmedia":[{"embeddable":true,"href":"https:\/\/www.bleu-roy.com\/nl\/wp-json\/wp\/v2\/media\/13529"}],"wp:attachment":[{"href":"https:\/\/www.bleu-roy.com\/nl\/wp-json\/wp\/v2\/media?parent=13572"}],"wp:term":[{"taxonomy":"product_brand","embeddable":true,"href":"https:\/\/www.bleu-roy.com\/nl\/wp-json\/wp\/v2\/product_brand?post=13572"},{"taxonomy":"product_cat","embeddable":true,"href":"https:\/\/www.bleu-roy.com\/nl\/wp-json\/wp\/v2\/product_cat?post=13572"},{"taxonomy":"product_tag","embeddable":true,"href":"https:\/\/www.bleu-roy.com\/nl\/wp-json\/wp\/v2\/product_tag?post=13572"}],"curies":[{"name":"wp","href":"https:\/\/api.w.org\/{rel}","templated":true}]}}