{"id":13567,"date":"2025-01-21T10:15:48","date_gmt":"2025-01-21T10:15:48","guid":{"rendered":"https:\/\/bleuroy2.nelty.dev\/?post_type=product&#038;p=13567"},"modified":"2026-02-02T13:12:28","modified_gmt":"2026-02-02T13:12:28","slug":"b-strong","status":"publish","type":"product","link":"https:\/\/www.bleu-roy.com\/nl\/product\/b-strong\/","title":{"rendered":"B-Strong"},"content":{"rendered":"","protected":false},"excerpt":{"rendered":"<p>Suppl\u00e9ment en poudre pour les <strong>muscles<\/strong> et les <strong>performances physiques<\/strong> du cheval. Sa double fonction permet une utilisation en cure de fond pour aider au <strong>d\u00e9veloppement musculaire<\/strong> du cheval au travail et pour <strong>prot\u00e9ger les muscles<\/strong> lors de l\u2019effort (participe \u00e0 la diminution de production d\u2019acide lactique), ou une utilisation ponctuelle en p\u00e9riode de <strong>comp\u00e9titions<\/strong> ou d\u2019<strong>efforts intenses<\/strong> pour am\u00e9liorer la <a href=\"https:\/\/www.bleu-roy.com\/nl\/blog-performance-recuperation\/\"><strong>r\u00e9cup\u00e9ration<\/strong><\/a> et diminuer les <strong>courbatures<\/strong> et la fatigue globale.<\/p>\n<p><strong>Particuli\u00e8rement recommand\u00e9 pour:<\/strong><br \/>\n&#8211; Favoriser le d\u00e9veloppement de la masse musculaire<br \/>\n&#8211; Favoriser la vitesse de <a href=\"https:\/\/www.bleu-roy.com\/nl\/blog-performance-recuperation\/\">r\u00e9cup\u00e9ration<\/a> et la r\u00e9sistance \u00e0 l\u2019effort.<br \/>\n&#8211; Diminuer la production d\u2019acide lactique.<\/p>\n<p><strong>Les plus:<br \/>\n<\/strong>&#8211; Diminue les courbatures apr\u00e8s l\u2019effort<br \/>\n&#8211; Stimule le syst\u00e8me immunitaire.<br \/>\n&#8211; Les chevaux le mangent tr\u00e8s bien.<\/p>\n<div class=\"page\" title=\"Page 1\">\n<div class=\"section\">\n<div class=\"layoutArea\">\n<div class=\"column\">\n<div class=\"page\" title=\"Page 1\">\n<div class=\"section\">\n<div class=\"layoutArea\">\n<div class=\"column\">\n<div class=\"page\" title=\"Page 1\">\n<div class=\"section\">\n<div class=\"layoutArea\">\n<div class=\"column\">\n<p>Id\u00e9al en <strong>cure de fond<\/strong> en p\u00e9riode d&rsquo;efforts r\u00e9p\u00e9t\u00e9s ou <strong>ponctuellement<\/strong> pour aider \u00e0 la prise de masse musculaire.<\/p>\n<p>\ud83d\udca1 <em><strong>L&rsquo;astuce Bleu-Roy:<\/strong><\/em> B-Strong peut id\u00e9alement \u00eatre compl\u00e9t\u00e9 par <strong>Bleu-Roy\u00a0<a href=\"https:\/\/www.bleu-roy.com\/nl\/product\/b-boost\/\">B-Boost<\/a>\u00a0<\/strong>en p\u00e9riode de comp\u00e9titions ou d\u2019efforts soutenus pour une r\u00e9cup\u00e9ration optimal.<br \/>\nEt pour tout comprendre, consultez notre article\u00a0<a href=\"https:\/\/www.bleu-roy.com\/nl\/blog-performance-recuperation\/\">\u00ab\u00a0Performance &amp; R\u00e9cup\u00e9ration\u00a0\u00bb<\/a>.\u00a0 Nous y expliquons en d\u00e9tail l\u2019action du <a href=\"https:\/\/www.bleu-roy.com\/nl\/product\/b-strong\/\">B-Strong<\/a> et du\u00a0<a href=\"https:\/\/www.bleu-roy.com\/nl\/product\/b-boost\/\">B-Boost<\/a>.<\/p>\n<\/div>\n<\/div>\n<\/div>\n<\/div>\n<\/div>\n<\/div>\n<\/div>\n<\/div>\n<\/div>\n<\/div>\n<\/div>\n<\/div>","protected":false},"featured_media":13535,"comment_status":"open","ping_status":"closed","template":"","meta":[],"product_brand":[],"product_cat":[70],"product_tag":[122,132,129,103,131,130],"class_list":{"0":"post-13567","1":"product","2":"type-product","3":"status-publish","4":"has-post-thumbnail","6":"product_cat-muscles-recuperation","7":"product_tag-competition","8":"product_tag-courbature","9":"product_tag-muscles","10":"product_tag-recuperation","11":"product_tag-selenium","12":"product_tag-vitamine-e","14":"first","15":"instock","16":"taxable","17":"shipping-taxable","18":"purchasable","19":"product-type-variable"},"_links":{"self":[{"href":"https:\/\/www.bleu-roy.com\/nl\/wp-json\/wp\/v2\/product\/13567","targetHints":{"allow":["GET"]}}],"collection":[{"href":"https:\/\/www.bleu-roy.com\/nl\/wp-json\/wp\/v2\/product"}],"about":[{"href":"https:\/\/www.bleu-roy.com\/nl\/wp-json\/wp\/v2\/types\/product"}],"replies":[{"embeddable":true,"href":"https:\/\/www.bleu-roy.com\/nl\/wp-json\/wp\/v2\/comments?post=13567"}],"wp:featuredmedia":[{"embeddable":true,"href":"https:\/\/www.bleu-roy.com\/nl\/wp-json\/wp\/v2\/media\/13535"}],"wp:attachment":[{"href":"https:\/\/www.bleu-roy.com\/nl\/wp-json\/wp\/v2\/media?parent=13567"}],"wp:term":[{"taxonomy":"product_brand","embeddable":true,"href":"https:\/\/www.bleu-roy.com\/nl\/wp-json\/wp\/v2\/product_brand?post=13567"},{"taxonomy":"product_cat","embeddable":true,"href":"https:\/\/www.bleu-roy.com\/nl\/wp-json\/wp\/v2\/product_cat?post=13567"},{"taxonomy":"product_tag","embeddable":true,"href":"https:\/\/www.bleu-roy.com\/nl\/wp-json\/wp\/v2\/product_tag?post=13567"}],"curies":[{"name":"wp","href":"https:\/\/api.w.org\/{rel}","templated":true}]}}