{"id":13561,"date":"2025-01-21T10:03:02","date_gmt":"2025-01-21T10:03:02","guid":{"rendered":"https:\/\/bleuroy2.nelty.dev\/?post_type=product&#038;p=13561"},"modified":"2025-11-30T18:46:46","modified_gmt":"2025-11-30T18:46:46","slug":"b-gastromix","status":"publish","type":"product","link":"https:\/\/www.bleu-roy.com\/nl\/product\/b-gastromix\/","title":{"rendered":"B-Gastromix"},"content":{"rendered":"","protected":false},"excerpt":{"rendered":"<div class=\"page\" title=\"Page 1\">\n<div class=\"section\">\n<div class=\"layoutArea\">\n<div class=\"column\">\n<div class=\"page\" title=\"Page 1\">\n<div class=\"section\">\n<div class=\"layoutArea\">\n<div class=\"column\">\n<div class=\"page\" title=\"Page 1\">\n<div class=\"section\">\n<div class=\"layoutArea\">\n<div class=\"column\">\n<div class=\"page\" title=\"Page 1\">\n<div class=\"section\">\n<div class=\"layoutArea\">\n<div class=\"column\">\n<p>Suppl\u00e9ment en poudre pour le <a href=\"https:\/\/www.bleu-roy.com\/nl\/digestion-ulceres\/\"><strong>confort gastrique<\/strong><\/a> \u00e0 base de fenugrec, de bicarbonate de sodium et d\u2019argiles. <strong>Neutralise l\u2019acidit\u00e9<\/strong> et <strong>prot\u00e8ge l\u2019estomac<\/strong> des irritations.<\/p>\n<p><strong>Particuli\u00e8rement recommand\u00e9 pour:<\/strong><br \/>\n&#8211; Apporter plus de confort gastrique aux chevaux souffrant d\u2019ulc\u00e8res.<br \/>\n&#8211; Prot\u00e8ger l\u2019estomac et absorber les substances agressives pour l\u2019estomac des chevaux sensibles.<br \/>\n&#8211; Diminuer l\u2019acidit\u00e9 gastrique.<\/p>\n<p><strong>Les plus:<br \/>\n<\/strong>&#8211; Stimule l&rsquo;app\u00e9tit et aide \u00e0 reprendre de l&rsquo;\u00e9tat.<br \/>\n&#8211; Id\u00e9al pour les chevaux au syst\u00e8me digestif sensible ou sujets aux ulc\u00e8res gastriques.<br \/>\n&#8211; Les chevaux le mangent tr\u00e8s bien.<\/p>\n<div class=\"page\" title=\"Page 1\">\n<div class=\"section\">\n<div class=\"layoutArea\">\n<div class=\"column\">\n<div class=\"page\" title=\"Page 1\">\n<div class=\"section\">\n<div class=\"layoutArea\">\n<div class=\"column\">\n<div class=\"page\" title=\"Page 1\">\n<div class=\"section\">\n<div class=\"layoutArea\">\n<div class=\"column\">\n<p><strong>Id\u00e9al en pr\u00e9vention des \u00e9v\u00e8nements stressants<\/strong>, afin de diminuer les risques de r\u00e9apparition des ulc\u00e8res gastriques.<\/p>\n<p>\ud83d\udca1 <em><strong>L&rsquo;astuce Bleu-Roy:<\/strong> <\/em>Combiner le B-Gastromix avec un <a href=\"https:\/\/www.bleu-roy.com\/nl\/digestion-ulceres-2\/\">aliment sp\u00e9cifique<\/a> pour les chevaux sujets aux ulc\u00e8res ou au syst\u00e8me digestif sensible: <a href=\"https:\/\/www.bleu-roy.com\/nl\/product\/gastro-protect\/\">Bleu-Roy Gastro Protect<\/a> ou <a href=\"https:\/\/www.bleu-roy.com\/nl\/product\/sans-cereales\/\">Bleu-Roy Sans C\u00e9r\u00e9ales<\/a>.<\/p>\n<p>Attention, B-Gastromix ne peut pas \u00eatre administrer aux juments gestantes.<\/p>\n<\/div>\n<\/div>\n<\/div>\n<\/div>\n<\/div>\n<\/div>\n<\/div>\n<\/div>\n<\/div>\n<\/div>\n<\/div>\n<\/div>\n<\/div>\n<\/div>\n<\/div>\n<\/div>\n<\/div>\n<\/div>\n<\/div>\n<\/div>\n<\/div>\n<\/div>\n<\/div>\n<\/div>\n<\/div>\n<\/div>\n<\/div>\n<\/div>","protected":false},"featured_media":13519,"comment_status":"open","ping_status":"closed","template":"","meta":[],"product_brand":[],"product_cat":[71],"product_tag":[127,126,128,125],"class_list":{"0":"post-13561","1":"product","2":"type-product","3":"status-publish","4":"has-post-thumbnail","6":"product_cat-digestion-ulceres","7":"product_tag-digestion","8":"product_tag-estomac","9":"product_tag-fenugrec","10":"product_tag-ulceres","12":"first","13":"instock","14":"taxable","15":"shipping-taxable","16":"purchasable","17":"product-type-variable"},"_links":{"self":[{"href":"https:\/\/www.bleu-roy.com\/nl\/wp-json\/wp\/v2\/product\/13561","targetHints":{"allow":["GET"]}}],"collection":[{"href":"https:\/\/www.bleu-roy.com\/nl\/wp-json\/wp\/v2\/product"}],"about":[{"href":"https:\/\/www.bleu-roy.com\/nl\/wp-json\/wp\/v2\/types\/product"}],"replies":[{"embeddable":true,"href":"https:\/\/www.bleu-roy.com\/nl\/wp-json\/wp\/v2\/comments?post=13561"}],"wp:featuredmedia":[{"embeddable":true,"href":"https:\/\/www.bleu-roy.com\/nl\/wp-json\/wp\/v2\/media\/13519"}],"wp:attachment":[{"href":"https:\/\/www.bleu-roy.com\/nl\/wp-json\/wp\/v2\/media?parent=13561"}],"wp:term":[{"taxonomy":"product_brand","embeddable":true,"href":"https:\/\/www.bleu-roy.com\/nl\/wp-json\/wp\/v2\/product_brand?post=13561"},{"taxonomy":"product_cat","embeddable":true,"href":"https:\/\/www.bleu-roy.com\/nl\/wp-json\/wp\/v2\/product_cat?post=13561"},{"taxonomy":"product_tag","embeddable":true,"href":"https:\/\/www.bleu-roy.com\/nl\/wp-json\/wp\/v2\/product_tag?post=13561"}],"curies":[{"name":"wp","href":"https:\/\/api.w.org\/{rel}","templated":true}]}}