{"id":13556,"date":"2025-01-20T18:46:39","date_gmt":"2025-01-20T18:46:39","guid":{"rendered":"https:\/\/bleuroy2.nelty.dev\/?post_type=product&#038;p=13556"},"modified":"2025-11-30T18:46:46","modified_gmt":"2025-11-30T18:46:46","slug":"b-harpago","status":"publish","type":"product","link":"https:\/\/www.bleu-roy.com\/nl\/product\/b-harpago\/","title":{"rendered":"B-Harpago"},"content":{"rendered":"","protected":false},"excerpt":{"rendered":"<p>Suppl\u00e9ment en poudre \u00e0 base d\u2019<strong>harpagophytum<\/strong> (griffe du diable) et de <strong>vitamine C<\/strong> pour les <strong>articulations<\/strong> et le confort locomoteur. L\u2019harpagophytum est une plante originaire d\u2019Afrique centrale et du Sud reconnue comme \u00e9tant un puissant <strong>anti-douleur<\/strong> et <strong>anti-inflammatoire naturel.<\/strong><\/p>\n<p><strong>Particuli\u00e8rement recommand\u00e9 pour:<\/strong><br \/>\n&#8211; soulager les <a href=\"https:\/\/www.bleu-roy.com\/nl\/arthrose-raideurs-articulaires\/\">articulations sensibles<\/a>.<br \/>\n&#8211; Am\u00e9liorer la souplesse g\u00e9n\u00e9rale du cheval.<br \/>\n&#8211; Apporte plus de confort locomoteur.<\/p>\n<p><strong>Les plus:<br \/>\n<\/strong>&#8211; Anti-inflammatoire naturel.<br \/>\n&#8211; Riche en vitamine C. Apporte du tonus (surtout chez les chevaux \u00e2g\u00e9s) et soutient le syst\u00e8me immunitaire.<br \/>\n&#8211; Ne provoque pas d&rsquo;acidit\u00e9 au niveau de l&rsquo;estomac, id\u00e9al pour les chevaux au syst\u00e8me digestif sensible.<br \/>\n&#8211; Les chevaux le mangent tr\u00e8s bien.<\/p>\n<div class=\"page\" title=\"Page 1\">\n<div class=\"section\">\n<div class=\"layoutArea\">\n<div class=\"column\">\n<div class=\"page\" title=\"Page 1\">\n<div class=\"section\">\n<div class=\"layoutArea\">\n<div class=\"column\">\n<div class=\"page\" title=\"Page 1\">\n<div class=\"section\">\n<div class=\"layoutArea\">\n<div class=\"column\">\n<p><strong>Id\u00e9al en cure de fond pour les chevaux souffrant <a href=\"https:\/\/www.bleu-roy.com\/nl\/arthrose-raideurs-articulaires\/\">d&rsquo;arthrose<\/a>.<\/strong><\/p>\n<p>\ud83d\udca1 <strong><em>L&rsquo;astuce Bleu-Roy:<\/em><\/strong> Le B-Harpago peut \u00eatre donn\u00e9 en combinaison du <a href=\"https:\/\/www.bleu-roy.com\/nl\/product\/b-flex\/\">B-Flex<\/a>. Le B-Harpago pour son action g\u00e9n\u00e9rale et le <a href=\"https:\/\/www.bleu-roy.com\/nl\/product\/b-flex\/\">B-Flex<\/a> pour son action cibl\u00e9e.<br \/>\nPour tout savoir sur l&rsquo;arthrose et les raideurs articulaires, consultez notre article technique \ud83d\udc49 <a href=\"https:\/\/www.bleu-roy.com\/nl\/arthrose-raideurs-articulaires\/\">ici<\/a>.<\/p>\n<p>Attention, B-Harpago doit \u00eatre arr\u00eat\u00e9 <strong>72 h avant toute comp\u00e9tition<\/strong> (contient des composants prohib\u00e9s par la FEI).<\/p>\n<\/div>\n<\/div>\n<\/div>\n<\/div>\n<\/div>\n<\/div>\n<\/div>\n<\/div>\n<\/div>\n<\/div>\n<\/div>\n<\/div>","protected":false},"featured_media":13520,"comment_status":"open","ping_status":"closed","template":"","meta":[],"product_brand":[],"product_cat":[69],"product_tag":[120,118,123,117,96,124],"class_list":{"0":"post-13556","1":"product","2":"type-product","3":"status-publish","4":"has-post-thumbnail","6":"product_cat-locomotion","7":"product_tag-arthrose","8":"product_tag-articulations","9":"product_tag-harpagophytum","10":"product_tag-locomotion","11":"product_tag-tendons","12":"product_tag-vitamine-c","14":"first","15":"instock","16":"taxable","17":"shipping-taxable","18":"purchasable","19":"product-type-variable"},"_links":{"self":[{"href":"https:\/\/www.bleu-roy.com\/nl\/wp-json\/wp\/v2\/product\/13556","targetHints":{"allow":["GET"]}}],"collection":[{"href":"https:\/\/www.bleu-roy.com\/nl\/wp-json\/wp\/v2\/product"}],"about":[{"href":"https:\/\/www.bleu-roy.com\/nl\/wp-json\/wp\/v2\/types\/product"}],"replies":[{"embeddable":true,"href":"https:\/\/www.bleu-roy.com\/nl\/wp-json\/wp\/v2\/comments?post=13556"}],"wp:featuredmedia":[{"embeddable":true,"href":"https:\/\/www.bleu-roy.com\/nl\/wp-json\/wp\/v2\/media\/13520"}],"wp:attachment":[{"href":"https:\/\/www.bleu-roy.com\/nl\/wp-json\/wp\/v2\/media?parent=13556"}],"wp:term":[{"taxonomy":"product_brand","embeddable":true,"href":"https:\/\/www.bleu-roy.com\/nl\/wp-json\/wp\/v2\/product_brand?post=13556"},{"taxonomy":"product_cat","embeddable":true,"href":"https:\/\/www.bleu-roy.com\/nl\/wp-json\/wp\/v2\/product_cat?post=13556"},{"taxonomy":"product_tag","embeddable":true,"href":"https:\/\/www.bleu-roy.com\/nl\/wp-json\/wp\/v2\/product_tag?post=13556"}],"curies":[{"name":"wp","href":"https:\/\/api.w.org\/{rel}","templated":true}]}}