{"id":13550,"date":"2025-01-20T18:34:14","date_gmt":"2025-01-20T18:34:14","guid":{"rendered":"https:\/\/bleuroy2.nelty.dev\/?post_type=product&#038;p=13550"},"modified":"2025-11-30T18:46:46","modified_gmt":"2025-11-30T18:46:46","slug":"b-flex","status":"publish","type":"product","link":"https:\/\/www.bleu-roy.com\/nl\/product\/b-flex\/","title":{"rendered":"B-Flex"},"content":{"rendered":"","protected":false},"excerpt":{"rendered":"<p>Suppl\u00e9ment en poudre pour la <strong>protection des <a href=\"https:\/\/www.bleu-roy.com\/nl\/arthrose-raideurs-articulaires\/\">articulations<\/a>, des tendons et des cartilages<\/strong>. Formule concentr\u00e9e de glucosamine, chondro\u00eftine et beta-glucans pour le <strong>confort locomoteur<\/strong> des chevaux soumis aux <strong>efforts r\u00e9p\u00e9t\u00e9s<\/strong> ou sujets aux <strong>blessures<\/strong> tendino-articulaires.<br \/>\nLes articulations et les tendons des chevaux au travail (chevaux de comp\u00e9titions ou \u00e0 activit\u00e9 soutenue) sont mis \u00e0 rude \u00e9preuve.<\/p>\n<div class=\"page\" title=\"Page 1\">\n<div class=\"section\">\n<div class=\"layoutArea\">\n<div class=\"column\">\n<div class=\"page\" title=\"Page 1\">\n<div class=\"section\">\n<div class=\"layoutArea\">\n<div class=\"column\">\n<div class=\"page\" title=\"Page 1\">\n<div class=\"section\">\n<div class=\"layoutArea\">\n<div class=\"column\">\n<p><strong>Particuli\u00e8rement recommand\u00e9 pour:<\/strong><br \/>\n&#8211; Am\u00e9liorer la souplesse g\u00e9n\u00e9rale du cheval.<br \/>\n&#8211; Soutenir et prot\u00e9ger les articulations, les cartilages et les tendons en p\u00e9riode d\u2019efforts.<br \/>\n&#8211; Apporter plus de confort locomoteur.<br \/>\n&#8211; Les chevaux le mangent tr\u00e8s bien.<\/p>\n<p><strong>Id\u00e9al en cure de fond ou en p\u00e9riode de travail soutenu.<\/strong><\/p>\n<p>\ud83d\udca1\u00a0<strong><em>L\u2019astuce Bleu-Roy:<\/em><\/strong> Le B-Flex peut \u00eatre donn\u00e9 en combinaison du <a href=\"https:\/\/www.bleu-roy.com\/nl\/product\/b-harpago\/\">B-Harpago<\/a> pour les chevaux souffrants d&rsquo;arthrose. Le B-Flex pour son action cibl\u00e9e et le <a href=\"https:\/\/www.bleu-roy.com\/nl\/product\/b-harpago\/\">B-Harpago<\/a> pour son action g\u00e9n\u00e9rale.<br \/>\nPour tout savoir sur l\u2019arthrose et les raideurs articulaires, consultez notre article technique \ud83d\udc49\u00a0<a href=\"https:\/\/www.bleu-roy.com\/nl\/arthrose-raideurs-articulaires\/\">ici<\/a>.<\/p>\n<\/div>\n<\/div>\n<\/div>\n<\/div>\n<\/div>\n<\/div>\n<\/div>\n<\/div>\n<\/div>\n<\/div>\n<\/div>\n<\/div>","protected":false},"featured_media":13516,"comment_status":"open","ping_status":"closed","template":"","meta":[],"product_brand":[],"product_cat":[69],"product_tag":[120,118,119,122,121,117,96],"class_list":{"0":"post-13550","1":"product","2":"type-product","3":"status-publish","4":"has-post-thumbnail","6":"product_cat-locomotion","7":"product_tag-arthrose","8":"product_tag-articulations","9":"product_tag-cartilages","10":"product_tag-competition","11":"product_tag-efforts","12":"product_tag-locomotion","13":"product_tag-tendons","15":"first","16":"instock","17":"taxable","18":"shipping-taxable","19":"purchasable","20":"product-type-variable"},"_links":{"self":[{"href":"https:\/\/www.bleu-roy.com\/nl\/wp-json\/wp\/v2\/product\/13550","targetHints":{"allow":["GET"]}}],"collection":[{"href":"https:\/\/www.bleu-roy.com\/nl\/wp-json\/wp\/v2\/product"}],"about":[{"href":"https:\/\/www.bleu-roy.com\/nl\/wp-json\/wp\/v2\/types\/product"}],"replies":[{"embeddable":true,"href":"https:\/\/www.bleu-roy.com\/nl\/wp-json\/wp\/v2\/comments?post=13550"}],"wp:featuredmedia":[{"embeddable":true,"href":"https:\/\/www.bleu-roy.com\/nl\/wp-json\/wp\/v2\/media\/13516"}],"wp:attachment":[{"href":"https:\/\/www.bleu-roy.com\/nl\/wp-json\/wp\/v2\/media?parent=13550"}],"wp:term":[{"taxonomy":"product_brand","embeddable":true,"href":"https:\/\/www.bleu-roy.com\/nl\/wp-json\/wp\/v2\/product_brand?post=13550"},{"taxonomy":"product_cat","embeddable":true,"href":"https:\/\/www.bleu-roy.com\/nl\/wp-json\/wp\/v2\/product_cat?post=13550"},{"taxonomy":"product_tag","embeddable":true,"href":"https:\/\/www.bleu-roy.com\/nl\/wp-json\/wp\/v2\/product_tag?post=13550"}],"curies":[{"name":"wp","href":"https:\/\/api.w.org\/{rel}","templated":true}]}}