{"id":13545,"date":"2025-01-20T18:16:46","date_gmt":"2025-01-20T18:16:46","guid":{"rendered":"https:\/\/bleuroy2.nelty.dev\/?post_type=product&#038;p=13545"},"modified":"2025-11-30T18:46:46","modified_gmt":"2025-11-30T18:46:46","slug":"b-relax","status":"publish","type":"product","link":"https:\/\/www.bleu-roy.com\/nl\/product\/b-relax\/","title":{"rendered":"B-Relax"},"content":{"rendered":"","protected":false},"excerpt":{"rendered":"<p>Suppl\u00e9ment <strong>en poudre<\/strong> \u00e0 base de <strong>magn\u00e9sium<\/strong>, <strong>tryptophane<\/strong> et <strong>m\u00e9lisse officinale<\/strong>. Il limite l\u2019anxi\u00e9t\u00e9 et <strong>apaise le cheval au quotidien<\/strong> ou en pr\u00e9vention d\u2019un \u00e9v\u00e8nement stressant sans pour autant diminuer son attention ou nuire \u00e0 ses performances.<br \/>\nVotre cheval aborde les probl\u00e8mes plus sereinement et devient plus disponible dans le travail ou les manipulations.<\/p>\n<p><strong>Particuli\u00e8rement recommand\u00e9 pour:<br \/>\n<\/strong>&#8211; Le <a href=\"https:\/\/www.bleu-roy.com\/nl\/cheval-stress\/\">cheval nerveux et anxieux<\/a> au quotidien.<br \/>\n&#8211; Le cheval qui manque de concentration et\/ou de disponibilit\u00e9 dans le travail.<br \/>\n&#8211; Le <a href=\"https:\/\/www.bleu-roy.com\/nl\/cheval-stress\/\">cheval stress\u00e9<\/a> qui a besoin de s&rsquo;acclimater \u00e0 une nouvelle situation ou pour passer un cap (d\u00e9bourrage, remise en route apr\u00e8s une longe p\u00e9riode d&rsquo;arr\u00eat, changement de mode de vie&#8230;).<\/p>\n<p><strong>Les plus:<\/strong><br \/>\n&#8211; Diminue les r\u00e9actions dues au stress quotidien sans modifier les performances.<br \/>\n&#8211; Id\u00e9al pour une utilisation quotidienne ou en pr\u00e9vention d\u2019un \u00e9v\u00e8nement stressant.<br \/>\n&#8211; Les chevaux le mangent tr\u00e8s bien.<\/p>\n<p><strong>R\u00e9sultats visibles rapidement.<\/strong><\/p>\n<p>\ud83d\udca1\u00a0<em><strong>L\u2019astuce Bleu-Roy:\u00a0<\/strong><\/em><br \/>\nPour les\u00a0<a href=\"https:\/\/www.bleu-roy.com\/nl\/cheval-stress\/\">grands stress\u00e9s<\/a>, vous pouvez le combiner avec notre <a href=\"https:\/\/www.bleu-roy.com\/nl\/product\/l-focus\/\">L-Focus<\/a>.<br \/>\nStress\u00e9 au concours? Optez pour nos seringues anti-stress,\u00a0<a href=\"https:\/\/www.bleu-roy.com\/nl\/product\/b-calm\/\">B-Calm<\/a>.<br \/>\nD\u00e9couvrez \u00e9galement notre\u00a0<a href=\"https:\/\/www.bleu-roy.com\/nl\/cheval-stresse\/\">aliment sp\u00e9cifique<\/a>\u00a0pour les\u00a0<a href=\"https:\/\/www.bleu-roy.com\/nl\/cheval-stress\/\">chevaux stress\u00e9s<\/a>:\u00a0<a href=\"https:\/\/www.bleu-roy.com\/nl\/product\/no-stress\/\">Bleu-Roy No Stress<\/a><\/p>","protected":false},"featured_media":13531,"comment_status":"open","ping_status":"closed","template":"","meta":[],"product_brand":[],"product_cat":[74],"product_tag":[112,115,113,114],"class_list":{"0":"post-13545","1":"product","2":"type-product","3":"status-publish","4":"has-post-thumbnail","6":"product_cat-concentration","7":"product_tag-concentration","8":"product_tag-magnesium","9":"product_tag-melisse-officinale","10":"product_tag-stress","12":"first","13":"instock","14":"taxable","15":"shipping-taxable","16":"purchasable","17":"product-type-variable"},"_links":{"self":[{"href":"https:\/\/www.bleu-roy.com\/nl\/wp-json\/wp\/v2\/product\/13545","targetHints":{"allow":["GET"]}}],"collection":[{"href":"https:\/\/www.bleu-roy.com\/nl\/wp-json\/wp\/v2\/product"}],"about":[{"href":"https:\/\/www.bleu-roy.com\/nl\/wp-json\/wp\/v2\/types\/product"}],"replies":[{"embeddable":true,"href":"https:\/\/www.bleu-roy.com\/nl\/wp-json\/wp\/v2\/comments?post=13545"}],"wp:featuredmedia":[{"embeddable":true,"href":"https:\/\/www.bleu-roy.com\/nl\/wp-json\/wp\/v2\/media\/13531"}],"wp:attachment":[{"href":"https:\/\/www.bleu-roy.com\/nl\/wp-json\/wp\/v2\/media?parent=13545"}],"wp:term":[{"taxonomy":"product_brand","embeddable":true,"href":"https:\/\/www.bleu-roy.com\/nl\/wp-json\/wp\/v2\/product_brand?post=13545"},{"taxonomy":"product_cat","embeddable":true,"href":"https:\/\/www.bleu-roy.com\/nl\/wp-json\/wp\/v2\/product_cat?post=13545"},{"taxonomy":"product_tag","embeddable":true,"href":"https:\/\/www.bleu-roy.com\/nl\/wp-json\/wp\/v2\/product_tag?post=13545"}],"curies":[{"name":"wp","href":"https:\/\/api.w.org\/{rel}","templated":true}]}}