{"id":13540,"date":"2025-01-20T17:45:45","date_gmt":"2025-01-20T17:45:45","guid":{"rendered":"https:\/\/bleuroy2.nelty.dev\/?post_type=product&#038;p=13540"},"modified":"2025-11-30T18:46:46","modified_gmt":"2025-11-30T18:46:46","slug":"b-biotine","status":"publish","type":"product","link":"https:\/\/www.bleu-roy.com\/nl\/product\/b-biotine\/","title":{"rendered":"B-Biotine"},"content":{"rendered":"","protected":false},"excerpt":{"rendered":"<p>Suppl\u00e9ment <strong>en poudre<\/strong> fortement dos\u00e9 en <strong>biotine<\/strong> et en <strong>vitamine PP<\/strong> pour les <strong>pieds<\/strong>, la <strong>robe<\/strong> et la <strong>peau<\/strong> des chevaux. B-Biotine stimule et acc\u00e9l\u00e8re le <strong>renouvellement de la corne<\/strong> tout en am\u00e9liorant sa qualit\u00e9.<\/p>\n<p><strong>Particuli\u00e8rement conseill\u00e9e pour:<\/strong><br \/>\n&#8211; les sabots de mauvaise qualit\u00e9 (cassants)<br \/>\n&#8211; les sabots qui poussent trop lentement.<br \/>\n&#8211; les chevaux souffrant de <strong>probl\u00e8mes de peau<\/strong> chroniques (d\u00e9mangeaisons, poils ternes, pelades,&#8230;).<\/p>\n<div class=\"page\" title=\"Page 1\">\n<div class=\"section\">\n<div class=\"layoutArea\">\n<div class=\"column\">\n<p><strong>Les plus:<\/strong><br \/>\n&#8211; Am\u00e9liore la <strong>qualit\u00e9 de la corne<\/strong> des pieds, la rend moins cassante et plus souple.<br \/>\n&#8211; Acc\u00e9l\u00e8re la <strong>croissance<\/strong> du pied.<br \/>\n&#8211; Rend <strong>la robe et les crins brillants<\/strong> et leur couleur plus intense.<br \/>\n&#8211; Apaise les <strong>peaux sensibles<\/strong> et diminue les <a href=\"https:\/\/www.bleu-roy.com\/nl\/product\/pro-skin\/\"><strong>d\u00e9mangeaisons<\/strong><\/a>.<\/p>\n<p>L\u2019effet est visible sur la corne des pieds d\u00e9j\u00e0 apr\u00e8s 15 jours d\u2019administration quotidienne.<br \/>\nApr\u00e8s 6 \u00e0 8 mois de traitement, la corne est compl\u00e8tement renouvel\u00e9e sur toute la hauteur du pied.<br \/>\nLes effets sur la robe et les crins sont d\u00e9j\u00e0 visibles apr\u00e8s 15 jours.<\/p>\n<p>\ud83d\udca1 <em><strong>L&rsquo;astuce Bleu-Roy:<\/strong><\/em> pour un r\u00e9sultat id\u00e9al,<strong> 3 \u00e0 6 mois de traitement<\/strong> est recommand\u00e9.<br \/>\nD\u00e9couvrez aussi notre gamme compl\u00e8te de <a href=\"https:\/\/www.bleu-roy.com\/nl\/pieds-sabots\/\">soins des pied<\/a>s pour des sabots en pleine sant\u00e9 toute l&rsquo;ann\u00e9e.<\/p>\n<\/div>\n<\/div>\n<\/div>\n<\/div>","protected":false},"featured_media":13505,"comment_status":"open","ping_status":"closed","template":"","meta":[],"product_brand":[],"product_cat":[111],"product_tag":[116,90,101,81,84],"class_list":{"0":"post-13540","1":"product","2":"type-product","3":"status-publish","4":"has-post-thumbnail","6":"product_cat-sabots-robe","7":"product_tag-biotine","8":"product_tag-crins","9":"product_tag-peau","10":"product_tag-pieds","11":"product_tag-sabots","13":"first","14":"instock","15":"taxable","16":"shipping-taxable","17":"purchasable","18":"product-type-variable"},"_links":{"self":[{"href":"https:\/\/www.bleu-roy.com\/nl\/wp-json\/wp\/v2\/product\/13540","targetHints":{"allow":["GET"]}}],"collection":[{"href":"https:\/\/www.bleu-roy.com\/nl\/wp-json\/wp\/v2\/product"}],"about":[{"href":"https:\/\/www.bleu-roy.com\/nl\/wp-json\/wp\/v2\/types\/product"}],"replies":[{"embeddable":true,"href":"https:\/\/www.bleu-roy.com\/nl\/wp-json\/wp\/v2\/comments?post=13540"}],"wp:featuredmedia":[{"embeddable":true,"href":"https:\/\/www.bleu-roy.com\/nl\/wp-json\/wp\/v2\/media\/13505"}],"wp:attachment":[{"href":"https:\/\/www.bleu-roy.com\/nl\/wp-json\/wp\/v2\/media?parent=13540"}],"wp:term":[{"taxonomy":"product_brand","embeddable":true,"href":"https:\/\/www.bleu-roy.com\/nl\/wp-json\/wp\/v2\/product_brand?post=13540"},{"taxonomy":"product_cat","embeddable":true,"href":"https:\/\/www.bleu-roy.com\/nl\/wp-json\/wp\/v2\/product_cat?post=13540"},{"taxonomy":"product_tag","embeddable":true,"href":"https:\/\/www.bleu-roy.com\/nl\/wp-json\/wp\/v2\/product_tag?post=13540"}],"curies":[{"name":"wp","href":"https:\/\/api.w.org\/{rel}","templated":true}]}}