{"id":13479,"date":"2025-01-18T16:26:57","date_gmt":"2025-01-18T16:26:57","guid":{"rendered":"https:\/\/bleuroy2.nelty.dev\/?post_type=product&#038;p=13479"},"modified":"2025-11-30T18:46:46","modified_gmt":"2025-11-30T18:46:46","slug":"eyes-nose","status":"publish","type":"product","link":"https:\/\/www.bleu-roy.com\/nl\/product\/eyes-nose\/","title":{"rendered":"Eyes &#038; Nose"},"content":{"rendered":"","protected":false},"excerpt":{"rendered":"<p class=\"p1\"><span class=\"s1\">Lotion <strong>nettoyante, apaisante et purifiante<\/strong> \u00e0 l\u2019ar\u00f4me de rose\u00a0<\/span><span class=\"s2\">pour les yeux et les naseaux.<\/span><\/p>\n<p class=\"p1\"><strong>Mode d&#8217;emploi:<\/strong><br \/>\n<span class=\"s1\">&#8211; <\/span><span class=\"s1\">Humidifiez le petit gant (fourni) avec un peu de lotion.<br \/>\n<\/span><span class=\"s1\">&#8211; <\/span><span class=\"s1\">Nettoyez d\u00e9licatement les zones sensibles (yeux et naseaux).<br \/>\n<\/span><span class=\"s1\">&#8211; Pas besoin de rincer \u00e0 l\u2019eau.<span class=\"Apple-converted-space\">\u00a0\u00a0<\/span>Ne pique pas.<\/span><\/p>\n<p class=\"p1\"><strong>Le plus?<\/strong><br \/>\nSon gant r\u00e9utilisable fourni pour une utilisation facile.<\/p>\n<p>\ud83d\udca1<em><strong> L&rsquo;astuce Bleu-Roy:<\/strong> <\/em>Utilisez Eyes &amp; Nose en finition de votre pansage. Id\u00e9al pour les yeux qui coulent, sujets aux conjonctivites ou simplement pour un cheval parfaitement toilett\u00e9 avant une s\u00e9ance de travail ou une \u00e9preuve.<br \/>\nD\u00e9couvrez aussi nos autres indispensables du pansage: <a href=\"https:\/\/www.bleu-roy.com\/nl\/product\/pro-hair\/\">Pro-Hair<\/a> (d\u00e9m\u00ealant lustrant aux agrumes), <a href=\"https:\/\/www.bleu-roy.com\/nl\/product\/hoof-cream\/\">Hoof-Cream<\/a> et <a href=\"https:\/\/www.bleu-roy.com\/nl\/product\/hoof-oil\/\">Hoof-Oil<\/a> (pour des sabots propres et brillants) ou encore <a href=\"https:\/\/www.bleu-roy.com\/nl\/product\/super-wash\/\">Super-Wash<\/a> (pour un shampooing parfait)<\/p>","protected":false},"featured_media":13514,"comment_status":"open","ping_status":"closed","template":"","meta":[],"product_brand":[],"product_cat":[67],"product_tag":[107,106,83,105],"class_list":{"0":"post-13479","1":"product","2":"type-product","3":"status-publish","4":"has-post-thumbnail","6":"product_cat-yeaux-naseaux","7":"product_tag-hygiene","8":"product_tag-naseaux","9":"product_tag-soins","10":"product_tag-yeux","12":"first","13":"instock","14":"taxable","15":"shipping-taxable","16":"purchasable","17":"product-type-simple"},"_links":{"self":[{"href":"https:\/\/www.bleu-roy.com\/nl\/wp-json\/wp\/v2\/product\/13479","targetHints":{"allow":["GET"]}}],"collection":[{"href":"https:\/\/www.bleu-roy.com\/nl\/wp-json\/wp\/v2\/product"}],"about":[{"href":"https:\/\/www.bleu-roy.com\/nl\/wp-json\/wp\/v2\/types\/product"}],"replies":[{"embeddable":true,"href":"https:\/\/www.bleu-roy.com\/nl\/wp-json\/wp\/v2\/comments?post=13479"}],"wp:featuredmedia":[{"embeddable":true,"href":"https:\/\/www.bleu-roy.com\/nl\/wp-json\/wp\/v2\/media\/13514"}],"wp:attachment":[{"href":"https:\/\/www.bleu-roy.com\/nl\/wp-json\/wp\/v2\/media?parent=13479"}],"wp:term":[{"taxonomy":"product_brand","embeddable":true,"href":"https:\/\/www.bleu-roy.com\/nl\/wp-json\/wp\/v2\/product_brand?post=13479"},{"taxonomy":"product_cat","embeddable":true,"href":"https:\/\/www.bleu-roy.com\/nl\/wp-json\/wp\/v2\/product_cat?post=13479"},{"taxonomy":"product_tag","embeddable":true,"href":"https:\/\/www.bleu-roy.com\/nl\/wp-json\/wp\/v2\/product_tag?post=13479"}],"curies":[{"name":"wp","href":"https:\/\/api.w.org\/{rel}","templated":true}]}}