{"id":13478,"date":"2025-01-18T16:19:22","date_gmt":"2025-01-18T16:19:22","guid":{"rendered":"https:\/\/bleuroy2.nelty.dev\/?post_type=product&#038;p=13478"},"modified":"2026-04-13T14:04:04","modified_gmt":"2026-04-13T14:04:04","slug":"easy-clay","status":"publish","type":"product","link":"https:\/\/www.bleu-roy.com\/nl\/product\/easy-clay\/","title":{"rendered":"Easy Clay"},"content":{"rendered":"","protected":false},"excerpt":{"rendered":"<p class=\"p1\"><span class=\"s1\">Argile <strong>d\u00e9toxifiante et<span class=\"Apple-converted-space\">\u00a0\u00a0<\/span>refroidissante<\/strong> \u00e0 l\u2019huile essentielle d\u2019eucalyptus.<br \/>\n<\/span><b><i>S\u2019enl\u00e8ve sans effort \u00e0 l\u2019eau (pas besoin de frotter).<\/i><\/b><\/p>\n<p class=\"p2\"><span class=\"s2\">&#8211;<\/span>Favorise la <a href=\"https:\/\/www.bleu-roy.com\/nl\/blog-performance-recuperation\/\"><strong>r\u00e9cup\u00e9ration<\/strong><\/a>, refroidit les membres apr\u00e8s un effort (tendons, articulations, muscles,\u2026).<br \/>\n&#8211; <strong>Astringent<\/strong>: resserre les tissus musculaires, tendineux,\u2026<br \/>\n&#8211; Favorise la gu\u00e9rison des blessures aux <strong>tendons, ligaments, articulations et muscles<\/strong>.<br \/>\n&#8211; D\u00e9sengorge les <strong>membres gonfl\u00e9s<\/strong> (\u0153d\u00e8me de boxe, tares moles)<span class=\"s3\">.<br \/>\n<\/span>&#8211; Absorbe les<strong> toxines et bact\u00e9ries<\/strong> (plaies, h\u00e9matomes,\u2026)<\/p>\n<p class=\"p1\"><strong><em>Mode d&#8217;emploi:<br \/>\n<\/em><\/strong>&#8211; Appliquer sur le membre du cheval un couche r\u00e9guli\u00e8re.<br \/>\n&#8211; Laisser \u00e0 l\u2019air libre ou, pour un effet optimal, appliquer une feuille de papier mouill\u00e9e puis recouvrir de sous-bandages et de bandages.<br \/>\n&#8211; Nettoyer \u00e0 l\u2019eau une fois s\u00e8che.<\/p>\n<p>\ud83d\udca1<strong><em>L&rsquo;astuce Bleu-Roy:<\/em><\/strong> Id\u00e9al apr\u00e8s une s\u00e9ance intense ou une comp\u00e9tition. Pour un usage quotidien, d\u00e9couvrez <a href=\"https:\/\/www.bleu-roy.com\/nl\/product\/pro-legs\/\">Pro Legs<\/a>, notre gel tendons refroidissant.<\/p>","protected":false},"featured_media":13510,"comment_status":"open","ping_status":"closed","template":"","meta":[],"product_brand":[],"product_cat":[65],"product_tag":[102,103,97,83,96],"class_list":{"0":"post-13478","1":"product","2":"type-product","3":"status-publish","4":"has-post-thumbnail","6":"product_cat-confort-locomotion","7":"product_tag-argile","8":"product_tag-recuperation","9":"product_tag-refroidissant","10":"product_tag-soins","11":"product_tag-tendons","13":"first","14":"instock","15":"taxable","16":"shipping-taxable","17":"purchasable","18":"product-type-simple"},"_links":{"self":[{"href":"https:\/\/www.bleu-roy.com\/nl\/wp-json\/wp\/v2\/product\/13478","targetHints":{"allow":["GET"]}}],"collection":[{"href":"https:\/\/www.bleu-roy.com\/nl\/wp-json\/wp\/v2\/product"}],"about":[{"href":"https:\/\/www.bleu-roy.com\/nl\/wp-json\/wp\/v2\/types\/product"}],"replies":[{"embeddable":true,"href":"https:\/\/www.bleu-roy.com\/nl\/wp-json\/wp\/v2\/comments?post=13478"}],"wp:featuredmedia":[{"embeddable":true,"href":"https:\/\/www.bleu-roy.com\/nl\/wp-json\/wp\/v2\/media\/13510"}],"wp:attachment":[{"href":"https:\/\/www.bleu-roy.com\/nl\/wp-json\/wp\/v2\/media?parent=13478"}],"wp:term":[{"taxonomy":"product_brand","embeddable":true,"href":"https:\/\/www.bleu-roy.com\/nl\/wp-json\/wp\/v2\/product_brand?post=13478"},{"taxonomy":"product_cat","embeddable":true,"href":"https:\/\/www.bleu-roy.com\/nl\/wp-json\/wp\/v2\/product_cat?post=13478"},{"taxonomy":"product_tag","embeddable":true,"href":"https:\/\/www.bleu-roy.com\/nl\/wp-json\/wp\/v2\/product_tag?post=13478"}],"curies":[{"name":"wp","href":"https:\/\/api.w.org\/{rel}","templated":true}]}}