{"id":13469,"date":"2025-01-18T15:52:45","date_gmt":"2025-01-18T15:52:45","guid":{"rendered":"https:\/\/bleuroy2.nelty.dev\/?post_type=product&#038;p=13469"},"modified":"2025-11-30T18:46:49","modified_gmt":"2025-11-30T18:46:49","slug":"pro-legs","status":"publish","type":"product","link":"https:\/\/www.bleu-roy.com\/nl\/product\/pro-legs\/","title":{"rendered":"Pro Legs"},"content":{"rendered":"","protected":false},"excerpt":{"rendered":"<p class=\"p1\"><span class=\"s1\">Gel tendons <strong>refroidissant<\/strong> \u00e0 l\u2019huile essentielle d\u2019eucalyptus. Limite les risques de blessures.<\/span><\/p>\n<p class=\"p1\"><strong>Utilisation:<\/strong><br \/>\n<em>Apr\u00e8s l\u2019effort:<\/em>\u00a0soulage et rafraichit les membres (tendons, articulations).<br \/>\n<em>\u00c9galement utile pour:<\/em>\u00a0soulage les chevaux souffrant de tendinites, probl\u00e8mes articulaires, crampes et courbatures\/raideurs musculaires.<\/p>\n<p><strong>Mode d&#8217;emploi:<\/strong><br \/>\nAppliquer une noisette de gel sur le tendon. S&rsquo;assurer que le membre soit propre et sec. Masser jusqu&rsquo;\u00e0 p\u00e9n\u00e9tration.<br \/>\nPas besoin de rincer.<\/p>\n<p>\ud83d\udca1<strong><em>L\u2019astuce Bleu-Roy:<\/em><\/strong> Id\u00e9al pour un usage quotidien. Apr\u00e8s une s\u00e9ance intense ou une comp\u00e9tition, d\u00e9couvrez <a href=\"https:\/\/www.bleu-roy.com\/nl\/product\/easy-clay\/\">Easy Clay<\/a>, notre argile refroidissante.<\/p>","protected":false},"featured_media":13528,"comment_status":"open","ping_status":"closed","template":"","meta":[],"product_brand":[],"product_cat":[65],"product_tag":[97,104,83,96],"class_list":{"0":"post-13469","1":"product","2":"type-product","3":"status-publish","4":"has-post-thumbnail","6":"product_cat-confort-locomotion","7":"product_tag-refroidissant","8":"product_tag-reuperation","9":"product_tag-soins","10":"product_tag-tendons","12":"first","13":"instock","14":"taxable","15":"shipping-taxable","16":"purchasable","17":"product-type-simple"},"_links":{"self":[{"href":"https:\/\/www.bleu-roy.com\/nl\/wp-json\/wp\/v2\/product\/13469","targetHints":{"allow":["GET"]}}],"collection":[{"href":"https:\/\/www.bleu-roy.com\/nl\/wp-json\/wp\/v2\/product"}],"about":[{"href":"https:\/\/www.bleu-roy.com\/nl\/wp-json\/wp\/v2\/types\/product"}],"replies":[{"embeddable":true,"href":"https:\/\/www.bleu-roy.com\/nl\/wp-json\/wp\/v2\/comments?post=13469"}],"wp:featuredmedia":[{"embeddable":true,"href":"https:\/\/www.bleu-roy.com\/nl\/wp-json\/wp\/v2\/media\/13528"}],"wp:attachment":[{"href":"https:\/\/www.bleu-roy.com\/nl\/wp-json\/wp\/v2\/media?parent=13469"}],"wp:term":[{"taxonomy":"product_brand","embeddable":true,"href":"https:\/\/www.bleu-roy.com\/nl\/wp-json\/wp\/v2\/product_brand?post=13469"},{"taxonomy":"product_cat","embeddable":true,"href":"https:\/\/www.bleu-roy.com\/nl\/wp-json\/wp\/v2\/product_cat?post=13469"},{"taxonomy":"product_tag","embeddable":true,"href":"https:\/\/www.bleu-roy.com\/nl\/wp-json\/wp\/v2\/product_tag?post=13469"}],"curies":[{"name":"wp","href":"https:\/\/api.w.org\/{rel}","templated":true}]}}