{"id":13451,"date":"2025-01-18T07:04:03","date_gmt":"2025-01-18T07:04:03","guid":{"rendered":"https:\/\/bleuroy2.nelty.dev\/?post_type=product&#038;p=13451"},"modified":"2025-11-30T18:46:46","modified_gmt":"2025-11-30T18:46:46","slug":"pro-hair","status":"publish","type":"product","link":"https:\/\/www.bleu-roy.com\/nl\/product\/pro-hair\/","title":{"rendered":"Pro Hair"},"content":{"rendered":"","protected":false},"excerpt":{"rendered":"<p class=\"p1\"><span class=\"s1\">Spray <strong>d\u00e9m\u00ealant et lustrant<\/strong> aux extraits d\u2019agrumes\u00a0<\/span><span class=\"s1\">pour les crins et la robe des chevaux.<\/span><\/p>\n<p class=\"p3\"><span class=\"s2\"><strong>Les plus:<\/strong><br \/>\n&#8211; <\/span>Ultra d\u00e9m\u00ealant<br \/>\n&#8211; Effet longue dur\u00e9e.<br \/>\n&#8211; Fait briller la robe.<span class=\"s2\"><br \/>\n&#8211; <\/span>Respectueux de la peau.<br \/>\n&#8211; Senteurs d\u2019agrumes.<\/p>\n<p>\ud83d\udca1 <strong><em>L&rsquo;astuce Bleu-Roy:<\/em> <\/strong>Vous \u00eates fan de notre Pro Hair? Optez pour le format recharge! Une solution \u00e9cologique et \u00e9conomique (1 bidon de 2,5L est \u00e9gal \u00e0 5 flacons de 500 ml).<\/p>","protected":false},"featured_media":13526,"comment_status":"open","ping_status":"closed","template":"","meta":[],"product_brand":[],"product_cat":[66],"product_tag":[87,90,88,89,91,83],"class_list":{"0":"post-13451","1":"product","2":"type-product","3":"status-publish","4":"has-post-thumbnail","6":"product_cat-peau-crins","7":"product_tag-agrumes","8":"product_tag-crins","9":"product_tag-demelant","10":"product_tag-lustrant","11":"product_tag-robe","12":"product_tag-soins","14":"first","15":"instock","16":"taxable","17":"shipping-taxable","18":"purchasable","19":"product-type-variable"},"_links":{"self":[{"href":"https:\/\/www.bleu-roy.com\/nl\/wp-json\/wp\/v2\/product\/13451","targetHints":{"allow":["GET"]}}],"collection":[{"href":"https:\/\/www.bleu-roy.com\/nl\/wp-json\/wp\/v2\/product"}],"about":[{"href":"https:\/\/www.bleu-roy.com\/nl\/wp-json\/wp\/v2\/types\/product"}],"replies":[{"embeddable":true,"href":"https:\/\/www.bleu-roy.com\/nl\/wp-json\/wp\/v2\/comments?post=13451"}],"wp:featuredmedia":[{"embeddable":true,"href":"https:\/\/www.bleu-roy.com\/nl\/wp-json\/wp\/v2\/media\/13526"}],"wp:attachment":[{"href":"https:\/\/www.bleu-roy.com\/nl\/wp-json\/wp\/v2\/media?parent=13451"}],"wp:term":[{"taxonomy":"product_brand","embeddable":true,"href":"https:\/\/www.bleu-roy.com\/nl\/wp-json\/wp\/v2\/product_brand?post=13451"},{"taxonomy":"product_cat","embeddable":true,"href":"https:\/\/www.bleu-roy.com\/nl\/wp-json\/wp\/v2\/product_cat?post=13451"},{"taxonomy":"product_tag","embeddable":true,"href":"https:\/\/www.bleu-roy.com\/nl\/wp-json\/wp\/v2\/product_tag?post=13451"}],"curies":[{"name":"wp","href":"https:\/\/api.w.org\/{rel}","templated":true}]}}