{"id":13450,"date":"2025-01-18T06:55:06","date_gmt":"2025-01-18T06:55:06","guid":{"rendered":"https:\/\/bleuroy2.nelty.dev\/?post_type=product&#038;p=13450"},"modified":"2025-11-30T18:46:46","modified_gmt":"2025-11-30T18:46:46","slug":"hoof-grow","status":"publish","type":"product","link":"https:\/\/www.bleu-roy.com\/nl\/product\/hoof-grow\/","title":{"rendered":"Hoof Grow"},"content":{"rendered":"","protected":false},"excerpt":{"rendered":"<p class=\"p1\">Onguent <strong>hyper nourrissant<\/strong>. Hoof Grow stimule la <strong>pousse <\/strong><span class=\"s1\"><strong>de la corne<\/strong> et soutient la <strong>reconstruction des sabots.<br \/>\n<\/strong>Id\u00e9al pour les pieds tr\u00e8s <strong>ab\u00eem\u00e9s, cassants<\/strong> ou <strong>fragiles<\/strong>.<\/span><\/p>\n<p class=\"p1\"><span class=\"s1\"><strong>Mode d&#8217;emploi:<\/strong><br \/>\nAppliquer et masser avec les doigts sur la couronne (naissance de la corne) ou au pinceau sur les sabots fragilis\u00e9s.<\/span><\/p>\n<p>\ud83d\udca1<em><strong> L\u2019astuce Bleu-Roy:<\/strong><\/em><br \/>\nD\u00e9couvrez notre gamme compl\u00e8te de\u00a0<a href=\"https:\/\/www.bleu-roy.com\/nl\/pieds-sabots\/\">soins des pied<\/a>s pour des sabots en pleine sant\u00e9 toute l\u2019ann\u00e9e.<br \/>\nVotre cheval a des pieds secs et cassants? Envisagez une cure de\u00a0<a href=\"https:\/\/www.bleu-roy.com\/nl\/product\/b-biotine\/\">B-Biotine<\/a> pour\u00a0renforcer la corne des pieds et stimuler la pousse.<\/p>","protected":false},"featured_media":13522,"comment_status":"open","ping_status":"closed","template":"","meta":[],"product_brand":[],"product_cat":[64],"product_tag":[81,84,83],"class_list":{"0":"post-13450","1":"product","2":"type-product","3":"status-publish","4":"has-post-thumbnail","6":"product_cat-pieds-sabots","7":"product_tag-pieds","8":"product_tag-sabots","9":"product_tag-soins","11":"first","12":"instock","13":"taxable","14":"shipping-taxable","15":"purchasable","16":"product-type-simple"},"_links":{"self":[{"href":"https:\/\/www.bleu-roy.com\/nl\/wp-json\/wp\/v2\/product\/13450","targetHints":{"allow":["GET"]}}],"collection":[{"href":"https:\/\/www.bleu-roy.com\/nl\/wp-json\/wp\/v2\/product"}],"about":[{"href":"https:\/\/www.bleu-roy.com\/nl\/wp-json\/wp\/v2\/types\/product"}],"replies":[{"embeddable":true,"href":"https:\/\/www.bleu-roy.com\/nl\/wp-json\/wp\/v2\/comments?post=13450"}],"wp:featuredmedia":[{"embeddable":true,"href":"https:\/\/www.bleu-roy.com\/nl\/wp-json\/wp\/v2\/media\/13522"}],"wp:attachment":[{"href":"https:\/\/www.bleu-roy.com\/nl\/wp-json\/wp\/v2\/media?parent=13450"}],"wp:term":[{"taxonomy":"product_brand","embeddable":true,"href":"https:\/\/www.bleu-roy.com\/nl\/wp-json\/wp\/v2\/product_brand?post=13450"},{"taxonomy":"product_cat","embeddable":true,"href":"https:\/\/www.bleu-roy.com\/nl\/wp-json\/wp\/v2\/product_cat?post=13450"},{"taxonomy":"product_tag","embeddable":true,"href":"https:\/\/www.bleu-roy.com\/nl\/wp-json\/wp\/v2\/product_tag?post=13450"}],"curies":[{"name":"wp","href":"https:\/\/api.w.org\/{rel}","templated":true}]}}