{"id":13434,"date":"2025-01-18T06:27:59","date_gmt":"2025-01-18T06:27:59","guid":{"rendered":"https:\/\/bleuroy2.nelty.dev\/?post_type=product&#038;p=13434"},"modified":"2025-12-18T12:58:39","modified_gmt":"2025-12-18T12:58:39","slug":"skin-care","status":"publish","type":"product","link":"https:\/\/www.bleu-roy.com\/nl\/product\/skin-care\/","title":{"rendered":"Skin Care"},"content":{"rendered":"","protected":false},"excerpt":{"rendered":"<p class=\"p1\">Cr\u00e8me <strong>cicatrisante<\/strong> pour les petites plaies superficielles, irritations, \u00e9raflures, br\u00fblures, blessures d\u2019embouchure\u2026<br \/>\nConvient \u00e9galement pour une utilisation sur <strong>peaux sensibles<\/strong>.<\/p>\n<p class=\"p1\"><strong>Mode d&#8217;emploi:<\/strong><br \/>\nAppliquer une couche \u00e9paisse sur la blessure ou la zone irrit\u00e9e.<\/p>\n<p class=\"p1\"><strong>R\u00e9sultats visibles d\u00e8s la premi\u00e8re application.<\/strong><\/p>\n<p style=\"text-align: left;\">\ud83d\udca1 <strong>L\u2019astuce Bleu-Roy<\/strong>:<br \/>\nVotre cheval souffre de gale de boue? Optez plut\u00f4t pour <a href=\"https:\/\/www.bleu-roy.com\/nl\/product\/mud-care\/\">Mud Care.<\/a><\/p>","protected":false},"featured_media":13534,"comment_status":"open","ping_status":"closed","template":"","meta":[],"product_brand":[],"product_cat":[66],"product_tag":[95,93,92,94,80],"class_list":{"0":"post-13434","1":"product","2":"type-product","3":"status-publish","4":"has-post-thumbnail","6":"product_cat-peau-crins","7":"product_tag-blessures","8":"product_tag-brulure","9":"product_tag-cicatrisante","10":"product_tag-irritations","11":"product_tag-plaies","13":"first","14":"instock","15":"taxable","16":"shipping-taxable","17":"purchasable","18":"product-type-simple"},"_links":{"self":[{"href":"https:\/\/www.bleu-roy.com\/nl\/wp-json\/wp\/v2\/product\/13434","targetHints":{"allow":["GET"]}}],"collection":[{"href":"https:\/\/www.bleu-roy.com\/nl\/wp-json\/wp\/v2\/product"}],"about":[{"href":"https:\/\/www.bleu-roy.com\/nl\/wp-json\/wp\/v2\/types\/product"}],"replies":[{"embeddable":true,"href":"https:\/\/www.bleu-roy.com\/nl\/wp-json\/wp\/v2\/comments?post=13434"}],"wp:featuredmedia":[{"embeddable":true,"href":"https:\/\/www.bleu-roy.com\/nl\/wp-json\/wp\/v2\/media\/13534"}],"wp:attachment":[{"href":"https:\/\/www.bleu-roy.com\/nl\/wp-json\/wp\/v2\/media?parent=13434"}],"wp:term":[{"taxonomy":"product_brand","embeddable":true,"href":"https:\/\/www.bleu-roy.com\/nl\/wp-json\/wp\/v2\/product_brand?post=13434"},{"taxonomy":"product_cat","embeddable":true,"href":"https:\/\/www.bleu-roy.com\/nl\/wp-json\/wp\/v2\/product_cat?post=13434"},{"taxonomy":"product_tag","embeddable":true,"href":"https:\/\/www.bleu-roy.com\/nl\/wp-json\/wp\/v2\/product_tag?post=13434"}],"curies":[{"name":"wp","href":"https:\/\/api.w.org\/{rel}","templated":true}]}}