{"id":17929,"date":"2026-05-15T08:53:42","date_gmt":"2026-05-15T08:53:42","guid":{"rendered":"https:\/\/www.bleu-roy.com\/?page_id=17929"},"modified":"2026-05-15T09:57:02","modified_gmt":"2026-05-15T09:57:02","slug":"asthme","status":"publish","type":"page","link":"https:\/\/www.bleu-roy.com\/nl\/problematiques\/asthme\/","title":{"rendered":"Asthme &#038; allergies"},"content":{"rendered":"<div data-elementor-type=\"wp-page\" data-elementor-id=\"17929\" class=\"elementor elementor-17929\" data-elementor-post-type=\"page\">\n\t\t\t\t\t\t<section class=\"elementor-section elementor-top-section elementor-element elementor-element-2641bbf8 elementor-section-boxed elementor-section-height-default elementor-section-height-default\" data-id=\"2641bbf8\" data-element_type=\"section\" data-e-type=\"section\" data-settings=\"{&quot;background_background&quot;:&quot;classic&quot;}\">\n\t\t\t\t\t\t<div class=\"elementor-container elementor-column-gap-default\">\n\t\t\t\t\t<div class=\"elementor-column elementor-col-100 elementor-top-column elementor-element elementor-element-12a53a35\" data-id=\"12a53a35\" data-element_type=\"column\" data-e-type=\"column\">\n\t\t\t<div class=\"elementor-widget-wrap elementor-element-populated\">\n\t\t\t\t\t\t<div class=\"elementor-element elementor-element-28318502 elementor-widget elementor-widget-pix-badge\" data-id=\"28318502\" data-element_type=\"widget\" data-e-type=\"widget\" data-widget_type=\"pix-badge.default\">\n\t\t\t\t<div class=\"elementor-widget-container\">\n\t\t\t\t\t<div class=\"pix-element-div w-100 text-center\"><span class=\"pix-badge-element h6 d-inline-flex mr-1\"  ><span class=\"badge font-weight-bold badge-pill bg-secondary-light\" style=\" \"><span class=\"text-secondary\" style=\"\">Probl\u00e9matiques<\/span><\/span><\/span><\/div>\t\t\t\t<\/div>\n\t\t\t\t<\/div>\n\t\t\t\t<div class=\"elementor-element elementor-element-359a110d elementor-widget elementor-widget-pix-sliding-text\" data-id=\"359a110d\" data-element_type=\"widget\" data-e-type=\"widget\" data-widget_type=\"pix-sliding-text.default\">\n\t\t\t\t<div class=\"elementor-widget-container\">\n\t\t\t\t\t<div id=\"el-359a110d\" class=\"mb-3 text-center\"><div class=\"d-inline-block\" style=\"max-width:800px;\"><h2 class=\"mb-32 pix-sliding-headline-2 animate-in font-weight-bold secondary-font\" data-anim-type=\"pix-sliding-text\" pix-anim-delay=\"500\" data-class=\"secondary-font text-heading-default\" style=\"\"><span class=\"slide-in-container\"><span class=\"pix-sliding-item secondary-font text-heading-default\" style=\"transition-delay: 0ms;\">Votre&#32;<\/span><\/span> <span class=\"slide-in-container\"><span class=\"pix-sliding-item secondary-font text-heading-default\" style=\"transition-delay: 50ms;\">cheval&#32;<\/span><\/span> <span class=\"slide-in-container\"><span class=\"pix-sliding-item secondary-font text-heading-default\" style=\"transition-delay: 100ms;\">souffre&#32;<\/span><\/span> <span class=\"slide-in-container\"><span class=\"pix-sliding-item secondary-font text-heading-default\" style=\"transition-delay: 150ms;\">d'asthme&#32;<\/span><\/span> <span class=\"slide-in-container\"><span class=\"pix-sliding-item secondary-font text-heading-default\" style=\"transition-delay: 200ms;\">ou&#32;<\/span><\/span> <span class=\"slide-in-container\"><span class=\"pix-sliding-item secondary-font text-heading-default\" style=\"transition-delay: 250ms;\">de&#32;<\/span><\/span> <span class=\"slide-in-container\"><span class=\"pix-sliding-item secondary-font text-heading-default\" style=\"transition-delay: 300ms;\">toux&#32;<\/span><\/span> <span class=\"slide-in-container\"><span class=\"pix-sliding-item secondary-font text-heading-default\" style=\"transition-delay: 350ms;\">chroniques&#32;<\/span><\/span> <span class=\"slide-in-container\"><span class=\"pix-sliding-item secondary-font text-heading-default\" style=\"transition-delay: 400ms;\">?&#32;<\/span><\/span> <\/h2><\/div><\/div>\t\t\t\t<\/div>\n\t\t\t\t<\/div>\n\t\t\t\t<div class=\"elementor-element elementor-element-11d597a7 elementor-widget elementor-widget-text-editor\" data-id=\"11d597a7\" data-element_type=\"widget\" data-e-type=\"widget\" data-widget_type=\"text-editor.default\">\n\t\t\t\t<div class=\"elementor-widget-container\">\n\t\t\t\t\t\t\t\t\t<p class=\"font-claude-response-body break-words whitespace-normal leading-[1.7]\">L&rsquo;asthme \u00e9quin est une pathologie respiratoire chronique qui touche beaucoup de chevaux. Qu&rsquo;il s&rsquo;agisse d&rsquo;une <strong>toux persistante<\/strong> apr\u00e8s l&rsquo;effort, d&rsquo;un <strong>souffle court<\/strong> au repos ou d&rsquo;une <strong>intol\u00e9rance \u00e0 la poussi\u00e8re<\/strong>, ces signes traduisent une inflammation des voies respiratoires qui, sans prise en charge adapt\u00e9e, s&rsquo;installe et s&rsquo;aggrave avec le temps.<\/p><p class=\"font-claude-response-body break-words whitespace-normal leading-[1.7]\">Chez Bleu-Roy, nous avons s\u00e9lectionn\u00e9 pour vous des produits <strong>naturels<\/strong> et compl\u00e9mentaires, pens\u00e9s pour accompagner votre cheval au quotidien &#8211; <strong>en pr\u00e9vention<\/strong> comme <strong>en soutien<\/strong> lors des p\u00e9riodes critiques.<\/p>\t\t\t\t\t\t\t\t<\/div>\n\t\t\t\t<\/div>\n\t\t\t\t\t<\/div>\n\t\t<\/div>\n\t\t\t\t\t<\/div>\n\t\t<\/section>\n\t\t<div class=\"elementor-element elementor-element-7be09f73 e-grid e-con-boxed e-con e-parent\" data-id=\"7be09f73\" data-element_type=\"container\" data-e-type=\"container\">\n\t\t\t\t\t<div class=\"e-con-inner\">\n\t\t<div class=\"elementor-element elementor-element-3c39f69 e-con-full e-flex e-con e-child\" data-id=\"3c39f69\" data-element_type=\"container\" data-e-type=\"container\" data-settings=\"{&quot;animation&quot;:&quot;none&quot;}\">\n\t\t\t\t<div class=\"elementor-element elementor-element-626cad64 elementor-widget elementor-widget-pix-img\" data-id=\"626cad64\" data-element_type=\"widget\" data-e-type=\"widget\" data-widget_type=\"pix-img.default\">\n\t\t\t\t<div class=\"elementor-widget-container\">\n\t\t\t\t\t<div class=\"pix-img-element d-inline-block\" ><a href=\"https:\/\/www.bleu-roy.com\/nl\/product\/l-airmix\/\"  class=\"pix-img-el    left d-inline-block  rounded-lg\"  aria-label=\"Image link\"><img fetchpriority=\"high\" decoding=\"async\" class=\"rounded-lg h-1002\" src=\"https:\/\/www.bleu-roy.com\/wp-content\/uploads\/2025\/01\/Airmix-1.jpg\" srcset=\"https:\/\/www.bleu-roy.com\/wp-content\/uploads\/2025\/01\/Airmix-1.jpg 1080w, https:\/\/www.bleu-roy.com\/wp-content\/uploads\/2025\/01\/Airmix-1-300x300.jpg 300w, https:\/\/www.bleu-roy.com\/wp-content\/uploads\/2025\/01\/Airmix-1-1024x1024.jpg 1024w, https:\/\/www.bleu-roy.com\/wp-content\/uploads\/2025\/01\/Airmix-1-150x150.jpg 150w, https:\/\/www.bleu-roy.com\/wp-content\/uploads\/2025\/01\/Airmix-1-768x768.jpg 768w, https:\/\/www.bleu-roy.com\/wp-content\/uploads\/2025\/01\/Airmix-1-400x400.jpg 400w, https:\/\/www.bleu-roy.com\/wp-content\/uploads\/2025\/01\/Airmix-1-75x75.jpg 75w, https:\/\/www.bleu-roy.com\/wp-content\/uploads\/2025\/01\/Airmix-1-460x460.jpg 460w, https:\/\/www.bleu-roy.com\/wp-content\/uploads\/2025\/01\/Airmix-1-600x600.jpg 600w, https:\/\/www.bleu-roy.com\/wp-content\/uploads\/2025\/01\/Airmix-1-100x100.jpg 100w\" width=\"1080\" height=\"1080\" alt=\"Image link\" style=\"height:auto;\" title=\"\"><\/a><\/div>\t\t\t\t<\/div>\n\t\t\t\t<\/div>\n\t\t\t\t<div class=\"elementor-element elementor-element-a0b8c18 elementor-widget elementor-widget-heading\" data-id=\"a0b8c18\" data-element_type=\"widget\" data-e-type=\"widget\" data-widget_type=\"heading.default\">\n\t\t\t\t<div class=\"elementor-widget-container\">\n\t\t\t\t\t<h3 class=\"elementor-heading-title elementor-size-default\"><a href=\"https:\/\/www.bleu-roy.com\/nl\/product\/l-airmix\/\">L-Airmix<\/a><\/h3>\t\t\t\t<\/div>\n\t\t\t\t<\/div>\n\t\t\t\t<div class=\"elementor-element elementor-element-c7b32dc elementor-widget elementor-widget-text-editor\" data-id=\"c7b32dc\" data-element_type=\"widget\" data-e-type=\"widget\" data-widget_type=\"text-editor.default\">\n\t\t\t\t<div class=\"elementor-widget-container\">\n\t\t\t\t\t\t\t\t\t<p>Formule liquide \u00e0 base de\u00a0<strong>14 extraits de plantes<\/strong>\u00a0pour le\u00a0<strong>confort respiratoire<\/strong>\u00a0et l<strong>\u2019immunit\u00e9<\/strong>\u00a0du cheval. Particuli\u00e8rement recommand\u00e9 chez les chevaux vivant dans un\u00a0<strong>environnement poussi\u00e9reux<\/strong>\u00a0et qui toussent ou qui ont le nez qui coule.<\/p>\t\t\t\t\t\t\t\t<\/div>\n\t\t\t\t<\/div>\n\t\t\t\t<div class=\"elementor-element elementor-element-39a3d01c elementor-align-left elementor-widget elementor-widget-button\" data-id=\"39a3d01c\" data-element_type=\"widget\" data-e-type=\"widget\" data-widget_type=\"button.default\">\n\t\t\t\t<div class=\"elementor-widget-container\">\n\t\t\t\t\t\t\t\t\t<div class=\"elementor-button-wrapper\">\n\t\t\t\t\t<a class=\"elementor-button elementor-button-link elementor-size-sm\" href=\"https:\/\/www.bleu-roy.com\/nl\/product\/l-airmix\/\">\n\t\t\t\t\t\t<span class=\"elementor-button-content-wrapper\">\n\t\t\t\t\t\t\t\t\t<span class=\"elementor-button-text\">Ontdek de product<\/span>\n\t\t\t\t\t<\/span>\n\t\t\t\t\t<\/a>\n\t\t\t\t<\/div>\n\t\t\t\t\t\t\t\t<\/div>\n\t\t\t\t<\/div>\n\t\t\t\t<\/div>\n\t\t<div class=\"elementor-element elementor-element-7ceffde e-con-full e-flex e-con e-child\" data-id=\"7ceffde\" data-element_type=\"container\" data-e-type=\"container\" data-settings=\"{&quot;animation&quot;:&quot;none&quot;}\">\n\t\t\t\t<div class=\"elementor-element elementor-element-4bd9e288 elementor-widget elementor-widget-pix-img\" data-id=\"4bd9e288\" data-element_type=\"widget\" data-e-type=\"widget\" data-widget_type=\"pix-img.default\">\n\t\t\t\t<div class=\"elementor-widget-container\">\n\t\t\t\t\t<div class=\"pix-img-element d-inline-block\" ><a href=\"https:\/\/www.bleu-roy.com\/nl\/product\/b-air-push\/\"  class=\"pix-img-el    left d-inline-block  rounded-lg\"  aria-label=\"Image link\"><img decoding=\"async\" class=\"rounded-lg h-1002\" src=\"https:\/\/www.bleu-roy.com\/wp-content\/uploads\/2025\/01\/AirPush3.jpg\" srcset=\"https:\/\/www.bleu-roy.com\/wp-content\/uploads\/2025\/01\/AirPush3.jpg 2250w, https:\/\/www.bleu-roy.com\/wp-content\/uploads\/2025\/01\/AirPush3-300x300.jpg 300w, https:\/\/www.bleu-roy.com\/wp-content\/uploads\/2025\/01\/AirPush3-1024x1024.jpg 1024w, https:\/\/www.bleu-roy.com\/wp-content\/uploads\/2025\/01\/AirPush3-150x150.jpg 150w, https:\/\/www.bleu-roy.com\/wp-content\/uploads\/2025\/01\/AirPush3-768x768.jpg 768w, https:\/\/www.bleu-roy.com\/wp-content\/uploads\/2025\/01\/AirPush3-1536x1536.jpg 1536w, https:\/\/www.bleu-roy.com\/wp-content\/uploads\/2025\/01\/AirPush3-2048x2048.jpg 2048w, https:\/\/www.bleu-roy.com\/wp-content\/uploads\/2025\/01\/AirPush3-400x400.jpg 400w, https:\/\/www.bleu-roy.com\/wp-content\/uploads\/2025\/01\/AirPush3-75x75.jpg 75w, https:\/\/www.bleu-roy.com\/wp-content\/uploads\/2025\/01\/AirPush3-460x460.jpg 460w, https:\/\/www.bleu-roy.com\/wp-content\/uploads\/2025\/01\/AirPush3-600x600.jpg 600w, https:\/\/www.bleu-roy.com\/wp-content\/uploads\/2025\/01\/AirPush3-100x100.jpg 100w\" width=\"2250\" height=\"2250\" alt=\"Image link\" style=\"height:auto;\" title=\"\"><\/a><\/div>\t\t\t\t<\/div>\n\t\t\t\t<\/div>\n\t\t\t\t<div class=\"elementor-element elementor-element-65b4eff5 elementor-widget elementor-widget-heading\" data-id=\"65b4eff5\" data-element_type=\"widget\" data-e-type=\"widget\" data-widget_type=\"heading.default\">\n\t\t\t\t<div class=\"elementor-widget-container\">\n\t\t\t\t\t<h3 class=\"elementor-heading-title elementor-size-default\"><a href=\"https:\/\/www.bleu-roy.com\/nl\/product\/b-air-push\/\">B-Air Push<\/a><\/h3>\t\t\t\t<\/div>\n\t\t\t\t<\/div>\n\t\t\t\t<div class=\"elementor-element elementor-element-76f760c elementor-widget elementor-widget-text-editor\" data-id=\"76f760c\" data-element_type=\"widget\" data-e-type=\"widget\" data-widget_type=\"text-editor.default\">\n\t\t\t\t<div class=\"elementor-widget-container\">\n\t\t\t\t\t\t\t\t\t<p><span class=\"s5\">Applicateurs pour le\u00a0<\/span><strong><span class=\"s6\">confort respiratoire<\/span><\/strong><span class=\"s5\">\u00a0du cheval \u00e0 base d\u2019<strong>huiles essentielles<\/strong>\u00a0et de\u00a0<strong>vitamine C<\/strong>. Id\u00e9al pour\u00a0<\/span><span class=\"s6\">soulager rapidement les\u00a0<strong>toux passag\u00e8res\u00a0<\/strong><\/span><span class=\"s5\">ou\u00a0<strong>en pr\u00e9vision d\u2019un\u00a0<\/strong><\/span><strong><span class=\"s6\">effort\u00a0<\/span><span class=\"s5\">ou d\u2019une\u00a0<\/span><span class=\"s6\">comp\u00e9tition<\/span><\/strong><span class=\"s5\">\u00a0en soutient respiratoire.<\/span><\/p>\t\t\t\t\t\t\t\t<\/div>\n\t\t\t\t<\/div>\n\t\t\t\t<div class=\"elementor-element elementor-element-42eea8cd elementor-align-left elementor-widget elementor-widget-button\" data-id=\"42eea8cd\" data-element_type=\"widget\" data-e-type=\"widget\" data-widget_type=\"button.default\">\n\t\t\t\t<div class=\"elementor-widget-container\">\n\t\t\t\t\t\t\t\t\t<div class=\"elementor-button-wrapper\">\n\t\t\t\t\t<a class=\"elementor-button elementor-button-link elementor-size-sm\" href=\"https:\/\/www.bleu-roy.com\/nl\/product\/b-air-push\/\">\n\t\t\t\t\t\t<span class=\"elementor-button-content-wrapper\">\n\t\t\t\t\t\t\t\t\t<span class=\"elementor-button-text\">Ontdek de product<\/span>\n\t\t\t\t\t<\/span>\n\t\t\t\t\t<\/a>\n\t\t\t\t<\/div>\n\t\t\t\t\t\t\t\t<\/div>\n\t\t\t\t<\/div>\n\t\t\t\t<\/div>\n\t\t<div class=\"elementor-element elementor-element-6bb5b035 e-con-full e-flex e-con e-child\" data-id=\"6bb5b035\" data-element_type=\"container\" data-e-type=\"container\" data-settings=\"{&quot;animation&quot;:&quot;none&quot;}\">\n\t\t\t\t<div class=\"elementor-element elementor-element-1d504811 elementor-widget elementor-widget-pix-img\" data-id=\"1d504811\" data-element_type=\"widget\" data-e-type=\"widget\" data-widget_type=\"pix-img.default\">\n\t\t\t\t<div class=\"elementor-widget-container\">\n\t\t\t\t\t<div class=\"pix-img-element d-inline-block\" ><a href=\"https:\/\/www.bleu-roy.com\/nl\/product\/b-respi\/\"  class=\"pix-img-el    left d-inline-block  rounded-lg\"  aria-label=\"Image link\"><img decoding=\"async\" class=\"rounded-lg h-1002\" src=\"https:\/\/www.bleu-roy.com\/wp-content\/uploads\/2025\/01\/Respi-1.jpg\" srcset=\"https:\/\/www.bleu-roy.com\/wp-content\/uploads\/2025\/01\/Respi-1.jpg 1080w, https:\/\/www.bleu-roy.com\/wp-content\/uploads\/2025\/01\/Respi-1-300x300.jpg 300w, https:\/\/www.bleu-roy.com\/wp-content\/uploads\/2025\/01\/Respi-1-1024x1024.jpg 1024w, https:\/\/www.bleu-roy.com\/wp-content\/uploads\/2025\/01\/Respi-1-150x150.jpg 150w, https:\/\/www.bleu-roy.com\/wp-content\/uploads\/2025\/01\/Respi-1-768x768.jpg 768w, https:\/\/www.bleu-roy.com\/wp-content\/uploads\/2025\/01\/Respi-1-400x400.jpg 400w, https:\/\/www.bleu-roy.com\/wp-content\/uploads\/2025\/01\/Respi-1-75x75.jpg 75w, https:\/\/www.bleu-roy.com\/wp-content\/uploads\/2025\/01\/Respi-1-460x460.jpg 460w, https:\/\/www.bleu-roy.com\/wp-content\/uploads\/2025\/01\/Respi-1-600x600.jpg 600w, https:\/\/www.bleu-roy.com\/wp-content\/uploads\/2025\/01\/Respi-1-100x100.jpg 100w\" width=\"1080\" height=\"1080\" alt=\"Image link\" style=\"height:auto;\" title=\"\"><\/a><\/div>\t\t\t\t<\/div>\n\t\t\t\t<\/div>\n\t\t\t\t<div class=\"elementor-element elementor-element-d54ce48 elementor-widget elementor-widget-heading\" data-id=\"d54ce48\" data-element_type=\"widget\" data-e-type=\"widget\" data-widget_type=\"heading.default\">\n\t\t\t\t<div class=\"elementor-widget-container\">\n\t\t\t\t\t<h3 class=\"elementor-heading-title elementor-size-default\"><a href=\"https:\/\/www.bleu-roy.com\/nl\/product\/b-respi\/\">B-Respi<\/a><\/h3>\t\t\t\t<\/div>\n\t\t\t\t<\/div>\n\t\t\t\t<div class=\"elementor-element elementor-element-4a04772 elementor-widget elementor-widget-text-editor\" data-id=\"4a04772\" data-element_type=\"widget\" data-e-type=\"widget\" data-widget_type=\"text-editor.default\">\n\t\t\t\t<div class=\"elementor-widget-container\">\n\t\t\t\t\t\t\t\t\t<p>Suppl\u00e9ment en poudre \u00e0 base d\u2019<strong>huiles essentielles<\/strong>\u00a0et de\u00a0<strong>vitamine C<\/strong>\u00a0pour le\u00a0<strong>confort respiratoire<\/strong>\u00a0et l\u2019<strong>immunit\u00e9 g\u00e9n\u00e9rale<\/strong>\u00a0de cheval. D\u00e9gage les voies respiratoires, diminue les risques d\u2019h\u00e9morragies pulmonaires et renforce les d\u00e9fenses naturelles.<\/p>\t\t\t\t\t\t\t\t<\/div>\n\t\t\t\t<\/div>\n\t\t\t\t<div class=\"elementor-element elementor-element-60c81543 elementor-align-left elementor-widget elementor-widget-button\" data-id=\"60c81543\" data-element_type=\"widget\" data-e-type=\"widget\" data-widget_type=\"button.default\">\n\t\t\t\t<div class=\"elementor-widget-container\">\n\t\t\t\t\t\t\t\t\t<div class=\"elementor-button-wrapper\">\n\t\t\t\t\t<a class=\"elementor-button elementor-button-link elementor-size-sm\" href=\"https:\/\/www.bleu-roy.com\/nl\/product\/b-respi\/\">\n\t\t\t\t\t\t<span class=\"elementor-button-content-wrapper\">\n\t\t\t\t\t\t\t\t\t<span class=\"elementor-button-text\">Ontdek de product<\/span>\n\t\t\t\t\t<\/span>\n\t\t\t\t\t<\/a>\n\t\t\t\t<\/div>\n\t\t\t\t\t\t\t\t<\/div>\n\t\t\t\t<\/div>\n\t\t\t\t<\/div>\n\t\t\t\t\t<\/div>\n\t\t\t\t<\/div>\n\t\t<div class=\"elementor-element elementor-element-58564f29 e-flex e-con-boxed e-con e-parent\" data-id=\"58564f29\" data-element_type=\"container\" data-e-type=\"container\">\n\t\t\t\t\t<div class=\"e-con-inner\">\n\t\t\t\t<div class=\"elementor-element elementor-element-1f5ebd32 elementor-widget-divider--view-line elementor-widget elementor-widget-divider\" data-id=\"1f5ebd32\" data-element_type=\"widget\" data-e-type=\"widget\" data-widget_type=\"divider.default\">\n\t\t\t\t<div class=\"elementor-widget-container\">\n\t\t\t\t\t\t\t<div class=\"elementor-divider\">\n\t\t\t<span class=\"elementor-divider-separator\">\n\t\t\t\t\t\t<\/span>\n\t\t<\/div>\n\t\t\t\t\t\t<\/div>\n\t\t\t\t<\/div>\n\t\t\t\t\t<\/div>\n\t\t\t\t<\/div>\n\t\t<div class=\"elementor-element elementor-element-53eaca14 e-flex e-con-boxed e-con e-parent\" data-id=\"53eaca14\" data-element_type=\"container\" data-e-type=\"container\">\n\t\t\t\t\t<div class=\"e-con-inner\">\n\t\t\t\t<div class=\"elementor-element elementor-element-495335cc elementor-widget elementor-widget-pix-badge\" data-id=\"495335cc\" data-element_type=\"widget\" data-e-type=\"widget\" data-widget_type=\"pix-badge.default\">\n\t\t\t\t<div class=\"elementor-widget-container\">\n\t\t\t\t\t<span class=\"pix-badge-element h6 d-inline-flex mr-1\"  ><span class=\"badge font-weight-bold bg-primary-light\" style=\" \"><span class=\"text-primary\" style=\"\">Behoefte aan persoonlijk advies?<\/span><\/span><\/span>\t\t\t\t<\/div>\n\t\t\t\t<\/div>\n\t\t\t\t\t<\/div>\n\t\t\t\t<\/div>\n\t\t<div class=\"elementor-element elementor-element-1c982b05 e-flex e-con-boxed e-con e-parent\" data-id=\"1c982b05\" data-element_type=\"container\" data-e-type=\"container\">\n\t\t\t\t\t<div class=\"e-con-inner\">\n\t\t\t\t<div class=\"elementor-element elementor-element-634b8edf elementor-widget__width-inherit elementor-widget elementor-widget-heading\" data-id=\"634b8edf\" data-element_type=\"widget\" data-e-type=\"widget\" data-widget_type=\"heading.default\">\n\t\t\t\t<div class=\"elementor-widget-container\">\n\t\t\t\t\t<h2 class=\"elementor-heading-title elementor-size-default\">Contacteer ons<\/h2>\t\t\t\t<\/div>\n\t\t\t\t<\/div>\n\t\t\t\t\t<\/div>\n\t\t\t\t<\/div>\n\t\t<div class=\"elementor-element elementor-element-2231b9aa e-grid e-con-boxed e-con e-parent\" data-id=\"2231b9aa\" data-element_type=\"container\" data-e-type=\"container\">\n\t\t\t\t\t<div class=\"e-con-inner\">\n\t\t\t\t<div class=\"elementor-element elementor-element-409228ab elementor-button-align-stretch elementor-widget elementor-widget-form\" data-id=\"409228ab\" data-element_type=\"widget\" data-e-type=\"widget\" data-settings=\"{&quot;step_next_label&quot;:&quot;Suivant&quot;,&quot;step_previous_label&quot;:&quot;Pr\\u00e9c\\u00e9dent&quot;,&quot;button_width&quot;:&quot;100&quot;,&quot;step_type&quot;:&quot;number_text&quot;,&quot;step_icon_shape&quot;:&quot;circle&quot;}\" data-widget_type=\"form.default\">\n\t\t\t\t<div class=\"elementor-widget-container\">\n\t\t\t\t\t\t\t<form class=\"elementor-form\" method=\"post\" name=\"Bleu-Roy\" aria-label=\"Bleu-Roy\" action=\"\">\n\t\t\t<input type=\"hidden\" name=\"post_id\" value=\"17929\"\/>\n\t\t\t<input type=\"hidden\" name=\"form_id\" value=\"409228ab\"\/>\n\t\t\t<input type=\"hidden\" name=\"referer_title\" value=\"Asthme &amp; allergies - Bleu-Roy\" \/>\n\n\t\t\t\t\t\t\t<input type=\"hidden\" name=\"queried_id\" value=\"17929\"\/>\n\t\t\t\n\t\t\t<div class=\"elementor-form-fields-wrapper elementor-labels-above\">\n\t\t\t\t\t\t\t\t<div class=\"elementor-field-type-text elementor-field-group elementor-column elementor-field-group-name elementor-col-100\">\n\t\t\t\t\t\t\t\t\t\t\t\t<label for=\"form-field-name\" class=\"elementor-field-label\">\n\t\t\t\t\t\t\t\tNaam\t\t\t\t\t\t\t<\/label>\n\t\t\t\t\t\t\t\t\t\t\t\t\t\t<input size=\"1\" type=\"text\" name=\"form_fields[name]\" id=\"form-field-name\" class=\"elementor-field elementor-size-sm  elementor-field-textual\" placeholder=\"Naam\">\n\t\t\t\t\t\t\t\t\t\t\t<\/div>\n\t\t\t\t\t\t\t\t<div class=\"elementor-field-type-email elementor-field-group elementor-column elementor-field-group-email elementor-col-100 elementor-field-required\">\n\t\t\t\t\t\t\t\t\t\t\t\t<label for=\"form-field-email\" class=\"elementor-field-label\">\n\t\t\t\t\t\t\t\tE-mail\t\t\t\t\t\t\t<\/label>\n\t\t\t\t\t\t\t\t\t\t\t\t\t\t<input size=\"1\" type=\"email\" name=\"form_fields[email]\" id=\"form-field-email\" class=\"elementor-field elementor-size-sm  elementor-field-textual\" placeholder=\"E-mail\" required=\"required\">\n\t\t\t\t\t\t\t\t\t\t\t<\/div>\n\t\t\t\t\t\t\t\t<div class=\"elementor-field-type-textarea elementor-field-group elementor-column elementor-field-group-message elementor-col-100\">\n\t\t\t\t\t\t\t\t\t\t\t\t<label for=\"form-field-message\" class=\"elementor-field-label\">\n\t\t\t\t\t\t\t\tBericht\t\t\t\t\t\t\t<\/label>\n\t\t\t\t\t\t<textarea class=\"elementor-field-textual elementor-field  elementor-size-sm\" name=\"form_fields[message]\" id=\"form-field-message\" rows=\"4\" placeholder=\"Bericht\"><\/textarea>\t\t\t\t<\/div>\n\t\t\t\t\t\t\t\t<div class=\"elementor-field-group elementor-column elementor-field-type-submit elementor-col-100 e-form__buttons\">\n\t\t\t\t\t<button class=\"elementor-button elementor-size-sm\" type=\"submit\">\n\t\t\t\t\t\t<span class=\"elementor-button-content-wrapper\">\n\t\t\t\t\t\t\t\t\t\t\t\t\t\t\t<span class=\"elementor-button-icon\">\n\t\t\t\t\t\t\t\t\t<svg aria-hidden=\"true\" class=\"e-font-icon-svg e-far-envelope\" viewbox=\"0 0 512 512\" xmlns=\"http:\/\/www.w3.org\/2000\/svg\"><path d=\"M464 64H48C21.49 64 0 85.49 0 112v288c0 26.51 21.49 48 48 48h416c26.51 0 48-21.49 48-48V112c0-26.51-21.49-48-48-48zm0 48v40.805c-22.422 18.259-58.168 46.651-134.587 106.49-16.841 13.247-50.201 45.072-73.413 44.701-23.208.375-56.579-31.459-73.413-44.701C106.18 199.465 70.425 171.067 48 152.805V112h416zM48 400V214.398c22.914 18.251 55.409 43.862 104.938 82.646 21.857 17.205 60.134 55.186 103.062 54.955 42.717.231 80.509-37.199 103.053-54.947 49.528-38.783 82.032-64.401 104.947-82.653V400H48z\"><\/path><\/svg>\t\t\t\t\t\t\t\t\t\t\t\t\t\t\t\t\t<\/span>\n\t\t\t\t\t\t\t\t\t\t\t\t\t\t\t\t\t\t\t\t\t\t<span class=\"elementor-button-text\">Bericht verzenden<\/span>\n\t\t\t\t\t\t\t\t\t\t\t\t\t<\/span>\n\t\t\t\t\t<\/button>\n\t\t\t\t<\/div>\n\t\t\t<\/div>\n\t\t<input type=\"hidden\" name=\"trp-form-language\" value=\"nl\"\/><\/form>\n\t\t\t\t\t\t<\/div>\n\t\t\t\t<\/div>\n\t\t\t\t\t<\/div>\n\t\t\t\t<\/div>\n\t\t\t\t<\/div>","protected":false},"excerpt":{"rendered":"<p>Probl\u00e9matiques Votre&#32; cheval&#32; souffre&#32; d&rsquo;asthme&#32; ou&#32; de&#32; toux&#32; chroniques&#32; ?&#32; L&rsquo;asthme \u00e9quin est une pathologie respiratoire chronique qui touche beaucoup de chevaux. Qu&rsquo;il s&rsquo;agisse d&rsquo;une toux persistante apr\u00e8s l&rsquo;effort, d&rsquo;un souffle court au repos ou d&rsquo;une intol\u00e9rance \u00e0 la poussi\u00e8re,&#8230;<\/p>","protected":false},"author":2,"featured_media":0,"parent":17905,"menu_order":0,"comment_status":"closed","ping_status":"closed","template":"","meta":{"footnotes":""},"class_list":["post-17929","page","type-page","status-publish","hentry"],"_links":{"self":[{"href":"https:\/\/www.bleu-roy.com\/nl\/wp-json\/wp\/v2\/pages\/17929","targetHints":{"allow":["GET"]}}],"collection":[{"href":"https:\/\/www.bleu-roy.com\/nl\/wp-json\/wp\/v2\/pages"}],"about":[{"href":"https:\/\/www.bleu-roy.com\/nl\/wp-json\/wp\/v2\/types\/page"}],"author":[{"embeddable":true,"href":"https:\/\/www.bleu-roy.com\/nl\/wp-json\/wp\/v2\/users\/2"}],"replies":[{"embeddable":true,"href":"https:\/\/www.bleu-roy.com\/nl\/wp-json\/wp\/v2\/comments?post=17929"}],"version-history":[{"count":8,"href":"https:\/\/www.bleu-roy.com\/nl\/wp-json\/wp\/v2\/pages\/17929\/revisions"}],"predecessor-version":[{"id":17942,"href":"https:\/\/www.bleu-roy.com\/nl\/wp-json\/wp\/v2\/pages\/17929\/revisions\/17942"}],"up":[{"embeddable":true,"href":"https:\/\/www.bleu-roy.com\/nl\/wp-json\/wp\/v2\/pages\/17905"}],"wp:attachment":[{"href":"https:\/\/www.bleu-roy.com\/nl\/wp-json\/wp\/v2\/media?parent=17929"}],"curies":[{"name":"wp","href":"https:\/\/api.w.org\/{rel}","templated":true}]}}