{"id":16701,"date":"2025-10-31T13:41:55","date_gmt":"2025-10-31T13:41:55","guid":{"rendered":"https:\/\/www.bleu-roy.com\/?page_id=16701"},"modified":"2025-10-31T16:44:43","modified_gmt":"2025-10-31T16:44:43","slug":"produits-cheval-aliments-supplements-soins","status":"publish","type":"page","link":"https:\/\/www.bleu-roy.com\/nl\/produits-cheval-aliments-supplements-soins\/","title":{"rendered":"Nos produits pour chevaux"},"content":{"rendered":"<div data-elementor-type=\"wp-page\" data-elementor-id=\"16701\" class=\"elementor elementor-16701\" data-elementor-post-type=\"page\">\n\t\t\t\t\t\t<section class=\"elementor-section elementor-top-section elementor-element elementor-element-8d53fec elementor-section-boxed elementor-section-height-default elementor-section-height-default\" data-id=\"8d53fec\" data-element_type=\"section\" data-e-type=\"section\" data-settings=\"{&quot;background_background&quot;:&quot;classic&quot;}\">\n\t\t\t\t\t\t<div class=\"elementor-container elementor-column-gap-default\">\n\t\t\t\t\t<div class=\"elementor-column elementor-col-100 elementor-top-column elementor-element elementor-element-482cd3b\" data-id=\"482cd3b\" data-element_type=\"column\" data-e-type=\"column\">\n\t\t\t<div class=\"elementor-widget-wrap elementor-element-populated\">\n\t\t\t\t\t\t<div class=\"elementor-element elementor-element-790f143 elementor-widget elementor-widget-image\" data-id=\"790f143\" data-element_type=\"widget\" data-e-type=\"widget\" data-widget_type=\"image.default\">\n\t\t\t\t<div class=\"elementor-widget-container\">\n\t\t\t\t\t\t\t\t\t\t\t\t\t\t\t<img fetchpriority=\"high\" decoding=\"async\" width=\"640\" height=\"252\" src=\"https:\/\/www.bleu-roy.com\/wp-content\/uploads\/2025\/01\/Footer_shutterstock_1092009089-1024x403.jpg\" class=\"attachment-large size-large wp-image-15244\" alt=\"produits\" srcset=\"https:\/\/www.bleu-roy.com\/wp-content\/uploads\/2025\/01\/Footer_shutterstock_1092009089-1024x403.jpg 1024w, https:\/\/www.bleu-roy.com\/wp-content\/uploads\/2025\/01\/Footer_shutterstock_1092009089-300x118.jpg 300w, https:\/\/www.bleu-roy.com\/wp-content\/uploads\/2025\/01\/Footer_shutterstock_1092009089-768x302.jpg 768w, https:\/\/www.bleu-roy.com\/wp-content\/uploads\/2025\/01\/Footer_shutterstock_1092009089-600x236.jpg 600w, https:\/\/www.bleu-roy.com\/wp-content\/uploads\/2025\/01\/Footer_shutterstock_1092009089.jpg 1080w\" sizes=\"(max-width: 640px) 100vw, 640px\" title=\"\">\t\t\t\t\t\t\t\t\t\t\t\t\t\t\t<\/div>\n\t\t\t\t<\/div>\n\t\t\t\t<div class=\"elementor-element elementor-element-de69503 elementor-widget elementor-widget-pix-badge\" data-id=\"de69503\" data-element_type=\"widget\" data-e-type=\"widget\" data-widget_type=\"pix-badge.default\">\n\t\t\t\t<div class=\"elementor-widget-container\">\n\t\t\t\t\t<div class=\"pix-element-div w-100 text-center\"><span class=\"pix-badge-element h6 d-inline-flex mr-1\"  ><span class=\"badge font-weight-bold badge-pill bg-secondary-light\" style=\" \"><span class=\"text-secondary\" style=\"\">Nos produits<\/span><\/span><\/span><\/div>\t\t\t\t<\/div>\n\t\t\t\t<\/div>\n\t\t\t\t<div class=\"elementor-element elementor-element-01b4912 elementor-widget elementor-widget-pix-sliding-text\" data-id=\"01b4912\" data-element_type=\"widget\" data-e-type=\"widget\" data-widget_type=\"pix-sliding-text.default\">\n\t\t\t\t<div class=\"elementor-widget-container\">\n\t\t\t\t\t<div id=\"el-01b4912\" class=\"mb-3 text-center\"><div class=\"d-inline-block\" style=\"max-width:700px;\"><h2 class=\"mb-32 pix-sliding-headline-2 animate-in font-weight-bold secondary-font\" data-anim-type=\"pix-sliding-text\" pix-anim-delay=\"500\" data-class=\"secondary-font text-heading-default\" style=\"\"><span class=\"slide-in-container\"><span class=\"pix-sliding-item secondary-font text-heading-default\" style=\"transition-delay: 0ms;\">Aliments,&#32;<\/span><\/span> <span class=\"slide-in-container\"><span class=\"pix-sliding-item secondary-font text-heading-default\" style=\"transition-delay: 50ms;\">compl\u00e9ments&#32;<\/span><\/span> <span class=\"slide-in-container\"><span class=\"pix-sliding-item secondary-font text-heading-default\" style=\"transition-delay: 100ms;\">&&#32;<\/span><\/span> <span class=\"slide-in-container\"><span class=\"pix-sliding-item secondary-font text-heading-default\" style=\"transition-delay: 150ms;\">onmisbare<\/span><\/span> <span class=\"slide-in-container\"><span class=\"pix-sliding-item secondary-font text-heading-default\" style=\"transition-delay: 200ms;\">de&#32;<\/span><\/span> <span class=\"slide-in-container\"><span class=\"pix-sliding-item secondary-font text-heading-default\" style=\"transition-delay: 250ms;\">soin&#32;<\/span><\/span> <\/h2><\/div><\/div>\t\t\t\t<\/div>\n\t\t\t\t<\/div>\n\t\t\t\t<div class=\"elementor-element elementor-element-7134c75 elementor-widget elementor-widget-text-editor\" data-id=\"7134c75\" data-element_type=\"widget\" data-e-type=\"widget\" data-widget_type=\"text-editor.default\">\n\t\t\t\t<div class=\"elementor-widget-container\">\n\t\t\t\t\t\t\t\t\t<p class=\"p1\">Prenez soin de votre cheval avec notre s\u00e9lection compl\u00e8te d\u2019<span class=\"s1\"><b><a href=\"https:\/\/www.bleu-roy.com\/nl\/aliments\/\">aliments<\/a>, <a href=\"https:\/\/www.bleu-roy.com\/nl\/supplements\/\">compl\u00e9ments alimentaires<\/a> <\/b>et<b> <a href=\"https:\/\/www.bleu-roy.com\/nl\/soins\/\">produits de soin<\/a> pour chevaux<\/b><\/span>, rigoureusement choisis pour soutenir sa sant\u00e9, ses performances et son bien-\u00eatre au quotidien. Des produits <strong>100% belges<\/strong>, de qualit\u00e9, formul\u00e9s par des <strong>v\u00e9t\u00e9rinaires nutritionnistes<\/strong> et con\u00e7us avec des mati\u00e8res premi\u00e8res s\u00e9lectionn\u00e9es avec soin, issues du <strong>circuit-court<\/strong>.<\/p><p class=\"p1\">Qu&rsquo;il soit athl\u00e8te, cheval de loisir, jeune en croissance ou cheval \u00e2g\u00e9 \u00e0 la retraite, vous trouverez ici tout ce dont il a besoin: <span class=\"s1\"><b>aliments \u00e9quilibr\u00e9s<\/b><\/span>, <span class=\"s1\"><b>compl\u00e9ments alimentaires<\/b><\/span> (pour la digestion, la locomotion, la respiration ou encore la r\u00e9cup\u00e9ration) ainsi que des <span class=\"s1\"><b>produits de soin du cheval\u00a0<\/b>(pour la peau, les crins, les tendons ou le soin des pieds).<\/span><\/p><p>Nous-m\u00eames cavaliers et propri\u00e9taires de chevaux, notre <strong>exp\u00e9rience du terrain<\/strong> nous a pouss\u00e9 \u00e0 d\u00e9velopper des produits qui se veulent <strong>efficaces<\/strong>, <strong>faciles \u00e0 utiliser<\/strong> et <strong>parfaitement dos\u00e9s<\/strong> pour une assimilation optimale. Ils sont tous test\u00e9s en amont sur nos propres chevaux, et seuls les produits dont nous sommes <strong>100% convaincus<\/strong> rejoignent notre gamme.<\/p><p class=\"p1\">Explorez notre boutique et d\u00e9couvrez des <span class=\"s1\"><b>solutions adapt\u00e9es \u00e0 chaque cheval<\/b><\/span>, selon ses besoins sp\u00e9cifiques, sa discipline et son niveau d\u2019activit\u00e9.<\/p><p>Besoin de conseils personnalis\u00e9s? Nous sommes \u00e0 votre disposition pour <a href=\"https:\/\/www.bleu-roy.com\/nl\/contact\/\">vous guider<\/a>.<\/p>\t\t\t\t\t\t\t\t<\/div>\n\t\t\t\t<\/div>\n\t\t\t\t\t<\/div>\n\t\t<\/div>\n\t\t\t\t\t<\/div>\n\t\t<\/section>\n\t\t<div class=\"elementor-element elementor-element-3a127a5 e-flex e-con-boxed e-con e-parent\" data-id=\"3a127a5\" data-element_type=\"container\" data-e-type=\"container\">\n\t\t\t\t\t<div class=\"e-con-inner\">\n\t\t<div class=\"elementor-element elementor-element-a804eff e-con-full e-flex e-con e-child\" data-id=\"a804eff\" data-element_type=\"container\" data-e-type=\"container\">\n\t\t<div class=\"elementor-element elementor-element-fdf3d95 e-con-full e-flex e-con e-child\" data-id=\"fdf3d95\" data-element_type=\"container\" data-e-type=\"container\" data-settings=\"{&quot;animation&quot;:&quot;none&quot;}\">\n\t\t\t\t<div class=\"elementor-element elementor-element-79c9da4 elementor-widget elementor-widget-heading\" data-id=\"79c9da4\" data-element_type=\"widget\" data-e-type=\"widget\" data-widget_type=\"heading.default\">\n\t\t\t\t<div class=\"elementor-widget-container\">\n\t\t\t\t\t<h3 class=\"elementor-heading-title elementor-size-default\"><a href=\"https:\/\/www.bleu-roy.com\/nl\/aliments\/\">Voeders<\/a><\/h3>\t\t\t\t<\/div>\n\t\t\t\t<\/div>\n\t\t\t\t<div class=\"elementor-element elementor-element-a4f9d38 elementor-widget elementor-widget-pix-img\" data-id=\"a4f9d38\" data-element_type=\"widget\" data-e-type=\"widget\" data-widget_type=\"pix-img.default\">\n\t\t\t\t<div class=\"elementor-widget-container\">\n\t\t\t\t\t<div class=\"pix-img-element d-inline-block\" ><a href=\"https:\/\/www.bleu-roy.com\/nl\/aliments\/\"  class=\"pix-img-el    left d-inline-block  rounded-lg\"  aria-label=\"Image link\"><img decoding=\"async\" class=\"rounded-lg h-1002\" src=\"https:\/\/www.bleu-roy.com\/wp-content\/uploads\/2025\/04\/Aliments.jpg\" srcset=\"https:\/\/www.bleu-roy.com\/wp-content\/uploads\/2025\/04\/Aliments.jpg 1080w, https:\/\/www.bleu-roy.com\/wp-content\/uploads\/2025\/04\/Aliments-300x300.jpg 300w, https:\/\/www.bleu-roy.com\/wp-content\/uploads\/2025\/04\/Aliments-1024x1024.jpg 1024w, https:\/\/www.bleu-roy.com\/wp-content\/uploads\/2025\/04\/Aliments-150x150.jpg 150w, https:\/\/www.bleu-roy.com\/wp-content\/uploads\/2025\/04\/Aliments-768x768.jpg 768w, https:\/\/www.bleu-roy.com\/wp-content\/uploads\/2025\/04\/Aliments-400x400.jpg 400w, https:\/\/www.bleu-roy.com\/wp-content\/uploads\/2025\/04\/Aliments-75x75.jpg 75w, https:\/\/www.bleu-roy.com\/wp-content\/uploads\/2025\/04\/Aliments-460x460.jpg 460w, https:\/\/www.bleu-roy.com\/wp-content\/uploads\/2025\/04\/Aliments-600x600.jpg 600w, https:\/\/www.bleu-roy.com\/wp-content\/uploads\/2025\/04\/Aliments-100x100.jpg 100w\" width=\"1080\" height=\"1080\" alt=\"Image link\" style=\"height:auto;\" title=\"\"><\/a><\/div>\t\t\t\t<\/div>\n\t\t\t\t<\/div>\n\t\t\t\t<div class=\"elementor-element elementor-element-f9205d2 elementor-align-left elementor-widget elementor-widget-button\" data-id=\"f9205d2\" data-element_type=\"widget\" data-e-type=\"widget\" data-widget_type=\"button.default\">\n\t\t\t\t<div class=\"elementor-widget-container\">\n\t\t\t\t\t\t\t\t\t<div class=\"elementor-button-wrapper\">\n\t\t\t\t\t<a class=\"elementor-button elementor-button-link elementor-size-sm\" href=\"https:\/\/www.bleu-roy.com\/nl\/aliments\/\">\n\t\t\t\t\t\t<span class=\"elementor-button-content-wrapper\">\n\t\t\t\t\t\t\t\t\t<span class=\"elementor-button-text\">Ontdek de producten<\/span>\n\t\t\t\t\t<\/span>\n\t\t\t\t\t<\/a>\n\t\t\t\t<\/div>\n\t\t\t\t\t\t\t\t<\/div>\n\t\t\t\t<\/div>\n\t\t\t\t<div class=\"elementor-element elementor-element-127b4b9 elementor-widget elementor-widget-text-editor\" data-id=\"127b4b9\" data-element_type=\"widget\" data-e-type=\"widget\" data-widget_type=\"text-editor.default\">\n\t\t\t\t<div class=\"elementor-widget-container\">\n\t\t\t\t\t\t\t\t\t<p><b>Des aliments de qualit\u00e9 pour le bien-\u00eatre et la performance de votre cheval<\/b><\/p><p class=\"p3\">Bien nourrir son cheval, c\u2019est la base de sa sant\u00e9, de sa vitalit\u00e9 et de ses performances. Le choix du <span class=\"s2\"><b>bon aliment pour votre cheval<\/b><\/span> d\u00e9pend de nombreux facteurs : son \u00e2ge, son activit\u00e9, son temp\u00e9rament et son mode de vie. Une <span class=\"s2\"><b>ration \u00e9quilibr\u00e9e et adapt\u00e9e<\/b><\/span> permet d\u2019apporter tous les nutriments essentiels dont il a besoin au quotidien.<\/p><p class=\"p3\">Chez <span class=\"s2\"><b>Bleu-Roy<\/b><\/span>, nous accordons une importance particuli\u00e8re \u00e0 la qualit\u00e9 et \u00e0 la tra\u00e7abilit\u00e9 de nos produits. Nos <span class=\"s2\"><b>aliments pour chevaux<\/b><\/span> sont \u00e9labor\u00e9s \u00e0 partir de <span class=\"s2\"><b>mati\u00e8res premi\u00e8res locales<\/b><\/span>, issues du <span class=\"s2\"><b>circuit court<\/b><\/span> (Belgique et Nord de la France).<\/p><p>M\u00e9langes, granul\u00e9s, avec ou sans c\u00e9r\u00e9ales, vous trouverez dans notre gamme <strong>l&rsquo;aliment qu&rsquo;il lui faut<\/strong>.<\/p><p class=\"p4\"><span class=\"s3\">Avec Bleu-Roy, offrez \u00e0 votre cheval une <\/span><b>alimentation compl\u00e8te, \u00e9quilibr\u00e9e et naturelle<\/b><span class=\"s3\">, pens\u00e9e pour son <\/span><b>bien-\u00eatre et sa performance<\/b><span class=\"s3\">.<\/span><\/p>\t\t\t\t\t\t\t\t<\/div>\n\t\t\t\t<\/div>\n\t\t\t\t<\/div>\n\t\t\t\t<\/div>\n\t\t<div class=\"elementor-element elementor-element-f5371bc e-con-full e-flex e-con e-child\" data-id=\"f5371bc\" data-element_type=\"container\" data-e-type=\"container\">\n\t\t<div class=\"elementor-element elementor-element-fe35fe0 e-con-full e-flex e-con e-child\" data-id=\"fe35fe0\" data-element_type=\"container\" data-e-type=\"container\" data-settings=\"{&quot;animation&quot;:&quot;none&quot;}\">\n\t\t\t\t<div class=\"elementor-element elementor-element-6d0f615 elementor-widget elementor-widget-heading\" data-id=\"6d0f615\" data-element_type=\"widget\" data-e-type=\"widget\" data-widget_type=\"heading.default\">\n\t\t\t\t<div class=\"elementor-widget-container\">\n\t\t\t\t\t<h3 class=\"elementor-heading-title elementor-size-default\"><a href=\"https:\/\/www.bleu-roy.com\/nl\/supplements\/\">Supplementen<\/a><\/h3>\t\t\t\t<\/div>\n\t\t\t\t<\/div>\n\t\t\t\t<div class=\"elementor-element elementor-element-3900555 elementor-widget elementor-widget-pix-img\" data-id=\"3900555\" data-element_type=\"widget\" data-e-type=\"widget\" data-widget_type=\"pix-img.default\">\n\t\t\t\t<div class=\"elementor-widget-container\">\n\t\t\t\t\t<div class=\"pix-img-element d-inline-block\" ><a href=\"https:\/\/www.bleu-roy.com\/nl\/sabots-robe-peau\/\"  class=\"pix-img-el    left d-inline-block  rounded-lg\"  aria-label=\"Image link\"><img decoding=\"async\" class=\"rounded-lg h-1002\" src=\"https:\/\/www.bleu-roy.com\/wp-content\/uploads\/2025\/01\/Images-webshop.jpg\" srcset=\"https:\/\/www.bleu-roy.com\/wp-content\/uploads\/2025\/01\/Images-webshop.jpg 1080w, https:\/\/www.bleu-roy.com\/wp-content\/uploads\/2025\/01\/Images-webshop-300x300.jpg 300w, https:\/\/www.bleu-roy.com\/wp-content\/uploads\/2025\/01\/Images-webshop-1024x1024.jpg 1024w, https:\/\/www.bleu-roy.com\/wp-content\/uploads\/2025\/01\/Images-webshop-150x150.jpg 150w, https:\/\/www.bleu-roy.com\/wp-content\/uploads\/2025\/01\/Images-webshop-768x768.jpg 768w, https:\/\/www.bleu-roy.com\/wp-content\/uploads\/2025\/01\/Images-webshop-400x400.jpg 400w, https:\/\/www.bleu-roy.com\/wp-content\/uploads\/2025\/01\/Images-webshop-75x75.jpg 75w, https:\/\/www.bleu-roy.com\/wp-content\/uploads\/2025\/01\/Images-webshop-460x460.jpg 460w, https:\/\/www.bleu-roy.com\/wp-content\/uploads\/2025\/01\/Images-webshop-600x600.jpg 600w, https:\/\/www.bleu-roy.com\/wp-content\/uploads\/2025\/01\/Images-webshop-100x100.jpg 100w\" width=\"1080\" height=\"1080\" alt=\"Image link\" style=\"height:auto;\" title=\"\"><\/a><\/div>\t\t\t\t<\/div>\n\t\t\t\t<\/div>\n\t\t\t\t<div class=\"elementor-element elementor-element-d59df7b elementor-align-left elementor-widget elementor-widget-button\" data-id=\"d59df7b\" data-element_type=\"widget\" data-e-type=\"widget\" data-widget_type=\"button.default\">\n\t\t\t\t<div class=\"elementor-widget-container\">\n\t\t\t\t\t\t\t\t\t<div class=\"elementor-button-wrapper\">\n\t\t\t\t\t<a class=\"elementor-button elementor-button-link elementor-size-sm\" href=\"https:\/\/www.bleu-roy.com\/nl\/supplements\/\">\n\t\t\t\t\t\t<span class=\"elementor-button-content-wrapper\">\n\t\t\t\t\t\t\t\t\t<span class=\"elementor-button-text\">Ontdek de producten<\/span>\n\t\t\t\t\t<\/span>\n\t\t\t\t\t<\/a>\n\t\t\t\t<\/div>\n\t\t\t\t\t\t\t\t<\/div>\n\t\t\t\t<\/div>\n\t\t\t\t<div class=\"elementor-element elementor-element-6799e26 elementor-widget elementor-widget-text-editor\" data-id=\"6799e26\" data-element_type=\"widget\" data-e-type=\"widget\" data-widget_type=\"text-editor.default\">\n\t\t\t\t<div class=\"elementor-widget-container\">\n\t\t\t\t\t\t\t\t\t<p><b>Des compl\u00e9ments alimentaires de qualit\u00e9 pour le bien-\u00eatre de votre cheval<\/b><\/p><p class=\"p3\">Chouchoutez votre cheval avec un <span class=\"s2\"><b>compl\u00e9ment alimentaire adapt\u00e9 \u00e0 ses besoins<\/b><\/span>. Chez <span class=\"s2\"><b>Bleu-Roy<\/b><\/span>, nous s\u00e9lectionnons avec soin et exigence nos <span class=\"s2\"><b>mati\u00e8res premi\u00e8res<\/b><\/span>\u00a0afin de garantir la meilleure qualit\u00e9 nutritionnelle.<\/p><p class=\"p4\"><span class=\"s3\">Nos <\/span><b>produits 100 % belges<\/b><span class=\"s3\"> sont enrichis en <\/span><b>vitamines, min\u00e9raux et oligo-\u00e9l\u00e9ments essentiels et de haute qualit\u00e9<\/b><span class=\"s3\">, pour soutenir la <\/span><b>vitalit\u00e9, la r\u00e9cup\u00e9ration, la locomotion, la respiration ou encore la performance<\/b><span class=\"s3\"> de votre cheval au quotidien ou ponctuellement.<\/span><\/p><p class=\"p3\">Notre <span class=\"s2\"><b>gamme compl\u00e8te de compl\u00e9ments alimentaires pour chevaux<\/b><\/span> r\u00e9pond \u00e0 tous les besoins sp\u00e9cifiques : croissance, effort, digestion, peau, crins et sabots, respiration, fourbure, locomotion&#8230; Avec Bleu-Roy, offrez \u00e0 votre compagnon des <span class=\"s2\"><b>suppl\u00e9ments sains et \u00e9quilibr\u00e9s<\/b><\/span>, au service de son <span class=\"s2\"><b>bien-\u00eatre et de sa sant\u00e9<\/b><\/span>.<\/p>\t\t\t\t\t\t\t\t<\/div>\n\t\t\t\t<\/div>\n\t\t\t\t<\/div>\n\t\t\t\t<\/div>\n\t\t<div class=\"elementor-element elementor-element-15034e8 e-con-full e-flex e-con e-child\" data-id=\"15034e8\" data-element_type=\"container\" data-e-type=\"container\">\n\t\t<div class=\"elementor-element elementor-element-6ed2262 e-con-full e-flex e-con e-child\" data-id=\"6ed2262\" data-element_type=\"container\" data-e-type=\"container\" data-settings=\"{&quot;animation&quot;:&quot;none&quot;}\">\n\t\t\t\t<div class=\"elementor-element elementor-element-36c6c78 elementor-widget elementor-widget-heading\" data-id=\"36c6c78\" data-element_type=\"widget\" data-e-type=\"widget\" data-widget_type=\"heading.default\">\n\t\t\t\t<div class=\"elementor-widget-container\">\n\t\t\t\t\t<h3 class=\"elementor-heading-title elementor-size-default\"><a href=\"https:\/\/www.bleu-roy.com\/nl\/soins\/\">Verzorgingsproducten<\/a><\/h3>\t\t\t\t<\/div>\n\t\t\t\t<\/div>\n\t\t\t\t<div class=\"elementor-element elementor-element-9e0ee8b elementor-widget elementor-widget-pix-img\" data-id=\"9e0ee8b\" data-element_type=\"widget\" data-e-type=\"widget\" data-widget_type=\"pix-img.default\">\n\t\t\t\t<div class=\"elementor-widget-container\">\n\t\t\t\t\t<div class=\"pix-img-element d-inline-block\" ><a href=\"https:\/\/www.bleu-roy.com\/nl\/sabots-robe-peau\/\"  class=\"pix-img-el    left d-inline-block  rounded-lg\"  aria-label=\"Image link\"><img loading=\"lazy\" decoding=\"async\" class=\"rounded-lg h-1002\" src=\"https:\/\/www.bleu-roy.com\/wp-content\/uploads\/2025\/08\/HoofOil_5-scaled.jpg\" srcset=\"https:\/\/www.bleu-roy.com\/wp-content\/uploads\/2025\/08\/HoofOil_5-scaled.jpg 2560w, https:\/\/www.bleu-roy.com\/wp-content\/uploads\/2025\/08\/HoofOil_5-300x300.jpg 300w, https:\/\/www.bleu-roy.com\/wp-content\/uploads\/2025\/08\/HoofOil_5-1024x1024.jpg 1024w, https:\/\/www.bleu-roy.com\/wp-content\/uploads\/2025\/08\/HoofOil_5-150x150.jpg 150w, https:\/\/www.bleu-roy.com\/wp-content\/uploads\/2025\/08\/HoofOil_5-768x768.jpg 768w, https:\/\/www.bleu-roy.com\/wp-content\/uploads\/2025\/08\/HoofOil_5-1536x1536.jpg 1536w, https:\/\/www.bleu-roy.com\/wp-content\/uploads\/2025\/08\/HoofOil_5-2048x2048.jpg 2048w, https:\/\/www.bleu-roy.com\/wp-content\/uploads\/2025\/08\/HoofOil_5-400x400.jpg 400w, https:\/\/www.bleu-roy.com\/wp-content\/uploads\/2025\/08\/HoofOil_5-75x75.jpg 75w, https:\/\/www.bleu-roy.com\/wp-content\/uploads\/2025\/08\/HoofOil_5-460x460.jpg 460w, https:\/\/www.bleu-roy.com\/wp-content\/uploads\/2025\/08\/HoofOil_5-600x600.jpg 600w, https:\/\/www.bleu-roy.com\/wp-content\/uploads\/2025\/08\/HoofOil_5-100x100.jpg 100w\" width=\"2560\" height=\"2560\" alt=\"Image link\" style=\"height:auto;\" title=\"\"><\/a><\/div>\t\t\t\t<\/div>\n\t\t\t\t<\/div>\n\t\t\t\t<div class=\"elementor-element elementor-element-cc5a7c1 elementor-align-left elementor-widget elementor-widget-button\" data-id=\"cc5a7c1\" data-element_type=\"widget\" data-e-type=\"widget\" data-widget_type=\"button.default\">\n\t\t\t\t<div class=\"elementor-widget-container\">\n\t\t\t\t\t\t\t\t\t<div class=\"elementor-button-wrapper\">\n\t\t\t\t\t<a class=\"elementor-button elementor-button-link elementor-size-sm\" href=\"https:\/\/www.bleu-roy.com\/nl\/soins\/\">\n\t\t\t\t\t\t<span class=\"elementor-button-content-wrapper\">\n\t\t\t\t\t\t\t\t\t<span class=\"elementor-button-text\">Ontdek de producten<\/span>\n\t\t\t\t\t<\/span>\n\t\t\t\t\t<\/a>\n\t\t\t\t<\/div>\n\t\t\t\t\t\t\t\t<\/div>\n\t\t\t\t<\/div>\n\t\t\t\t<div class=\"elementor-element elementor-element-f66434b elementor-widget elementor-widget-text-editor\" data-id=\"f66434b\" data-element_type=\"widget\" data-e-type=\"widget\" data-widget_type=\"text-editor.default\">\n\t\t\t\t<div class=\"elementor-widget-container\">\n\t\t\t\t\t\t\t\t\t<p><b>Chouchoutez votre cheval avec des produits de soin efficaces et naturels.<\/b><\/p><p class=\"p3\">Offrez \u00e0 votre cheval encore plus de <span class=\"s2\"><b>confort et de bien-\u00eatre au quotidien<\/b><\/span> gr\u00e2ce \u00e0 notre <span class=\"s2\"><b>gamme compl\u00e8te de produits de soin<\/b><\/span>. Il y a un produit pour chaque besoin: soin de la peau, de la robe, des crins, des yeux, des sabots ou encore pour le confort et la r\u00e9cup\u00e9ration.<\/p><p class=\"p3\">Fabriqu\u00e9s en Belgique et formul\u00e9s avec des <span class=\"s2\"><b>ingr\u00e9dients de qualit\u00e9<\/b><\/span>, ils permettent de <span class=\"s2\"><b>nettoyer, hydrater, prot\u00e9ger ou encore apaiser.<\/b><\/span><\/p><p class=\"p4\"><span class=\"s3\">Nos <\/span><b>produits de soin du cheval<\/b><span class=\"s3\"> sont hyper agr\u00e9ables \u00e0 utiliser, efficaces et toujours d\u00e9licatement parfum\u00e9s. <\/span><\/p><p class=\"p4\"><span class=\"s3\">Parfaits pour <\/span><b>entretenir votre cheval tout au long de l\u2019ann\u00e9e<\/b><span class=\"s3\">, ils allient <\/span><b>plaisir, performance et respect du cheval<\/b><span class=\"s3\">. Les essayer, c&rsquo;est les adopter !<\/span><\/p>\t\t\t\t\t\t\t\t<\/div>\n\t\t\t\t<\/div>\n\t\t\t\t<\/div>\n\t\t\t\t<\/div>\n\t\t\t\t\t<\/div>\n\t\t\t\t<\/div>\n\t\t\t\t<\/div>","protected":false},"excerpt":{"rendered":"<p>Nos produits Aliments,&#32; compl\u00e9ments&#32; &#038;&#32; produits&#32; de&#32; soin&#32; Prenez soin de votre cheval avec notre s\u00e9lection compl\u00e8te d\u2019aliments, compl\u00e9ments alimentaires et produits de soin pour chevaux, rigoureusement choisis pour soutenir sa sant\u00e9, ses performances et son bien-\u00eatre au quotidien. Des&#8230;<\/p>","protected":false},"author":2,"featured_media":0,"parent":0,"menu_order":0,"comment_status":"closed","ping_status":"closed","template":"","meta":{"footnotes":""},"class_list":["post-16701","page","type-page","status-publish","hentry"],"_links":{"self":[{"href":"https:\/\/www.bleu-roy.com\/nl\/wp-json\/wp\/v2\/pages\/16701","targetHints":{"allow":["GET"]}}],"collection":[{"href":"https:\/\/www.bleu-roy.com\/nl\/wp-json\/wp\/v2\/pages"}],"about":[{"href":"https:\/\/www.bleu-roy.com\/nl\/wp-json\/wp\/v2\/types\/page"}],"author":[{"embeddable":true,"href":"https:\/\/www.bleu-roy.com\/nl\/wp-json\/wp\/v2\/users\/2"}],"replies":[{"embeddable":true,"href":"https:\/\/www.bleu-roy.com\/nl\/wp-json\/wp\/v2\/comments?post=16701"}],"version-history":[{"count":20,"href":"https:\/\/www.bleu-roy.com\/nl\/wp-json\/wp\/v2\/pages\/16701\/revisions"}],"predecessor-version":[{"id":16736,"href":"https:\/\/www.bleu-roy.com\/nl\/wp-json\/wp\/v2\/pages\/16701\/revisions\/16736"}],"wp:attachment":[{"href":"https:\/\/www.bleu-roy.com\/nl\/wp-json\/wp\/v2\/media?parent=16701"}],"curies":[{"name":"wp","href":"https:\/\/api.w.org\/{rel}","templated":true}]}}