{"id":14780,"date":"2025-05-08T17:48:24","date_gmt":"2025-05-08T17:48:24","guid":{"rendered":"https:\/\/www.bleu-roy.com\/?page_id=14780"},"modified":"2025-05-08T17:48:39","modified_gmt":"2025-05-08T17:48:39","slug":"a-propos","status":"publish","type":"page","link":"https:\/\/www.bleu-roy.com\/nl\/a-propos\/","title":{"rendered":"Over ons"},"content":{"rendered":"<div data-elementor-type=\"wp-page\" data-elementor-id=\"14780\" class=\"elementor elementor-14780\" data-elementor-post-type=\"page\">\n\t\t\t\t\t\t<section class=\"elementor-section elementor-top-section elementor-element elementor-element-76f14e0 elementor-section-boxed elementor-section-height-default elementor-section-height-default\" data-id=\"76f14e0\" data-element_type=\"section\" data-e-type=\"section\" data-settings=\"{&quot;background_background&quot;:&quot;classic&quot;}\">\n\t\t\t\t\t\t<div class=\"elementor-container elementor-column-gap-default\">\n\t\t\t\t\t<div class=\"elementor-column elementor-col-100 elementor-top-column elementor-element elementor-element-9f463d2\" data-id=\"9f463d2\" data-element_type=\"column\" data-e-type=\"column\">\n\t\t\t<div class=\"elementor-widget-wrap elementor-element-populated\">\n\t\t\t\t\t\t<div class=\"elementor-element elementor-element-8142a0d elementor-widget elementor-widget-pix-badge\" data-id=\"8142a0d\" data-element_type=\"widget\" data-e-type=\"widget\" data-widget_type=\"pix-badge.default\">\n\t\t\t\t<div class=\"elementor-widget-container\">\n\t\t\t\t\t<div class=\"pix-element-div w-100 text-center\"><span class=\"pix-badge-element h6 d-inline-flex mr-1\"  ><span class=\"badge font-weight-bold badge-pill bg-secondary-light\" style=\" \"><span class=\"text-secondary\" style=\"\">Wie zit er achter Bleu-Roy?<\/span><\/span><\/span><\/div>\t\t\t\t<\/div>\n\t\t\t\t<\/div>\n\t\t\t\t<div class=\"elementor-element elementor-element-8abe632 elementor-widget elementor-widget-pix-sliding-text\" data-id=\"8abe632\" data-element_type=\"widget\" data-e-type=\"widget\" data-widget_type=\"pix-sliding-text.default\">\n\t\t\t\t<div class=\"elementor-widget-container\">\n\t\t\t\t\t<div id=\"el-8abe632\" class=\"mb-3 text-center\"><div class=\"d-inline-block\" style=\"max-width:700px;\"><h2 class=\"mb-32 pix-sliding-headline-2 animate-in font-weight-bold secondary-font\" data-anim-type=\"pix-sliding-text\" pix-anim-delay=\"500\" data-class=\"secondary-font text-heading-default\" style=\"\"><span class=\"slide-in-container\"><span class=\"pix-sliding-item secondary-font text-heading-default\" style=\"transition-delay: 0ms;\">Bleu-Roy,&#32;<\/span><\/span> <span class=\"slide-in-container\"><span class=\"pix-sliding-item secondary-font text-heading-default\" style=\"transition-delay: 50ms;\">une&#32;<\/span><\/span> <span class=\"slide-in-container\"><span class=\"pix-sliding-item secondary-font text-heading-default\" style=\"transition-delay: 100ms;\">histoire&#32;<\/span><\/span> <span class=\"slide-in-container\"><span class=\"pix-sliding-item secondary-font text-heading-default\" style=\"transition-delay: 150ms;\">de&#32;<\/span><\/span> <span class=\"slide-in-container\"><span class=\"pix-sliding-item secondary-font text-heading-default\" style=\"transition-delay: 200ms;\">chevaux&#32;<\/span><\/span> <\/h2><\/div><\/div>\t\t\t\t<\/div>\n\t\t\t\t<\/div>\n\t\t\t\t<div class=\"elementor-element elementor-element-d811d5a elementor-widget elementor-widget-text-editor\" data-id=\"d811d5a\" data-element_type=\"widget\" data-e-type=\"widget\" data-widget_type=\"text-editor.default\">\n\t\t\t\t<div class=\"elementor-widget-container\">\n\t\t\t\t\t\t\t\t\t<p>Aangenaam! Ik ben Aur\u00e9lie.<\/p><p>Als je dit leest, is de kans groot dat je, net als ik, een echte paardenliefhebber bent.\nEn waarschijnlijk vraag je je ook af wat Bleu-Roy nu precies is. Klopt dat?<\/p><p>Dan ben je hier helemaal op je plaats. Ik neem je graag mee in ons verhaal.<\/p><p>Eerst moet ik je een beetje over mezelf vertellen.\nOf beter gezegd: over ons. Want ik sta niet alleen achter dit project.\nBleu-Roy heb ik samen opgericht met Xavier, mijn partner sinds meer dan 15 jaar.<\/p><p>In het leven, net als in het ondernemerschap, vullen we elkaar perfect aan.\nOnze rode draad? De liefde voor paarden.\nIeder op onze eigen manier, en later samen, hebben we al duizend-en-\u00e9\u00e9n verhalen met hen beleefd!<\/p><p>Het hoge niveau in de eventingsport (met Rams\u00e8s, En Silence Otrang en Corina), de vreugde van de fokkerij (drie veulens en een vierde onderweg), en de avonturen die we delen met onze dochter Joline, die zelf ook al helemaal gepassioneerd is.<\/p><p>Dus op de dag dat Xavier de kans kreeg om met paardenvoeding aan de slag te gaan, was het voor mij vanzelfsprekend om te zeggen:\n\u201cDat doen we samen!\u201d\nIk zie het ons nog zo voor me: ik stond in de keuken en was het eten aan het klaarmaken.<\/p><p>Zo werd het idee geboren.<\/p><p>Vertrekkend vanuit onze eigen ervaring hebben we hard gewerkt om kwaliteitsvolle producten te ontwikkelen, die de natuur van het paard respecteren en extra comfort bieden, ongeacht hun levensstijl of activiteitsniveau.\nOnze producten werden getest op onze eigen paarden \u00e9n op die van vele ervaren ruiters.<\/p><p>Zo hebben we bijvoorbeeld, om de merrie In The Mood te helpen \u2013 die ernstig leed aan maagzweren \u2013 ons voer Gastro Protect en ons supplement B-Gastromix ontwikkeld.\nVandaag maken ze deel uit van onze bestsellers!<\/p><p class=\"translation-block\">Vandaag staat Bleu-Roy voor 10 jaar ervaring ten dienste van uw paarden.\nVoeders, supplementen en verzorgingsproducten om hen elke dag opnieuw te verwennen.\nDuizenden producten verkocht in Belgi\u00eb, Frankrijk en in heel Europa.\nMaar vooral: een klanttevredenheid die dicht bij 100% ligt \u2014 bij professionele en recreatieve ruiters, fokkers, stalhouders en dierenartsen.<\/p><p>Kiezen voor Bleu-Roy is kiezen voor kwaliteit, ervaring \u00e9n beschikbaarheid.\nIk sta zelf achter alle communicatiekanalen om u te adviseren en al uw vragen te beantwoorden.<\/p><p>Twijfelt u nog? Probeer het zelf, u zult niet teleurgesteld zijn.<\/p><p>Tot snel!<\/p><p>Aur\u00e9lie<\/p>\t\t\t\t\t\t\t\t<\/div>\n\t\t\t\t<\/div>\n\t\t\t\t<div class=\"elementor-element elementor-element-b759481 elementor-widget elementor-widget-image\" data-id=\"b759481\" data-element_type=\"widget\" data-e-type=\"widget\" data-widget_type=\"image.default\">\n\t\t\t\t<div class=\"elementor-widget-container\">\n\t\t\t\t\t\t\t\t\t\t\t\t\t\t\t<img fetchpriority=\"high\" decoding=\"async\" width=\"640\" height=\"427\" src=\"https:\/\/www.bleu-roy.com\/wp-content\/uploads\/2025\/05\/Bleu-Roy-Bortels-WEB-13-1024x683.jpg\" class=\"attachment-large size-large wp-image-14692\" alt=\"\" srcset=\"https:\/\/www.bleu-roy.com\/wp-content\/uploads\/2025\/05\/Bleu-Roy-Bortels-WEB-13-1024x683.jpg 1024w, https:\/\/www.bleu-roy.com\/wp-content\/uploads\/2025\/05\/Bleu-Roy-Bortels-WEB-13-300x200.jpg 300w, https:\/\/www.bleu-roy.com\/wp-content\/uploads\/2025\/05\/Bleu-Roy-Bortels-WEB-13-768x512.jpg 768w, https:\/\/www.bleu-roy.com\/wp-content\/uploads\/2025\/05\/Bleu-Roy-Bortels-WEB-13-1536x1024.jpg 1536w, https:\/\/www.bleu-roy.com\/wp-content\/uploads\/2025\/05\/Bleu-Roy-Bortels-WEB-13-600x400.jpg 600w, https:\/\/www.bleu-roy.com\/wp-content\/uploads\/2025\/05\/Bleu-Roy-Bortels-WEB-13-1320x880.jpg 1320w, https:\/\/www.bleu-roy.com\/wp-content\/uploads\/2025\/05\/Bleu-Roy-Bortels-WEB-13.jpg 2048w\" sizes=\"(max-width: 640px) 100vw, 640px\" title=\"\">\t\t\t\t\t\t\t\t\t\t\t\t\t\t\t<\/div>\n\t\t\t\t<\/div>\n\t\t\t\t\t<\/div>\n\t\t<\/div>\n\t\t\t\t\t<\/div>\n\t\t<\/section>\n\t\t\t\t<\/div>","protected":false},"excerpt":{"rendered":"<p>Qui se cache derri\u00e8re Bleu-Roy? Bleu-Roy,&#32; une&#32; histoire&#32; de&#32; chevaux&#32; Enchant\u00e9e\u00a0! Moi, c\u2019est Aur\u00e9lie. Si vous \u00eates arriv\u00e9s jusqu\u2019ici, c\u2019est certainement parce que, comme moi, vous \u00eates des amoureux de chevaux\u2026 Et puis aussi, parce que vous vous demandez ce&#8230;<\/p>","protected":false},"author":2,"featured_media":0,"parent":0,"menu_order":0,"comment_status":"closed","ping_status":"closed","template":"","meta":{"footnotes":""},"class_list":["post-14780","page","type-page","status-publish","hentry"],"_links":{"self":[{"href":"https:\/\/www.bleu-roy.com\/nl\/wp-json\/wp\/v2\/pages\/14780","targetHints":{"allow":["GET"]}}],"collection":[{"href":"https:\/\/www.bleu-roy.com\/nl\/wp-json\/wp\/v2\/pages"}],"about":[{"href":"https:\/\/www.bleu-roy.com\/nl\/wp-json\/wp\/v2\/types\/page"}],"author":[{"embeddable":true,"href":"https:\/\/www.bleu-roy.com\/nl\/wp-json\/wp\/v2\/users\/2"}],"replies":[{"embeddable":true,"href":"https:\/\/www.bleu-roy.com\/nl\/wp-json\/wp\/v2\/comments?post=14780"}],"version-history":[{"count":4,"href":"https:\/\/www.bleu-roy.com\/nl\/wp-json\/wp\/v2\/pages\/14780\/revisions"}],"predecessor-version":[{"id":14785,"href":"https:\/\/www.bleu-roy.com\/nl\/wp-json\/wp\/v2\/pages\/14780\/revisions\/14785"}],"wp:attachment":[{"href":"https:\/\/www.bleu-roy.com\/nl\/wp-json\/wp\/v2\/media?parent=14780"}],"curies":[{"name":"wp","href":"https:\/\/api.w.org\/{rel}","templated":true}]}}