{"id":14749,"date":"2025-05-08T16:48:35","date_gmt":"2025-05-08T16:48:35","guid":{"rendered":"https:\/\/www.bleu-roy.com\/?page_id=14749"},"modified":"2025-05-08T16:51:46","modified_gmt":"2025-05-08T16:51:46","slug":"activite-moyenne-a-intense","status":"publish","type":"page","link":"https:\/\/www.bleu-roy.com\/nl\/activite-moyenne-a-intense\/","title":{"rendered":"Gemiddeld tot intensieve activiteit"},"content":{"rendered":"<div data-elementor-type=\"wp-page\" data-elementor-id=\"14749\" class=\"elementor elementor-14749\" data-elementor-post-type=\"page\">\n\t\t\t\t\t\t<section class=\"elementor-section elementor-top-section elementor-element elementor-element-f3ae122 elementor-section-boxed elementor-section-height-default elementor-section-height-default\" data-id=\"f3ae122\" data-element_type=\"section\" data-e-type=\"section\" data-settings=\"{&quot;background_background&quot;:&quot;classic&quot;}\">\n\t\t\t\t\t\t<div class=\"elementor-container elementor-column-gap-default\">\n\t\t\t\t\t<div class=\"elementor-column elementor-col-100 elementor-top-column elementor-element elementor-element-6cf32bf\" data-id=\"6cf32bf\" data-element_type=\"column\" data-e-type=\"column\">\n\t\t\t<div class=\"elementor-widget-wrap elementor-element-populated\">\n\t\t\t\t\t\t<div class=\"elementor-element elementor-element-2178ab7 elementor-widget elementor-widget-pix-badge\" data-id=\"2178ab7\" data-element_type=\"widget\" data-e-type=\"widget\" data-widget_type=\"pix-badge.default\">\n\t\t\t\t<div class=\"elementor-widget-container\">\n\t\t\t\t\t<div class=\"pix-element-div w-100 text-center\"><span class=\"pix-badge-element h6 d-inline-flex mr-1\"  ><span class=\"badge font-weight-bold badge-pill bg-secondary-light\" style=\" \"><span class=\"text-secondary\" style=\"\">Voeders<\/span><\/span><\/span><\/div>\t\t\t\t<\/div>\n\t\t\t\t<\/div>\n\t\t\t\t<div class=\"elementor-element elementor-element-b3ad4ff elementor-widget elementor-widget-pix-sliding-text\" data-id=\"b3ad4ff\" data-element_type=\"widget\" data-e-type=\"widget\" data-widget_type=\"pix-sliding-text.default\">\n\t\t\t\t<div class=\"elementor-widget-container\">\n\t\t\t\t\t<div id=\"el-b3ad4ff\" class=\"mb-3 text-center\"><div class=\"d-inline-block\" style=\"max-width:700px;\"><h2 class=\"mb-32 pix-sliding-headline-2 animate-in font-weight-bold secondary-font\" data-anim-type=\"pix-sliding-text\" pix-anim-delay=\"500\" data-class=\"secondary-font text-heading-default\" style=\"\"><span class=\"slide-in-container\"><span class=\"pix-sliding-item secondary-font text-heading-default\" style=\"transition-delay: 0ms;\">Activit\u00e9&#32;<\/span><\/span> <span class=\"slide-in-container\"><span class=\"pix-sliding-item secondary-font text-heading-default\" style=\"transition-delay: 50ms;\">moyenne&#32;<\/span><\/span> <span class=\"slide-in-container\"><span class=\"pix-sliding-item secondary-font text-heading-default\" style=\"transition-delay: 100ms;\">\u00e0&#32;<\/span><\/span> <span class=\"slide-in-container\"><span class=\"pix-sliding-item secondary-font text-heading-default\" style=\"transition-delay: 150ms;\">intense&#32;<\/span><\/span> <\/h2><\/div><\/div>\t\t\t\t<\/div>\n\t\t\t\t<\/div>\n\t\t\t\t<div class=\"elementor-element elementor-element-18c1811 elementor-widget elementor-widget-text-editor\" data-id=\"18c1811\" data-element_type=\"widget\" data-e-type=\"widget\" data-widget_type=\"text-editor.default\">\n\t\t\t\t<div class=\"elementor-widget-container\">\n\t\t\t\t\t\t\t\t\t<p><strong data-start=\"87\" data-end=\"181\">Vous cherchez un aliment complet et performant pour votre cheval ?<\/strong><br data-start=\"181\" data-end=\"184\" \/><strong data-start=\"184\" data-end=\"203\">Bleu-Roy Active<\/strong> est con\u00e7u pour r\u00e9pondre aux besoins nutritionnels des chevaux ayant une activit\u00e9 physique r\u00e9guli\u00e8re \u00e0 intense. Id\u00e9al pour les chevaux de sport, il offre un apport \u00e9nerg\u00e9tique adapt\u00e9 aux chevaux sollicit\u00e9s sans pr\u00e9senter de besoins sp\u00e9cifiques particuliers. C\u2019est \u00e9galement l\u2019aliment de pr\u00e9dilection de nos ambassadeurs pour leurs chevaux de haut niveau.<\/p>\t\t\t\t\t\t\t\t<\/div>\n\t\t\t\t<\/div>\n\t\t\t\t\t<\/div>\n\t\t<\/div>\n\t\t\t\t\t<\/div>\n\t\t<\/section>\n\t\t<div class=\"elementor-element elementor-element-e776d0b e-grid e-con-boxed e-con e-parent\" data-id=\"e776d0b\" data-element_type=\"container\" data-e-type=\"container\">\n\t\t\t\t\t<div class=\"e-con-inner\">\n\t\t<div class=\"elementor-element elementor-element-11318aa e-con-full e-flex e-con e-child\" data-id=\"11318aa\" data-element_type=\"container\" data-e-type=\"container\" data-settings=\"{&quot;animation&quot;:&quot;none&quot;}\">\n\t\t\t\t<div class=\"elementor-element elementor-element-785aa91 elementor-widget elementor-widget-pix-img\" data-id=\"785aa91\" data-element_type=\"widget\" data-e-type=\"widget\" data-widget_type=\"pix-img.default\">\n\t\t\t\t<div class=\"elementor-widget-container\">\n\t\t\t\t\t<div class=\"pix-img-element d-inline-block\" ><div class=\"pix-img-el    left d-inline-block  w-100 rounded-lg\"  ><img fetchpriority=\"high\" decoding=\"async\" class=\"card-img2 pix-img-elem rounded-lg  h-1002\" style=\"height:auto;\" width=\"1080\" height=\"1080\" srcset=\"https:\/\/www.bleu-roy.com\/wp-content\/uploads\/2025\/04\/BasicActive.jpg 1080w, https:\/\/www.bleu-roy.com\/wp-content\/uploads\/2025\/04\/BasicActive-300x300.jpg 300w, https:\/\/www.bleu-roy.com\/wp-content\/uploads\/2025\/04\/BasicActive-1024x1024.jpg 1024w, https:\/\/www.bleu-roy.com\/wp-content\/uploads\/2025\/04\/BasicActive-150x150.jpg 150w, https:\/\/www.bleu-roy.com\/wp-content\/uploads\/2025\/04\/BasicActive-768x768.jpg 768w, https:\/\/www.bleu-roy.com\/wp-content\/uploads\/2025\/04\/BasicActive-400x400.jpg 400w, https:\/\/www.bleu-roy.com\/wp-content\/uploads\/2025\/04\/BasicActive-75x75.jpg 75w, https:\/\/www.bleu-roy.com\/wp-content\/uploads\/2025\/04\/BasicActive-460x460.jpg 460w, https:\/\/www.bleu-roy.com\/wp-content\/uploads\/2025\/04\/BasicActive-600x600.jpg 600w, https:\/\/www.bleu-roy.com\/wp-content\/uploads\/2025\/04\/BasicActive-100x100.jpg 100w\" sizes=\"(max-width: 1080px) 100vw, 1080px\" src=\"https:\/\/www.bleu-roy.com\/wp-content\/uploads\/2025\/04\/BasicActive.jpg\" alt=\"Image link\" title=\"\"><\/div><\/div>\t\t\t\t<\/div>\n\t\t\t\t<\/div>\n\t\t\t\t<div class=\"elementor-element elementor-element-c7e90d5 elementor-widget elementor-widget-heading\" data-id=\"c7e90d5\" data-element_type=\"widget\" data-e-type=\"widget\" data-widget_type=\"heading.default\">\n\t\t\t\t<div class=\"elementor-widget-container\">\n\t\t\t\t\t<h3 class=\"elementor-heading-title elementor-size-default\"><a href=\"https:\/\/www.bleu-roy.com\/nl\/product\/active\/\">Active<\/a><\/h3>\t\t\t\t<\/div>\n\t\t\t\t<\/div>\n\t\t\t\t<div class=\"elementor-element elementor-element-aec3222 elementor-widget elementor-widget-text-editor\" data-id=\"aec3222\" data-element_type=\"widget\" data-e-type=\"widget\" data-widget_type=\"text-editor.default\">\n\t\t\t\t<div class=\"elementor-widget-container\">\n\t\t\t\t\t\t\t\t\t<p>Bleu-Roy Basic convient particuli\u00e8rement:<\/p><ul><li>Au cheval de sport ou de loisir ayant une activit\u00e9 moyenne \u00e0 intense.<\/li><\/ul><p><em><strong>Disponible en m\u00e9lange et en granul\u00e9s.<\/strong><\/em><\/p>\t\t\t\t\t\t\t\t<\/div>\n\t\t\t\t<\/div>\n\t\t\t\t<div class=\"elementor-element elementor-element-66780c1 elementor-align-left elementor-widget elementor-widget-button\" data-id=\"66780c1\" data-element_type=\"widget\" data-e-type=\"widget\" data-widget_type=\"button.default\">\n\t\t\t\t<div class=\"elementor-widget-container\">\n\t\t\t\t\t\t\t\t\t<div class=\"elementor-button-wrapper\">\n\t\t\t\t\t<a class=\"elementor-button elementor-button-link elementor-size-sm\" href=\"https:\/\/www.bleu-roy.com\/nl\/product\/active\/\">\n\t\t\t\t\t\t<span class=\"elementor-button-content-wrapper\">\n\t\t\t\t\t\t\t\t\t<span class=\"elementor-button-text\">Ontdek de product<\/span>\n\t\t\t\t\t<\/span>\n\t\t\t\t\t<\/a>\n\t\t\t\t<\/div>\n\t\t\t\t\t\t\t\t<\/div>\n\t\t\t\t<\/div>\n\t\t\t\t<\/div>\n\t\t\t\t\t<\/div>\n\t\t\t\t<\/div>\n\t\t<div class=\"elementor-element elementor-element-fc84c11 e-flex e-con-boxed e-con e-parent\" data-id=\"fc84c11\" data-element_type=\"container\" data-e-type=\"container\">\n\t\t\t\t\t<div class=\"e-con-inner\">\n\t\t\t\t<div class=\"elementor-element elementor-element-07bc6bd elementor-widget-divider--view-line elementor-widget elementor-widget-divider\" data-id=\"07bc6bd\" data-element_type=\"widget\" data-e-type=\"widget\" data-widget_type=\"divider.default\">\n\t\t\t\t<div class=\"elementor-widget-container\">\n\t\t\t\t\t\t\t<div class=\"elementor-divider\">\n\t\t\t<span class=\"elementor-divider-separator\">\n\t\t\t\t\t\t<\/span>\n\t\t<\/div>\n\t\t\t\t\t\t<\/div>\n\t\t\t\t<\/div>\n\t\t\t\t\t<\/div>\n\t\t\t\t<\/div>\n\t\t<div class=\"elementor-element elementor-element-f8baf32 e-flex e-con-boxed e-con e-parent\" data-id=\"f8baf32\" data-element_type=\"container\" data-e-type=\"container\">\n\t\t\t\t\t<div class=\"e-con-inner\">\n\t\t\t\t<div class=\"elementor-element elementor-element-b5e0364 elementor-widget elementor-widget-pix-badge\" data-id=\"b5e0364\" data-element_type=\"widget\" data-e-type=\"widget\" data-widget_type=\"pix-badge.default\">\n\t\t\t\t<div class=\"elementor-widget-container\">\n\t\t\t\t\t<span class=\"pix-badge-element h6 d-inline-flex mr-1\"  ><span class=\"badge font-weight-bold bg-primary-light\" style=\" \"><span class=\"text-primary\" style=\"\">Behoefte aan persoonlijk advies?<\/span><\/span><\/span>\t\t\t\t<\/div>\n\t\t\t\t<\/div>\n\t\t\t\t\t<\/div>\n\t\t\t\t<\/div>\n\t\t<div class=\"elementor-element elementor-element-d021866 e-flex e-con-boxed e-con e-parent\" data-id=\"d021866\" data-element_type=\"container\" data-e-type=\"container\">\n\t\t\t\t\t<div class=\"e-con-inner\">\n\t\t\t\t<div class=\"elementor-element elementor-element-22637d4 elementor-widget__width-inherit elementor-widget elementor-widget-heading\" data-id=\"22637d4\" data-element_type=\"widget\" data-e-type=\"widget\" data-widget_type=\"heading.default\">\n\t\t\t\t<div class=\"elementor-widget-container\">\n\t\t\t\t\t<h2 class=\"elementor-heading-title elementor-size-default\">Contacteer ons<\/h2>\t\t\t\t<\/div>\n\t\t\t\t<\/div>\n\t\t\t\t\t<\/div>\n\t\t\t\t<\/div>\n\t\t<div class=\"elementor-element elementor-element-5b186cc e-grid e-con-boxed e-con e-parent\" data-id=\"5b186cc\" data-element_type=\"container\" data-e-type=\"container\">\n\t\t\t\t\t<div class=\"e-con-inner\">\n\t\t\t\t<div class=\"elementor-element elementor-element-679dd84 elementor-button-align-stretch elementor-widget elementor-widget-form\" data-id=\"679dd84\" data-element_type=\"widget\" data-e-type=\"widget\" data-settings=\"{&quot;step_next_label&quot;:&quot;Suivant&quot;,&quot;step_previous_label&quot;:&quot;Pr\\u00e9c\\u00e9dent&quot;,&quot;button_width&quot;:&quot;100&quot;,&quot;step_type&quot;:&quot;number_text&quot;,&quot;step_icon_shape&quot;:&quot;circle&quot;}\" data-widget_type=\"form.default\">\n\t\t\t\t<div class=\"elementor-widget-container\">\n\t\t\t\t\t\t\t<form class=\"elementor-form\" method=\"post\" name=\"Bleu-Roy\" aria-label=\"Bleu-Roy\" action=\"\">\n\t\t\t<input type=\"hidden\" name=\"post_id\" value=\"14749\"\/>\n\t\t\t<input type=\"hidden\" name=\"form_id\" value=\"679dd84\"\/>\n\t\t\t<input type=\"hidden\" name=\"referer_title\" value=\"Activit\u00e9 moyenne \u00e0 intense - Bleu-Roy\" \/>\n\n\t\t\t\t\t\t\t<input type=\"hidden\" name=\"queried_id\" value=\"14749\"\/>\n\t\t\t\n\t\t\t<div class=\"elementor-form-fields-wrapper elementor-labels-above\">\n\t\t\t\t\t\t\t\t<div class=\"elementor-field-type-text elementor-field-group elementor-column elementor-field-group-name elementor-col-100\">\n\t\t\t\t\t\t\t\t\t\t\t\t<label for=\"form-field-name\" class=\"elementor-field-label\">\n\t\t\t\t\t\t\t\tNaam\t\t\t\t\t\t\t<\/label>\n\t\t\t\t\t\t\t\t\t\t\t\t\t\t<input size=\"1\" type=\"text\" name=\"form_fields[name]\" id=\"form-field-name\" class=\"elementor-field elementor-size-sm  elementor-field-textual\" placeholder=\"Naam\">\n\t\t\t\t\t\t\t\t\t\t\t<\/div>\n\t\t\t\t\t\t\t\t<div class=\"elementor-field-type-email elementor-field-group elementor-column elementor-field-group-email elementor-col-100 elementor-field-required\">\n\t\t\t\t\t\t\t\t\t\t\t\t<label for=\"form-field-email\" class=\"elementor-field-label\">\n\t\t\t\t\t\t\t\tE-mail\t\t\t\t\t\t\t<\/label>\n\t\t\t\t\t\t\t\t\t\t\t\t\t\t<input size=\"1\" type=\"email\" name=\"form_fields[email]\" id=\"form-field-email\" class=\"elementor-field elementor-size-sm  elementor-field-textual\" placeholder=\"E-mail\" required=\"required\">\n\t\t\t\t\t\t\t\t\t\t\t<\/div>\n\t\t\t\t\t\t\t\t<div class=\"elementor-field-type-textarea elementor-field-group elementor-column elementor-field-group-message elementor-col-100\">\n\t\t\t\t\t\t\t\t\t\t\t\t<label for=\"form-field-message\" class=\"elementor-field-label\">\n\t\t\t\t\t\t\t\tBericht\t\t\t\t\t\t\t<\/label>\n\t\t\t\t\t\t<textarea class=\"elementor-field-textual elementor-field  elementor-size-sm\" name=\"form_fields[message]\" id=\"form-field-message\" rows=\"4\" placeholder=\"Bericht\"><\/textarea>\t\t\t\t<\/div>\n\t\t\t\t\t\t\t\t<div class=\"elementor-field-group elementor-column elementor-field-type-submit elementor-col-100 e-form__buttons\">\n\t\t\t\t\t<button class=\"elementor-button elementor-size-sm\" type=\"submit\">\n\t\t\t\t\t\t<span class=\"elementor-button-content-wrapper\">\n\t\t\t\t\t\t\t\t\t\t\t\t\t\t\t<span class=\"elementor-button-icon\">\n\t\t\t\t\t\t\t\t\t<svg aria-hidden=\"true\" class=\"e-font-icon-svg e-far-envelope\" viewbox=\"0 0 512 512\" xmlns=\"http:\/\/www.w3.org\/2000\/svg\"><path d=\"M464 64H48C21.49 64 0 85.49 0 112v288c0 26.51 21.49 48 48 48h416c26.51 0 48-21.49 48-48V112c0-26.51-21.49-48-48-48zm0 48v40.805c-22.422 18.259-58.168 46.651-134.587 106.49-16.841 13.247-50.201 45.072-73.413 44.701-23.208.375-56.579-31.459-73.413-44.701C106.18 199.465 70.425 171.067 48 152.805V112h416zM48 400V214.398c22.914 18.251 55.409 43.862 104.938 82.646 21.857 17.205 60.134 55.186 103.062 54.955 42.717.231 80.509-37.199 103.053-54.947 49.528-38.783 82.032-64.401 104.947-82.653V400H48z\"><\/path><\/svg>\t\t\t\t\t\t\t\t\t\t\t\t\t\t\t\t\t<\/span>\n\t\t\t\t\t\t\t\t\t\t\t\t\t\t\t\t\t\t\t\t\t\t<span class=\"elementor-button-text\">Bericht verzenden<\/span>\n\t\t\t\t\t\t\t\t\t\t\t\t\t<\/span>\n\t\t\t\t\t<\/button>\n\t\t\t\t<\/div>\n\t\t\t<\/div>\n\t\t<input type=\"hidden\" name=\"trp-form-language\" value=\"nl\"\/><\/form>\n\t\t\t\t\t\t<\/div>\n\t\t\t\t<\/div>\n\t\t\t\t\t<\/div>\n\t\t\t\t<\/div>\n\t\t\t\t<\/div>","protected":false},"excerpt":{"rendered":"<p>Aliments Activit\u00e9&#32; moyenne&#32; \u00e0&#32; intense&#32; Vous cherchez un aliment complet et performant pour votre cheval ?Bleu-Roy Active est con\u00e7u pour r\u00e9pondre aux besoins nutritionnels des chevaux ayant une activit\u00e9 physique r\u00e9guli\u00e8re \u00e0 intense. Id\u00e9al pour les chevaux de sport, il&#8230;<\/p>","protected":false},"author":2,"featured_media":0,"parent":0,"menu_order":0,"comment_status":"closed","ping_status":"closed","template":"","meta":{"footnotes":""},"class_list":["post-14749","page","type-page","status-publish","hentry"],"_links":{"self":[{"href":"https:\/\/www.bleu-roy.com\/nl\/wp-json\/wp\/v2\/pages\/14749","targetHints":{"allow":["GET"]}}],"collection":[{"href":"https:\/\/www.bleu-roy.com\/nl\/wp-json\/wp\/v2\/pages"}],"about":[{"href":"https:\/\/www.bleu-roy.com\/nl\/wp-json\/wp\/v2\/types\/page"}],"author":[{"embeddable":true,"href":"https:\/\/www.bleu-roy.com\/nl\/wp-json\/wp\/v2\/users\/2"}],"replies":[{"embeddable":true,"href":"https:\/\/www.bleu-roy.com\/nl\/wp-json\/wp\/v2\/comments?post=14749"}],"version-history":[{"count":4,"href":"https:\/\/www.bleu-roy.com\/nl\/wp-json\/wp\/v2\/pages\/14749\/revisions"}],"predecessor-version":[{"id":14753,"href":"https:\/\/www.bleu-roy.com\/nl\/wp-json\/wp\/v2\/pages\/14749\/revisions\/14753"}],"wp:attachment":[{"href":"https:\/\/www.bleu-roy.com\/nl\/wp-json\/wp\/v2\/media?parent=14749"}],"curies":[{"name":"wp","href":"https:\/\/api.w.org\/{rel}","templated":true}]}}