{"id":13901,"date":"2025-02-02T14:33:41","date_gmt":"2025-02-02T14:33:41","guid":{"rendered":"https:\/\/www.bleu-roy.com\/?page_id=13901"},"modified":"2025-02-02T14:37:53","modified_gmt":"2025-02-02T14:37:53","slug":"juments","status":"publish","type":"page","link":"https:\/\/www.bleu-roy.com\/nl\/juments\/","title":{"rendered":"Merries"},"content":{"rendered":"<div data-elementor-type=\"wp-page\" data-elementor-id=\"13901\" class=\"elementor elementor-13901\" data-elementor-post-type=\"page\">\n\t\t\t\t\t\t<section class=\"elementor-section elementor-top-section elementor-element elementor-element-55e20aa elementor-section-boxed elementor-section-height-default elementor-section-height-default\" data-id=\"55e20aa\" data-element_type=\"section\" data-e-type=\"section\" data-settings=\"{&quot;background_background&quot;:&quot;classic&quot;}\">\n\t\t\t\t\t\t<div class=\"elementor-container elementor-column-gap-default\">\n\t\t\t\t\t<div class=\"elementor-column elementor-col-100 elementor-top-column elementor-element elementor-element-21705ccc\" data-id=\"21705ccc\" data-element_type=\"column\" data-e-type=\"column\">\n\t\t\t<div class=\"elementor-widget-wrap elementor-element-populated\">\n\t\t\t\t\t\t<div class=\"elementor-element elementor-element-52f3c8c elementor-widget elementor-widget-pix-badge\" data-id=\"52f3c8c\" data-element_type=\"widget\" data-e-type=\"widget\" data-widget_type=\"pix-badge.default\">\n\t\t\t\t<div class=\"elementor-widget-container\">\n\t\t\t\t\t<div class=\"pix-element-div w-100 text-center\"><span class=\"pix-badge-element h6 d-inline-flex mr-1\"  ><span class=\"badge font-weight-bold badge-pill bg-secondary-light\" style=\" \"><span class=\"text-secondary\" style=\"\">Merries<\/span><\/span><\/span><\/div>\t\t\t\t<\/div>\n\t\t\t\t<\/div>\n\t\t\t\t<div class=\"elementor-element elementor-element-115ccc2c elementor-widget elementor-widget-pix-sliding-text\" data-id=\"115ccc2c\" data-element_type=\"widget\" data-e-type=\"widget\" data-widget_type=\"pix-sliding-text.default\">\n\t\t\t\t<div class=\"elementor-widget-container\">\n\t\t\t\t\t<div id=\"el-115ccc2c\" class=\"mb-3 text-center\"><div class=\"d-inline-block\" style=\"max-width:700px;\"><h2 class=\"mb-32 pix-sliding-headline-2 animate-in font-weight-bold secondary-font\" data-anim-type=\"pix-sliding-text\" pix-anim-delay=\"500\" data-class=\"secondary-font text-heading-default\" style=\"\"><span class=\"slide-in-container\"><span class=\"pix-sliding-item secondary-font text-heading-default\" style=\"transition-delay: 0ms;\">Apaisez&#32;<\/span><\/span> <span class=\"slide-in-container\"><span class=\"pix-sliding-item secondary-font text-heading-default\" style=\"transition-delay: 50ms;\">votre&#32;<\/span><\/span> <span class=\"slide-in-container\"><span class=\"pix-sliding-item secondary-font text-heading-default\" style=\"transition-delay: 100ms;\">jument&#32;<\/span><\/span> <\/h2><\/div><\/div>\t\t\t\t<\/div>\n\t\t\t\t<\/div>\n\t\t\t\t<div class=\"elementor-element elementor-element-6638cd elementor-widget elementor-widget-text-editor\" data-id=\"6638cd\" data-element_type=\"widget\" data-e-type=\"widget\" data-widget_type=\"text-editor.default\">\n\t\t\t\t<div class=\"elementor-widget-container\">\n\t\t\t\t\t\t\t\t\t<p>En p\u00e9riodes de <strong>chaleurs<\/strong>, vous constatez que votre jument est <strong>inconfortable<\/strong> voire <strong>douloureuse<\/strong>? Elle est <strong>difficile<\/strong> lors de vos s\u00e9ances de travail, en d\u00e9fense? Elle est <strong>stress\u00e9e, tendue<\/strong> et a du mal \u00e0 se concentrer? Nous avons la <strong>solution pour la soulager<\/strong>.<\/p>\t\t\t\t\t\t\t\t<\/div>\n\t\t\t\t<\/div>\n\t\t\t\t\t<\/div>\n\t\t<\/div>\n\t\t\t\t\t<\/div>\n\t\t<\/section>\n\t\t<div class=\"elementor-element elementor-element-c9f5dfa e-grid e-con-boxed e-con e-parent\" data-id=\"c9f5dfa\" data-element_type=\"container\" data-e-type=\"container\">\n\t\t\t\t\t<div class=\"e-con-inner\">\n\t\t<div class=\"elementor-element elementor-element-7d16feb3 e-con-full e-flex e-con e-child\" data-id=\"7d16feb3\" data-element_type=\"container\" data-e-type=\"container\" data-settings=\"{&quot;animation&quot;:&quot;none&quot;}\">\n\t\t\t\t<div class=\"elementor-element elementor-element-895b7bc elementor-widget elementor-widget-pix-img\" data-id=\"895b7bc\" data-element_type=\"widget\" data-e-type=\"widget\" data-widget_type=\"pix-img.default\">\n\t\t\t\t<div class=\"elementor-widget-container\">\n\t\t\t\t\t<div class=\"pix-img-element d-inline-block\" ><div class=\"pix-img-el    left d-inline-block  w-100 rounded-lg\"  ><img fetchpriority=\"high\" decoding=\"async\" class=\"card-img2 pix-img-elem rounded-lg  h-1002\" style=\"height:auto;\" width=\"1080\" height=\"1080\" srcset=\"https:\/\/www.bleu-roy.com\/wp-content\/uploads\/2025\/01\/ProMare-1.jpg 1080w, https:\/\/www.bleu-roy.com\/wp-content\/uploads\/2025\/01\/ProMare-1-300x300.jpg 300w, https:\/\/www.bleu-roy.com\/wp-content\/uploads\/2025\/01\/ProMare-1-1024x1024.jpg 1024w, https:\/\/www.bleu-roy.com\/wp-content\/uploads\/2025\/01\/ProMare-1-150x150.jpg 150w, https:\/\/www.bleu-roy.com\/wp-content\/uploads\/2025\/01\/ProMare-1-768x768.jpg 768w, https:\/\/www.bleu-roy.com\/wp-content\/uploads\/2025\/01\/ProMare-1-400x400.jpg 400w, https:\/\/www.bleu-roy.com\/wp-content\/uploads\/2025\/01\/ProMare-1-75x75.jpg 75w, https:\/\/www.bleu-roy.com\/wp-content\/uploads\/2025\/01\/ProMare-1-460x460.jpg 460w, https:\/\/www.bleu-roy.com\/wp-content\/uploads\/2025\/01\/ProMare-1-600x600.jpg 600w, https:\/\/www.bleu-roy.com\/wp-content\/uploads\/2025\/01\/ProMare-1-100x100.jpg 100w\" sizes=\"(max-width: 1080px) 100vw, 1080px\" src=\"https:\/\/www.bleu-roy.com\/wp-content\/uploads\/2025\/01\/ProMare-1.jpg\" alt=\"Image link\" title=\"\"><\/div><\/div>\t\t\t\t<\/div>\n\t\t\t\t<\/div>\n\t\t\t\t<div class=\"elementor-element elementor-element-31a4d2e elementor-widget elementor-widget-heading\" data-id=\"31a4d2e\" data-element_type=\"widget\" data-e-type=\"widget\" data-widget_type=\"heading.default\">\n\t\t\t\t<div class=\"elementor-widget-container\">\n\t\t\t\t\t<h3 class=\"elementor-heading-title elementor-size-default\"><a href=\"https:\/\/www.bleu-roy.com\/nl\/product\/b-pro-mare\/\">B-Pro Mare<\/a><\/h3>\t\t\t\t<\/div>\n\t\t\t\t<\/div>\n\t\t\t\t<div class=\"elementor-element elementor-element-2274ecc8 elementor-widget elementor-widget-text-editor\" data-id=\"2274ecc8\" data-element_type=\"widget\" data-e-type=\"widget\" data-widget_type=\"text-editor.default\">\n\t\t\t\t<div class=\"elementor-widget-container\">\n\t\t\t\t\t\t\t\t\t<p>Suppl\u00e9ment en poudre pour les <strong>juments aux chaleurs douloureuses<\/strong> et difficiles. <strong>R\u00e9gule leurs cycles et apaise les crampes ovariennes<\/strong>. Il agit sur deux facteurs: le <strong>comportement<\/strong> et l\u2019<strong>inconfort<\/strong> d\u00fb aux chaleurs douloureuses.<\/p>\t\t\t\t\t\t\t\t<\/div>\n\t\t\t\t<\/div>\n\t\t\t\t<div class=\"elementor-element elementor-element-41562889 elementor-align-left elementor-widget elementor-widget-button\" data-id=\"41562889\" data-element_type=\"widget\" data-e-type=\"widget\" data-widget_type=\"button.default\">\n\t\t\t\t<div class=\"elementor-widget-container\">\n\t\t\t\t\t\t\t\t\t<div class=\"elementor-button-wrapper\">\n\t\t\t\t\t<a class=\"elementor-button elementor-button-link elementor-size-sm\" href=\"https:\/\/www.bleu-roy.com\/nl\/product\/b-pro-mare\/\">\n\t\t\t\t\t\t<span class=\"elementor-button-content-wrapper\">\n\t\t\t\t\t\t\t\t\t<span class=\"elementor-button-text\">Ontdek de product<\/span>\n\t\t\t\t\t<\/span>\n\t\t\t\t\t<\/a>\n\t\t\t\t<\/div>\n\t\t\t\t\t\t\t\t<\/div>\n\t\t\t\t<\/div>\n\t\t\t\t<\/div>\n\t\t\t\t\t<\/div>\n\t\t\t\t<\/div>\n\t\t<div class=\"elementor-element elementor-element-6e01e134 e-flex e-con-boxed e-con e-parent\" data-id=\"6e01e134\" data-element_type=\"container\" data-e-type=\"container\">\n\t\t\t\t\t<div class=\"e-con-inner\">\n\t\t\t\t<div class=\"elementor-element elementor-element-3316ecdf elementor-widget-divider--view-line elementor-widget elementor-widget-divider\" data-id=\"3316ecdf\" data-element_type=\"widget\" data-e-type=\"widget\" data-widget_type=\"divider.default\">\n\t\t\t\t<div class=\"elementor-widget-container\">\n\t\t\t\t\t\t\t<div class=\"elementor-divider\">\n\t\t\t<span class=\"elementor-divider-separator\">\n\t\t\t\t\t\t<\/span>\n\t\t<\/div>\n\t\t\t\t\t\t<\/div>\n\t\t\t\t<\/div>\n\t\t\t\t\t<\/div>\n\t\t\t\t<\/div>\n\t\t<div class=\"elementor-element elementor-element-58decea e-flex e-con-boxed e-con e-parent\" data-id=\"58decea\" data-element_type=\"container\" data-e-type=\"container\">\n\t\t\t\t\t<div class=\"e-con-inner\">\n\t\t\t\t<div class=\"elementor-element elementor-element-15a939c elementor-widget elementor-widget-pix-badge\" data-id=\"15a939c\" data-element_type=\"widget\" data-e-type=\"widget\" data-widget_type=\"pix-badge.default\">\n\t\t\t\t<div class=\"elementor-widget-container\">\n\t\t\t\t\t<span class=\"pix-badge-element h6 d-inline-flex mr-1\"  ><span class=\"badge font-weight-bold bg-primary-light\" style=\" \"><span class=\"text-primary\" style=\"\">Behoefte aan persoonlijk advies?<\/span><\/span><\/span>\t\t\t\t<\/div>\n\t\t\t\t<\/div>\n\t\t\t\t\t<\/div>\n\t\t\t\t<\/div>\n\t\t<div class=\"elementor-element elementor-element-e785c82 e-flex e-con-boxed e-con e-parent\" data-id=\"e785c82\" data-element_type=\"container\" data-e-type=\"container\">\n\t\t\t\t\t<div class=\"e-con-inner\">\n\t\t\t\t<div class=\"elementor-element elementor-element-7a0d2a8e elementor-widget__width-inherit elementor-widget elementor-widget-heading\" data-id=\"7a0d2a8e\" data-element_type=\"widget\" data-e-type=\"widget\" data-widget_type=\"heading.default\">\n\t\t\t\t<div class=\"elementor-widget-container\">\n\t\t\t\t\t<h2 class=\"elementor-heading-title elementor-size-default\">Contacteer ons<\/h2>\t\t\t\t<\/div>\n\t\t\t\t<\/div>\n\t\t\t\t\t<\/div>\n\t\t\t\t<\/div>\n\t\t<div class=\"elementor-element elementor-element-ef34253 e-grid e-con-boxed e-con e-parent\" data-id=\"ef34253\" data-element_type=\"container\" data-e-type=\"container\">\n\t\t\t\t\t<div class=\"e-con-inner\">\n\t\t\t\t<div class=\"elementor-element elementor-element-350de99 elementor-button-align-stretch elementor-widget elementor-widget-form\" data-id=\"350de99\" data-element_type=\"widget\" data-e-type=\"widget\" data-settings=\"{&quot;step_next_label&quot;:&quot;Suivant&quot;,&quot;step_previous_label&quot;:&quot;Pr\\u00e9c\\u00e9dent&quot;,&quot;button_width&quot;:&quot;100&quot;,&quot;step_type&quot;:&quot;number_text&quot;,&quot;step_icon_shape&quot;:&quot;circle&quot;}\" data-widget_type=\"form.default\">\n\t\t\t\t<div class=\"elementor-widget-container\">\n\t\t\t\t\t\t\t<form class=\"elementor-form\" method=\"post\" name=\"Bleu-Roy\" aria-label=\"Bleu-Roy\" action=\"\">\n\t\t\t<input type=\"hidden\" name=\"post_id\" value=\"13901\"\/>\n\t\t\t<input type=\"hidden\" name=\"form_id\" value=\"350de99\"\/>\n\t\t\t<input type=\"hidden\" name=\"referer_title\" value=\"Juments - Bleu-Roy\" \/>\n\n\t\t\t\t\t\t\t<input type=\"hidden\" name=\"queried_id\" value=\"13901\"\/>\n\t\t\t\n\t\t\t<div class=\"elementor-form-fields-wrapper elementor-labels-above\">\n\t\t\t\t\t\t\t\t<div class=\"elementor-field-type-text elementor-field-group elementor-column elementor-field-group-name elementor-col-100\">\n\t\t\t\t\t\t\t\t\t\t\t\t<label for=\"form-field-name\" class=\"elementor-field-label\">\n\t\t\t\t\t\t\t\tNaam\t\t\t\t\t\t\t<\/label>\n\t\t\t\t\t\t\t\t\t\t\t\t\t\t<input size=\"1\" type=\"text\" name=\"form_fields[name]\" id=\"form-field-name\" class=\"elementor-field elementor-size-sm  elementor-field-textual\" placeholder=\"Naam\">\n\t\t\t\t\t\t\t\t\t\t\t<\/div>\n\t\t\t\t\t\t\t\t<div class=\"elementor-field-type-email elementor-field-group elementor-column elementor-field-group-email elementor-col-100 elementor-field-required\">\n\t\t\t\t\t\t\t\t\t\t\t\t<label for=\"form-field-email\" class=\"elementor-field-label\">\n\t\t\t\t\t\t\t\tE-mail\t\t\t\t\t\t\t<\/label>\n\t\t\t\t\t\t\t\t\t\t\t\t\t\t<input size=\"1\" type=\"email\" name=\"form_fields[email]\" id=\"form-field-email\" class=\"elementor-field elementor-size-sm  elementor-field-textual\" placeholder=\"E-mail\" required=\"required\">\n\t\t\t\t\t\t\t\t\t\t\t<\/div>\n\t\t\t\t\t\t\t\t<div class=\"elementor-field-type-textarea elementor-field-group elementor-column elementor-field-group-message elementor-col-100\">\n\t\t\t\t\t\t\t\t\t\t\t\t<label for=\"form-field-message\" class=\"elementor-field-label\">\n\t\t\t\t\t\t\t\tBericht\t\t\t\t\t\t\t<\/label>\n\t\t\t\t\t\t<textarea class=\"elementor-field-textual elementor-field  elementor-size-sm\" name=\"form_fields[message]\" id=\"form-field-message\" rows=\"4\" placeholder=\"Bericht\"><\/textarea>\t\t\t\t<\/div>\n\t\t\t\t\t\t\t\t<div class=\"elementor-field-group elementor-column elementor-field-type-submit elementor-col-100 e-form__buttons\">\n\t\t\t\t\t<button class=\"elementor-button elementor-size-sm\" type=\"submit\">\n\t\t\t\t\t\t<span class=\"elementor-button-content-wrapper\">\n\t\t\t\t\t\t\t\t\t\t\t\t\t\t\t<span class=\"elementor-button-icon\">\n\t\t\t\t\t\t\t\t\t<svg aria-hidden=\"true\" class=\"e-font-icon-svg e-far-envelope\" viewbox=\"0 0 512 512\" xmlns=\"http:\/\/www.w3.org\/2000\/svg\"><path d=\"M464 64H48C21.49 64 0 85.49 0 112v288c0 26.51 21.49 48 48 48h416c26.51 0 48-21.49 48-48V112c0-26.51-21.49-48-48-48zm0 48v40.805c-22.422 18.259-58.168 46.651-134.587 106.49-16.841 13.247-50.201 45.072-73.413 44.701-23.208.375-56.579-31.459-73.413-44.701C106.18 199.465 70.425 171.067 48 152.805V112h416zM48 400V214.398c22.914 18.251 55.409 43.862 104.938 82.646 21.857 17.205 60.134 55.186 103.062 54.955 42.717.231 80.509-37.199 103.053-54.947 49.528-38.783 82.032-64.401 104.947-82.653V400H48z\"><\/path><\/svg>\t\t\t\t\t\t\t\t\t\t\t\t\t\t\t\t\t<\/span>\n\t\t\t\t\t\t\t\t\t\t\t\t\t\t\t\t\t\t\t\t\t\t<span class=\"elementor-button-text\">Bericht verzenden<\/span>\n\t\t\t\t\t\t\t\t\t\t\t\t\t<\/span>\n\t\t\t\t\t<\/button>\n\t\t\t\t<\/div>\n\t\t\t<\/div>\n\t\t<input type=\"hidden\" name=\"trp-form-language\" value=\"nl\"\/><\/form>\n\t\t\t\t\t\t<\/div>\n\t\t\t\t<\/div>\n\t\t\t\t\t<\/div>\n\t\t\t\t<\/div>\n\t\t\t\t<\/div>","protected":false},"excerpt":{"rendered":"<p>Juments Apaisez&#32; votre&#32; jument&#32; En p\u00e9riodes de chaleurs, vous constatez que votre jument est inconfortable voire douloureuse? Elle est difficile lors de vos s\u00e9ances de travail, en d\u00e9fense? Elle est stress\u00e9e, tendue et a du mal \u00e0 se concentrer? Nous&#8230;<\/p>","protected":false},"author":2,"featured_media":0,"parent":0,"menu_order":0,"comment_status":"closed","ping_status":"closed","template":"","meta":{"footnotes":""},"class_list":["post-13901","page","type-page","status-publish","hentry"],"_links":{"self":[{"href":"https:\/\/www.bleu-roy.com\/nl\/wp-json\/wp\/v2\/pages\/13901","targetHints":{"allow":["GET"]}}],"collection":[{"href":"https:\/\/www.bleu-roy.com\/nl\/wp-json\/wp\/v2\/pages"}],"about":[{"href":"https:\/\/www.bleu-roy.com\/nl\/wp-json\/wp\/v2\/types\/page"}],"author":[{"embeddable":true,"href":"https:\/\/www.bleu-roy.com\/nl\/wp-json\/wp\/v2\/users\/2"}],"replies":[{"embeddable":true,"href":"https:\/\/www.bleu-roy.com\/nl\/wp-json\/wp\/v2\/comments?post=13901"}],"version-history":[{"count":5,"href":"https:\/\/www.bleu-roy.com\/nl\/wp-json\/wp\/v2\/pages\/13901\/revisions"}],"predecessor-version":[{"id":13906,"href":"https:\/\/www.bleu-roy.com\/nl\/wp-json\/wp\/v2\/pages\/13901\/revisions\/13906"}],"wp:attachment":[{"href":"https:\/\/www.bleu-roy.com\/nl\/wp-json\/wp\/v2\/media?parent=13901"}],"curies":[{"name":"wp","href":"https:\/\/api.w.org\/{rel}","templated":true}]}}