{"id":13880,"date":"2025-02-02T14:08:18","date_gmt":"2025-02-02T14:08:18","guid":{"rendered":"https:\/\/www.bleu-roy.com\/?page_id=13880"},"modified":"2025-02-02T14:09:30","modified_gmt":"2025-02-02T14:09:30","slug":"locomotion","status":"publish","type":"page","link":"https:\/\/www.bleu-roy.com\/nl\/locomotion\/","title":{"rendered":"Beweging"},"content":{"rendered":"<div data-elementor-type=\"wp-page\" data-elementor-id=\"13880\" class=\"elementor elementor-13880\" data-elementor-post-type=\"page\">\n\t\t\t\t\t\t<section class=\"elementor-section elementor-top-section elementor-element elementor-element-58346d6 elementor-section-boxed elementor-section-height-default elementor-section-height-default\" data-id=\"58346d6\" data-element_type=\"section\" data-e-type=\"section\" data-settings=\"{&quot;background_background&quot;:&quot;classic&quot;}\">\n\t\t\t\t\t\t<div class=\"elementor-container elementor-column-gap-default\">\n\t\t\t\t\t<div class=\"elementor-column elementor-col-100 elementor-top-column elementor-element elementor-element-21fb471e\" data-id=\"21fb471e\" data-element_type=\"column\" data-e-type=\"column\">\n\t\t\t<div class=\"elementor-widget-wrap elementor-element-populated\">\n\t\t\t\t\t\t<div class=\"elementor-element elementor-element-7f4bbcdf elementor-widget elementor-widget-pix-badge\" data-id=\"7f4bbcdf\" data-element_type=\"widget\" data-e-type=\"widget\" data-widget_type=\"pix-badge.default\">\n\t\t\t\t<div class=\"elementor-widget-container\">\n\t\t\t\t\t<div class=\"pix-element-div w-100 text-center\"><span class=\"pix-badge-element h6 d-inline-flex mr-1\"  ><span class=\"badge font-weight-bold badge-pill bg-secondary-light\" style=\" \"><span class=\"text-secondary\" style=\"\">Beweging<\/span><\/span><\/span><\/div>\t\t\t\t<\/div>\n\t\t\t\t<\/div>\n\t\t\t\t<div class=\"elementor-element elementor-element-5fdc6791 elementor-widget elementor-widget-pix-sliding-text\" data-id=\"5fdc6791\" data-element_type=\"widget\" data-e-type=\"widget\" data-widget_type=\"pix-sliding-text.default\">\n\t\t\t\t<div class=\"elementor-widget-container\">\n\t\t\t\t\t<div id=\"el-5fdc6791\" class=\"mb-3 text-center\"><div class=\"d-inline-block\" style=\"max-width:700px;\"><h2 class=\"mb-32 pix-sliding-headline-2 animate-in font-weight-bold secondary-font\" data-anim-type=\"pix-sliding-text\" pix-anim-delay=\"500\" data-class=\"secondary-font text-heading-default\" style=\"\"><span class=\"slide-in-container\"><span class=\"pix-sliding-item secondary-font text-heading-default\" style=\"transition-delay: 0ms;\">Pour&#32;<\/span><\/span> <span class=\"slide-in-container\"><span class=\"pix-sliding-item secondary-font text-heading-default\" style=\"transition-delay: 50ms;\">une&#32;<\/span><\/span> <span class=\"slide-in-container\"><span class=\"pix-sliding-item secondary-font text-heading-default\" style=\"transition-delay: 100ms;\">meilleure&#32;<\/span><\/span> <span class=\"slide-in-container\"><span class=\"pix-sliding-item secondary-font text-heading-default\" style=\"transition-delay: 150ms;\">locomotion&#32;<\/span><\/span> <\/h2><\/div><\/div>\t\t\t\t<\/div>\n\t\t\t\t<\/div>\n\t\t\t\t<div class=\"elementor-element elementor-element-414f193b elementor-widget elementor-widget-text-editor\" data-id=\"414f193b\" data-element_type=\"widget\" data-e-type=\"widget\" data-widget_type=\"text-editor.default\">\n\t\t\t\t<div class=\"elementor-widget-container\">\n\t\t\t\t\t\t\t\t\t<p class=\"translation-block\">De benen van onze paarden worden <strong>sterk belast<\/strong>.\nEr bestaan voedingssupplementen om de <strong>gewrichten, het kraakbeen en de pezen te ondersteunen en te beschermen<\/strong>, of om paarden te helpen die last hebben van <strong>artrose<\/strong> of <strong>bewegingsproblemen<\/strong>.\nWij helpen u bij het kiezen van het juiste product om hen te ondersteunen.<\/p>\t\t\t\t\t\t\t\t<\/div>\n\t\t\t\t<\/div>\n\t\t\t\t\t<\/div>\n\t\t<\/div>\n\t\t\t\t\t<\/div>\n\t\t<\/section>\n\t\t<div class=\"elementor-element elementor-element-fb825ac e-grid e-con-boxed e-con e-parent\" data-id=\"fb825ac\" data-element_type=\"container\" data-e-type=\"container\">\n\t\t\t\t\t<div class=\"e-con-inner\">\n\t\t<div class=\"elementor-element elementor-element-408ed3df e-con-full e-flex e-con e-child\" data-id=\"408ed3df\" data-element_type=\"container\" data-e-type=\"container\" data-settings=\"{&quot;animation&quot;:&quot;none&quot;}\">\n\t\t\t\t<div class=\"elementor-element elementor-element-48ab4a6c elementor-widget elementor-widget-pix-img\" data-id=\"48ab4a6c\" data-element_type=\"widget\" data-e-type=\"widget\" data-widget_type=\"pix-img.default\">\n\t\t\t\t<div class=\"elementor-widget-container\">\n\t\t\t\t\t<div class=\"pix-img-element d-inline-block\" ><div class=\"pix-img-el    left d-inline-block  w-100 rounded-lg\"  ><img fetchpriority=\"high\" decoding=\"async\" class=\"card-img2 pix-img-elem rounded-lg  h-1002\" style=\"height:auto;\" width=\"1080\" height=\"1080\" srcset=\"https:\/\/www.bleu-roy.com\/wp-content\/uploads\/2025\/01\/Flex-1.jpg 1080w, https:\/\/www.bleu-roy.com\/wp-content\/uploads\/2025\/01\/Flex-1-300x300.jpg 300w, https:\/\/www.bleu-roy.com\/wp-content\/uploads\/2025\/01\/Flex-1-1024x1024.jpg 1024w, https:\/\/www.bleu-roy.com\/wp-content\/uploads\/2025\/01\/Flex-1-150x150.jpg 150w, https:\/\/www.bleu-roy.com\/wp-content\/uploads\/2025\/01\/Flex-1-768x768.jpg 768w, https:\/\/www.bleu-roy.com\/wp-content\/uploads\/2025\/01\/Flex-1-400x400.jpg 400w, https:\/\/www.bleu-roy.com\/wp-content\/uploads\/2025\/01\/Flex-1-75x75.jpg 75w, https:\/\/www.bleu-roy.com\/wp-content\/uploads\/2025\/01\/Flex-1-460x460.jpg 460w, https:\/\/www.bleu-roy.com\/wp-content\/uploads\/2025\/01\/Flex-1-600x600.jpg 600w, https:\/\/www.bleu-roy.com\/wp-content\/uploads\/2025\/01\/Flex-1-100x100.jpg 100w\" sizes=\"(max-width: 1080px) 100vw, 1080px\" src=\"https:\/\/www.bleu-roy.com\/wp-content\/uploads\/2025\/01\/Flex-1.jpg\" alt=\"Image link\" title=\"\"><\/div><\/div>\t\t\t\t<\/div>\n\t\t\t\t<\/div>\n\t\t\t\t<div class=\"elementor-element elementor-element-42b6c5a9 elementor-widget elementor-widget-heading\" data-id=\"42b6c5a9\" data-element_type=\"widget\" data-e-type=\"widget\" data-widget_type=\"heading.default\">\n\t\t\t\t<div class=\"elementor-widget-container\">\n\t\t\t\t\t<h3 class=\"elementor-heading-title elementor-size-default\"><a href=\"https:\/\/www.bleu-roy.com\/nl\/product\/b-flex\/\">B-Flex<\/a><\/h3>\t\t\t\t<\/div>\n\t\t\t\t<\/div>\n\t\t\t\t<div class=\"elementor-element elementor-element-f163a3a elementor-widget elementor-widget-text-editor\" data-id=\"f163a3a\" data-element_type=\"widget\" data-e-type=\"widget\" data-widget_type=\"text-editor.default\">\n\t\t\t\t<div class=\"elementor-widget-container\">\n\t\t\t\t\t\t\t\t\t<p class=\"translation-block\">Geconcentreerde formule van <strong>glucosamine, chondro\u00eftine en b\u00e8ta-glucanen<\/strong>.\nOndersteunt en beschermt de <strong>gewrichten<\/strong>, het <strong>kraakbeen<\/strong> en de <strong>pezen<\/strong> tijdens inspanning.\nVerbetert de <strong>algemene soepelheid<\/strong>.<\/p>\t\t\t\t\t\t\t\t<\/div>\n\t\t\t\t<\/div>\n\t\t\t\t<div class=\"elementor-element elementor-element-23495333 elementor-align-left elementor-widget elementor-widget-button\" data-id=\"23495333\" data-element_type=\"widget\" data-e-type=\"widget\" data-widget_type=\"button.default\">\n\t\t\t\t<div class=\"elementor-widget-container\">\n\t\t\t\t\t\t\t\t\t<div class=\"elementor-button-wrapper\">\n\t\t\t\t\t<a class=\"elementor-button elementor-button-link elementor-size-sm\" href=\"https:\/\/www.bleu-roy.com\/nl\/product\/b-flex\/\">\n\t\t\t\t\t\t<span class=\"elementor-button-content-wrapper\">\n\t\t\t\t\t\t\t\t\t<span class=\"elementor-button-text\">Ontdek de product<\/span>\n\t\t\t\t\t<\/span>\n\t\t\t\t\t<\/a>\n\t\t\t\t<\/div>\n\t\t\t\t\t\t\t\t<\/div>\n\t\t\t\t<\/div>\n\t\t\t\t<\/div>\n\t\t<div class=\"elementor-element elementor-element-18b3ab9f e-con-full e-flex e-con e-child\" data-id=\"18b3ab9f\" data-element_type=\"container\" data-e-type=\"container\" data-settings=\"{&quot;animation&quot;:&quot;none&quot;}\">\n\t\t\t\t<div class=\"elementor-element elementor-element-7546a409 elementor-widget elementor-widget-pix-img\" data-id=\"7546a409\" data-element_type=\"widget\" data-e-type=\"widget\" data-widget_type=\"pix-img.default\">\n\t\t\t\t<div class=\"elementor-widget-container\">\n\t\t\t\t\t<div class=\"pix-img-element d-inline-block\" ><div class=\"pix-img-el    left d-inline-block  w-100 rounded-lg\"  ><img decoding=\"async\" class=\"card-img2 pix-img-elem rounded-lg  h-1002\" style=\"height:auto;\" width=\"1080\" height=\"1080\" srcset=\"https:\/\/www.bleu-roy.com\/wp-content\/uploads\/2025\/01\/harpago-1.jpg 1080w, https:\/\/www.bleu-roy.com\/wp-content\/uploads\/2025\/01\/harpago-1-300x300.jpg 300w, https:\/\/www.bleu-roy.com\/wp-content\/uploads\/2025\/01\/harpago-1-1024x1024.jpg 1024w, https:\/\/www.bleu-roy.com\/wp-content\/uploads\/2025\/01\/harpago-1-150x150.jpg 150w, https:\/\/www.bleu-roy.com\/wp-content\/uploads\/2025\/01\/harpago-1-768x768.jpg 768w, https:\/\/www.bleu-roy.com\/wp-content\/uploads\/2025\/01\/harpago-1-400x400.jpg 400w, https:\/\/www.bleu-roy.com\/wp-content\/uploads\/2025\/01\/harpago-1-75x75.jpg 75w, https:\/\/www.bleu-roy.com\/wp-content\/uploads\/2025\/01\/harpago-1-460x460.jpg 460w, https:\/\/www.bleu-roy.com\/wp-content\/uploads\/2025\/01\/harpago-1-600x600.jpg 600w, https:\/\/www.bleu-roy.com\/wp-content\/uploads\/2025\/01\/harpago-1-100x100.jpg 100w\" sizes=\"(max-width: 1080px) 100vw, 1080px\" src=\"https:\/\/www.bleu-roy.com\/wp-content\/uploads\/2025\/01\/harpago-1.jpg\" alt=\"Image link\" title=\"\"><\/div><\/div>\t\t\t\t<\/div>\n\t\t\t\t<\/div>\n\t\t\t\t<div class=\"elementor-element elementor-element-fd04ae8 elementor-widget elementor-widget-heading\" data-id=\"fd04ae8\" data-element_type=\"widget\" data-e-type=\"widget\" data-widget_type=\"heading.default\">\n\t\t\t\t<div class=\"elementor-widget-container\">\n\t\t\t\t\t<h3 class=\"elementor-heading-title elementor-size-default\"><a href=\"https:\/\/www.bleu-roy.com\/nl\/product\/b-harpago\/\">B-Harpago<\/a><\/h3>\t\t\t\t<\/div>\n\t\t\t\t<\/div>\n\t\t\t\t<div class=\"elementor-element elementor-element-326ff367 elementor-widget elementor-widget-text-editor\" data-id=\"326ff367\" data-element_type=\"widget\" data-e-type=\"widget\" data-widget_type=\"text-editor.default\">\n\t\t\t\t<div class=\"elementor-widget-container\">\n\t\t\t\t\t\t\t\t\t<p class=\"translation-block\">Poedersupplement op basis van <strong>harpagophytum<\/strong> en <strong>vitamine C<\/strong> voor de gewrichten en het <strong>bewegingscomfort<\/strong>.\nNatuurlijk ontstekingsremmend.\nVerlicht <strong>gevoelige gewrichten<\/strong>.\nIdeaal voor paarden die lijden aan <strong>artrose<\/strong>.<\/p>\t\t\t\t\t\t\t\t<\/div>\n\t\t\t\t<\/div>\n\t\t\t\t<div class=\"elementor-element elementor-element-60837320 elementor-align-left elementor-widget elementor-widget-button\" data-id=\"60837320\" data-element_type=\"widget\" data-e-type=\"widget\" data-widget_type=\"button.default\">\n\t\t\t\t<div class=\"elementor-widget-container\">\n\t\t\t\t\t\t\t\t\t<div class=\"elementor-button-wrapper\">\n\t\t\t\t\t<a class=\"elementor-button elementor-button-link elementor-size-sm\" href=\"https:\/\/www.bleu-roy.com\/nl\/product\/b-harpago\/\">\n\t\t\t\t\t\t<span class=\"elementor-button-content-wrapper\">\n\t\t\t\t\t\t\t\t\t<span class=\"elementor-button-text\">Ontdek de product<\/span>\n\t\t\t\t\t<\/span>\n\t\t\t\t\t<\/a>\n\t\t\t\t<\/div>\n\t\t\t\t\t\t\t\t<\/div>\n\t\t\t\t<\/div>\n\t\t\t\t<\/div>\n\t\t<div class=\"elementor-element elementor-element-7ce502bc e-con-full e-flex e-con e-child\" data-id=\"7ce502bc\" data-element_type=\"container\" data-e-type=\"container\" data-settings=\"{&quot;animation&quot;:&quot;none&quot;}\">\n\t\t\t\t<div class=\"elementor-element elementor-element-3c7ecb42 elementor-widget elementor-widget-pix-img\" data-id=\"3c7ecb42\" data-element_type=\"widget\" data-e-type=\"widget\" data-widget_type=\"pix-img.default\">\n\t\t\t\t<div class=\"elementor-widget-container\">\n\t\t\t\t\t<div class=\"pix-img-element d-inline-block\" ><div class=\"pix-img-el    left d-inline-block  w-100 rounded-lg\"  ><img decoding=\"async\" class=\"card-img2 pix-img-elem rounded-lg  h-1002\" style=\"height:auto;\" width=\"1080\" height=\"1080\" srcset=\"https:\/\/www.bleu-roy.com\/wp-content\/uploads\/2025\/01\/Comfort.jpg 1080w, https:\/\/www.bleu-roy.com\/wp-content\/uploads\/2025\/01\/Comfort-300x300.jpg 300w, https:\/\/www.bleu-roy.com\/wp-content\/uploads\/2025\/01\/Comfort-1024x1024.jpg 1024w, https:\/\/www.bleu-roy.com\/wp-content\/uploads\/2025\/01\/Comfort-150x150.jpg 150w, https:\/\/www.bleu-roy.com\/wp-content\/uploads\/2025\/01\/Comfort-768x768.jpg 768w, https:\/\/www.bleu-roy.com\/wp-content\/uploads\/2025\/01\/Comfort-400x400.jpg 400w, https:\/\/www.bleu-roy.com\/wp-content\/uploads\/2025\/01\/Comfort-75x75.jpg 75w, https:\/\/www.bleu-roy.com\/wp-content\/uploads\/2025\/01\/Comfort-460x460.jpg 460w, https:\/\/www.bleu-roy.com\/wp-content\/uploads\/2025\/01\/Comfort-600x600.jpg 600w, https:\/\/www.bleu-roy.com\/wp-content\/uploads\/2025\/01\/Comfort-100x100.jpg 100w\" sizes=\"(max-width: 1080px) 100vw, 1080px\" src=\"https:\/\/www.bleu-roy.com\/wp-content\/uploads\/2025\/01\/Comfort.jpg\" alt=\"Image link\" title=\"\"><\/div><\/div>\t\t\t\t<\/div>\n\t\t\t\t<\/div>\n\t\t\t\t<div class=\"elementor-element elementor-element-57c88590 elementor-widget elementor-widget-heading\" data-id=\"57c88590\" data-element_type=\"widget\" data-e-type=\"widget\" data-widget_type=\"heading.default\">\n\t\t\t\t<div class=\"elementor-widget-container\">\n\t\t\t\t\t<h3 class=\"elementor-heading-title elementor-size-default\"><a href=\"https:\/\/www.bleu-roy.com\/nl\/product\/l-comfort\/\">L-Comfort<\/a><\/h3>\t\t\t\t<\/div>\n\t\t\t\t<\/div>\n\t\t\t\t<div class=\"elementor-element elementor-element-2da633d8 elementor-widget elementor-widget-text-editor\" data-id=\"2da633d8\" data-element_type=\"widget\" data-e-type=\"widget\" data-widget_type=\"text-editor.default\">\n\t\t\t\t<div class=\"elementor-widget-container\">\n\t\t\t\t\t\t\t\t\t<p class=\"translation-block\">Vloeibaar supplement op basis van <strong>5 plantenextracten<\/strong> (kurkuma, boswellia serrata, brandnetel, gember, yucca) voor het <strong>algemene comfort<\/strong> van het paard dankzij zijn <strong>krachtige antioxidatieve eigenschappen<\/strong>.<\/p>\t\t\t\t\t\t\t\t<\/div>\n\t\t\t\t<\/div>\n\t\t\t\t<div class=\"elementor-element elementor-element-69e1935f elementor-align-left elementor-widget elementor-widget-button\" data-id=\"69e1935f\" data-element_type=\"widget\" data-e-type=\"widget\" data-widget_type=\"button.default\">\n\t\t\t\t<div class=\"elementor-widget-container\">\n\t\t\t\t\t\t\t\t\t<div class=\"elementor-button-wrapper\">\n\t\t\t\t\t<a class=\"elementor-button elementor-button-link elementor-size-sm\" href=\"https:\/\/www.bleu-roy.com\/nl\/product\/l-comfort\/\">\n\t\t\t\t\t\t<span class=\"elementor-button-content-wrapper\">\n\t\t\t\t\t\t\t\t\t<span class=\"elementor-button-text\">Ontdek de product<\/span>\n\t\t\t\t\t<\/span>\n\t\t\t\t\t<\/a>\n\t\t\t\t<\/div>\n\t\t\t\t\t\t\t\t<\/div>\n\t\t\t\t<\/div>\n\t\t\t\t<\/div>\n\t\t\t\t\t<\/div>\n\t\t\t\t<\/div>\n\t\t<div class=\"elementor-element elementor-element-1758db73 e-flex e-con-boxed e-con e-parent\" data-id=\"1758db73\" data-element_type=\"container\" data-e-type=\"container\">\n\t\t\t\t\t<div class=\"e-con-inner\">\n\t\t\t\t<div class=\"elementor-element elementor-element-692e970e elementor-widget-divider--view-line elementor-widget elementor-widget-divider\" data-id=\"692e970e\" data-element_type=\"widget\" data-e-type=\"widget\" data-widget_type=\"divider.default\">\n\t\t\t\t<div class=\"elementor-widget-container\">\n\t\t\t\t\t\t\t<div class=\"elementor-divider\">\n\t\t\t<span class=\"elementor-divider-separator\">\n\t\t\t\t\t\t<\/span>\n\t\t<\/div>\n\t\t\t\t\t\t<\/div>\n\t\t\t\t<\/div>\n\t\t\t\t\t<\/div>\n\t\t\t\t<\/div>\n\t\t<div class=\"elementor-element elementor-element-9dd58c1 e-flex e-con-boxed e-con e-parent\" data-id=\"9dd58c1\" data-element_type=\"container\" data-e-type=\"container\">\n\t\t\t\t\t<div class=\"e-con-inner\">\n\t\t\t\t<div class=\"elementor-element elementor-element-4773095e elementor-widget elementor-widget-pix-badge\" data-id=\"4773095e\" data-element_type=\"widget\" data-e-type=\"widget\" data-widget_type=\"pix-badge.default\">\n\t\t\t\t<div class=\"elementor-widget-container\">\n\t\t\t\t\t<span class=\"pix-badge-element h6 d-inline-flex mr-1\"  ><span class=\"badge font-weight-bold bg-primary-light\" style=\" \"><span class=\"text-primary\" style=\"\">Behoefte aan persoonlijk advies?<\/span><\/span><\/span>\t\t\t\t<\/div>\n\t\t\t\t<\/div>\n\t\t\t\t\t<\/div>\n\t\t\t\t<\/div>\n\t\t<div class=\"elementor-element elementor-element-703c5cd2 e-flex e-con-boxed e-con e-parent\" data-id=\"703c5cd2\" data-element_type=\"container\" data-e-type=\"container\">\n\t\t\t\t\t<div class=\"e-con-inner\">\n\t\t\t\t<div class=\"elementor-element elementor-element-633db7cc elementor-widget__width-inherit elementor-widget elementor-widget-heading\" data-id=\"633db7cc\" data-element_type=\"widget\" data-e-type=\"widget\" data-widget_type=\"heading.default\">\n\t\t\t\t<div class=\"elementor-widget-container\">\n\t\t\t\t\t<h2 class=\"elementor-heading-title elementor-size-default\">Contacteer ons<\/h2>\t\t\t\t<\/div>\n\t\t\t\t<\/div>\n\t\t\t\t\t<\/div>\n\t\t\t\t<\/div>\n\t\t<div class=\"elementor-element elementor-element-7479511f e-grid e-con-boxed e-con e-parent\" data-id=\"7479511f\" data-element_type=\"container\" data-e-type=\"container\">\n\t\t\t\t\t<div class=\"e-con-inner\">\n\t\t\t\t<div class=\"elementor-element elementor-element-bcc7a1d elementor-button-align-stretch elementor-widget elementor-widget-form\" data-id=\"bcc7a1d\" data-element_type=\"widget\" data-e-type=\"widget\" data-settings=\"{&quot;step_next_label&quot;:&quot;Suivant&quot;,&quot;step_previous_label&quot;:&quot;Pr\\u00e9c\\u00e9dent&quot;,&quot;button_width&quot;:&quot;100&quot;,&quot;step_type&quot;:&quot;number_text&quot;,&quot;step_icon_shape&quot;:&quot;circle&quot;}\" data-widget_type=\"form.default\">\n\t\t\t\t<div class=\"elementor-widget-container\">\n\t\t\t\t\t\t\t<form class=\"elementor-form\" method=\"post\" name=\"Bleu-Roy\" aria-label=\"Bleu-Roy\" action=\"\">\n\t\t\t<input type=\"hidden\" name=\"post_id\" value=\"13880\"\/>\n\t\t\t<input type=\"hidden\" name=\"form_id\" value=\"bcc7a1d\"\/>\n\t\t\t<input type=\"hidden\" name=\"referer_title\" value=\"Locomotion - Bleu-Roy\" \/>\n\n\t\t\t\t\t\t\t<input type=\"hidden\" name=\"queried_id\" value=\"13880\"\/>\n\t\t\t\n\t\t\t<div class=\"elementor-form-fields-wrapper elementor-labels-above\">\n\t\t\t\t\t\t\t\t<div class=\"elementor-field-type-text elementor-field-group elementor-column elementor-field-group-name elementor-col-100\">\n\t\t\t\t\t\t\t\t\t\t\t\t<label for=\"form-field-name\" class=\"elementor-field-label\">\n\t\t\t\t\t\t\t\tNaam\t\t\t\t\t\t\t<\/label>\n\t\t\t\t\t\t\t\t\t\t\t\t\t\t<input size=\"1\" type=\"text\" name=\"form_fields[name]\" id=\"form-field-name\" class=\"elementor-field elementor-size-sm  elementor-field-textual\" placeholder=\"Naam\">\n\t\t\t\t\t\t\t\t\t\t\t<\/div>\n\t\t\t\t\t\t\t\t<div class=\"elementor-field-type-email elementor-field-group elementor-column elementor-field-group-email elementor-col-100 elementor-field-required\">\n\t\t\t\t\t\t\t\t\t\t\t\t<label for=\"form-field-email\" class=\"elementor-field-label\">\n\t\t\t\t\t\t\t\tE-mail\t\t\t\t\t\t\t<\/label>\n\t\t\t\t\t\t\t\t\t\t\t\t\t\t<input size=\"1\" type=\"email\" name=\"form_fields[email]\" id=\"form-field-email\" class=\"elementor-field elementor-size-sm  elementor-field-textual\" placeholder=\"E-mail\" required=\"required\">\n\t\t\t\t\t\t\t\t\t\t\t<\/div>\n\t\t\t\t\t\t\t\t<div class=\"elementor-field-type-textarea elementor-field-group elementor-column elementor-field-group-message elementor-col-100\">\n\t\t\t\t\t\t\t\t\t\t\t\t<label for=\"form-field-message\" class=\"elementor-field-label\">\n\t\t\t\t\t\t\t\tBericht\t\t\t\t\t\t\t<\/label>\n\t\t\t\t\t\t<textarea class=\"elementor-field-textual elementor-field  elementor-size-sm\" name=\"form_fields[message]\" id=\"form-field-message\" rows=\"4\" placeholder=\"Bericht\"><\/textarea>\t\t\t\t<\/div>\n\t\t\t\t\t\t\t\t<div class=\"elementor-field-group elementor-column elementor-field-type-submit elementor-col-100 e-form__buttons\">\n\t\t\t\t\t<button class=\"elementor-button elementor-size-sm\" type=\"submit\">\n\t\t\t\t\t\t<span class=\"elementor-button-content-wrapper\">\n\t\t\t\t\t\t\t\t\t\t\t\t\t\t\t<span class=\"elementor-button-icon\">\n\t\t\t\t\t\t\t\t\t<svg aria-hidden=\"true\" class=\"e-font-icon-svg e-far-envelope\" viewbox=\"0 0 512 512\" xmlns=\"http:\/\/www.w3.org\/2000\/svg\"><path d=\"M464 64H48C21.49 64 0 85.49 0 112v288c0 26.51 21.49 48 48 48h416c26.51 0 48-21.49 48-48V112c0-26.51-21.49-48-48-48zm0 48v40.805c-22.422 18.259-58.168 46.651-134.587 106.49-16.841 13.247-50.201 45.072-73.413 44.701-23.208.375-56.579-31.459-73.413-44.701C106.18 199.465 70.425 171.067 48 152.805V112h416zM48 400V214.398c22.914 18.251 55.409 43.862 104.938 82.646 21.857 17.205 60.134 55.186 103.062 54.955 42.717.231 80.509-37.199 103.053-54.947 49.528-38.783 82.032-64.401 104.947-82.653V400H48z\"><\/path><\/svg>\t\t\t\t\t\t\t\t\t\t\t\t\t\t\t\t\t<\/span>\n\t\t\t\t\t\t\t\t\t\t\t\t\t\t\t\t\t\t\t\t\t\t<span class=\"elementor-button-text\">Bericht verzenden<\/span>\n\t\t\t\t\t\t\t\t\t\t\t\t\t<\/span>\n\t\t\t\t\t<\/button>\n\t\t\t\t<\/div>\n\t\t\t<\/div>\n\t\t<input type=\"hidden\" name=\"trp-form-language\" value=\"nl\"\/><\/form>\n\t\t\t\t\t\t<\/div>\n\t\t\t\t<\/div>\n\t\t\t\t\t<\/div>\n\t\t\t\t<\/div>\n\t\t\t\t<\/div>","protected":false},"excerpt":{"rendered":"<p>Locomotion Pour&#32; une&#32; meilleure&#32; locomotion&#32; Les membres de nos chevaux sont hyper-sollicit\u00e9s. Il existe des compl\u00e9ments alimentaires pour soutenir et prot\u00e9ger les articulations, les cartilages et les tendons ou encore pour soulager les chevaux souffrant d\u2019arthrose ou de difficult\u00e9s locomotrices&#8230;.<\/p>","protected":false},"author":2,"featured_media":0,"parent":0,"menu_order":0,"comment_status":"closed","ping_status":"closed","template":"","meta":{"footnotes":""},"class_list":["post-13880","page","type-page","status-publish","hentry"],"_links":{"self":[{"href":"https:\/\/www.bleu-roy.com\/nl\/wp-json\/wp\/v2\/pages\/13880","targetHints":{"allow":["GET"]}}],"collection":[{"href":"https:\/\/www.bleu-roy.com\/nl\/wp-json\/wp\/v2\/pages"}],"about":[{"href":"https:\/\/www.bleu-roy.com\/nl\/wp-json\/wp\/v2\/types\/page"}],"author":[{"embeddable":true,"href":"https:\/\/www.bleu-roy.com\/nl\/wp-json\/wp\/v2\/users\/2"}],"replies":[{"embeddable":true,"href":"https:\/\/www.bleu-roy.com\/nl\/wp-json\/wp\/v2\/comments?post=13880"}],"version-history":[{"count":4,"href":"https:\/\/www.bleu-roy.com\/nl\/wp-json\/wp\/v2\/pages\/13880\/revisions"}],"predecessor-version":[{"id":13884,"href":"https:\/\/www.bleu-roy.com\/nl\/wp-json\/wp\/v2\/pages\/13880\/revisions\/13884"}],"wp:attachment":[{"href":"https:\/\/www.bleu-roy.com\/nl\/wp-json\/wp\/v2\/media?parent=13880"}],"curies":[{"name":"wp","href":"https:\/\/api.w.org\/{rel}","templated":true}]}}