{"id":13743,"date":"2025-01-24T16:18:38","date_gmt":"2025-01-24T16:18:38","guid":{"rendered":"https:\/\/bleuroy2.nelty.dev\/?page_id=13743"},"modified":"2025-09-05T09:32:59","modified_gmt":"2025-09-05T09:32:59","slug":"contact","status":"publish","type":"page","link":"https:\/\/www.bleu-roy.com\/nl\/contact\/","title":{"rendered":"Contact"},"content":{"rendered":"<div data-elementor-type=\"wp-page\" data-elementor-id=\"13743\" class=\"elementor elementor-13743\" data-elementor-post-type=\"page\">\n\t\t\t\t\t\t<section class=\"elementor-section elementor-top-section elementor-element elementor-element-4044dbe1 elementor-section-full_width elementor-section-stretched elementor-section-height-default elementor-section-height-default\" data-id=\"4044dbe1\" data-element_type=\"section\" data-e-type=\"section\" data-settings=\"{&quot;stretch_section&quot;:&quot;section-stretched&quot;}\">\n\t\t\t\t\t\t<div class=\"elementor-container elementor-column-gap-no\">\n\t\t\t\t\t<div class=\"elementor-column elementor-col-100 elementor-top-column elementor-element elementor-element-5b242d7b\" data-id=\"5b242d7b\" data-element_type=\"column\" data-e-type=\"column\">\n\t\t\t<div class=\"elementor-widget-wrap elementor-element-populated\">\n\t\t\t\t\t\t<div class=\"elementor-element elementor-element-41bd399a elementor-widget elementor-widget-pix-dividers\" data-id=\"41bd399a\" data-element_type=\"widget\" data-e-type=\"widget\" data-widget_type=\"pix-dividers.default\">\n\t\t\t\t<div class=\"elementor-widget-container\">\n\t\t\t\t\t<div class=\"pix-divider  position-relative pix-bottom-divider\" data-style=\"style-8\" ><svg xmlns=\"http:\/\/www.w3.org\/2000\/svg\" width=\"100%\" height=\"600\" viewbox=\"0 0 1200 366\" preserveaspectratio=\"none\"><polygon fill=\"rgba(255,255,255,0.3)\"  points=\"0 240 1200 0 1200 366 0 366\"  \/><polygon fill=\"rgba(255,255,255,0.6)\"  points=\"0 300 1200 60 1200 366 0 366\" \/><polygon fill=\"#ffffff\" points=\"0 360 1200 120 1200 366 0 366\"\/><defs><\/defs><\/svg><\/div>\t\t\t\t<\/div>\n\t\t\t\t<\/div>\n\t\t\t\t\t<\/div>\n\t\t<\/div>\n\t\t\t\t\t<\/div>\n\t\t<\/section>\n\t\t\t\t<section class=\"elementor-section elementor-top-section elementor-element elementor-element-4c898dac elementor-section-boxed elementor-section-height-default elementor-section-height-default\" data-id=\"4c898dac\" data-element_type=\"section\" data-e-type=\"section\">\n\t\t\t\t\t\t<div class=\"elementor-container elementor-column-gap-default\">\n\t\t\t\t\t<div class=\"elementor-column elementor-col-100 elementor-top-column elementor-element elementor-element-2515a2d3\" data-id=\"2515a2d3\" data-element_type=\"column\" data-e-type=\"column\">\n\t\t\t<div class=\"elementor-widget-wrap elementor-element-populated\">\n\t\t\t\t\t\t<section class=\"elementor-section elementor-inner-section elementor-element elementor-element-2913dda2 elementor-section-boxed elementor-section-height-default elementor-section-height-default\" data-id=\"2913dda2\" data-element_type=\"section\" data-e-type=\"section\">\n\t\t\t\t\t\t<div class=\"elementor-container elementor-column-gap-default\">\n\t\t\t\t\t<div class=\"elementor-column elementor-col-100 elementor-inner-column elementor-element elementor-element-65b8dfb4\" data-id=\"65b8dfb4\" data-element_type=\"column\" data-e-type=\"column\">\n\t\t\t<div class=\"elementor-widget-wrap elementor-element-populated\">\n\t\t\t\t\t\t<div class=\"elementor-element elementor-element-9bcea7d elementor-widget elementor-widget-pix-badge\" data-id=\"9bcea7d\" data-element_type=\"widget\" data-e-type=\"widget\" data-widget_type=\"pix-badge.default\">\n\t\t\t\t<div class=\"elementor-widget-container\">\n\t\t\t\t\t<span class=\"pix-badge-element h6 d-inline-flex mr-1\"  ><span class=\"badge font-weight-bold bg-primary-light\" style=\" \"><span class=\"text-primary\" style=\"\">Contacteer ons<\/span><\/span><\/span>\t\t\t\t<\/div>\n\t\t\t\t<\/div>\n\t\t\t\t<div class=\"elementor-element elementor-element-3aa6de61 elementor-widget elementor-widget-pix-heading\" data-id=\"3aa6de61\" data-element_type=\"widget\" data-e-type=\"widget\" data-widget_type=\"pix-heading.default\">\n\t\t\t\t<div class=\"elementor-widget-container\">\n\t\t\t\t\t<div  class=\"pix-heading-el text-left\"><h1 class=\"text-gradient-primary font-weight-bold h1 heading-text el-title_custom_color mb-12\" style=\"\" data-anim-type=\"\" data-anim-delay=\"\">Behoefte aan persoonlijk advies?<\/h1><\/div>\t\t\t\t<\/div>\n\t\t\t\t<\/div>\n\t\t\t\t\t<\/div>\n\t\t<\/div>\n\t\t\t\t\t<\/div>\n\t\t<\/section>\n\t\t\t\t<section class=\"elementor-section elementor-inner-section elementor-element elementor-element-758fee03 elementor-section-boxed elementor-section-height-default elementor-section-height-default\" data-id=\"758fee03\" data-element_type=\"section\" data-e-type=\"section\">\n\t\t\t\t\t\t<div class=\"elementor-container elementor-column-gap-default\">\n\t\t\t\t\t<div class=\"elementor-column elementor-col-50 elementor-inner-column elementor-element elementor-element-2a3790a\" data-id=\"2a3790a\" data-element_type=\"column\" data-e-type=\"column\">\n\t\t\t<div class=\"elementor-widget-wrap elementor-element-populated\">\n\t\t\t\t\t\t<div class=\"elementor-element elementor-element-b386d5a elementor-widget elementor-widget-heading\" data-id=\"b386d5a\" data-element_type=\"widget\" data-e-type=\"widget\" data-widget_type=\"heading.default\">\n\t\t\t\t<div class=\"elementor-widget-container\">\n\t\t\t\t\t<h5 class=\"elementor-heading-title elementor-size-default\">Infos pratiques<\/h5>\t\t\t\t<\/div>\n\t\t\t\t<\/div>\n\t\t\t\t<div class=\"elementor-element elementor-element-6fdf358 elementor-widget elementor-widget-text-editor\" data-id=\"6fdf358\" data-element_type=\"widget\" data-e-type=\"widget\" data-widget_type=\"text-editor.default\">\n\t\t\t\t<div class=\"elementor-widget-container\">\n\t\t\t\t\t\t\t\t\t<div class=\"pix-el-text w-100\">\n<p class=\"text-18  text-body-default\"><span class=\"text-body-default d-inline-block pix-waiting pix-animate animated\" data-anim-delay=\"400\" data-anim-type=\"fade-in-up\">N\u2019h\u00e9sitez pas \u00e0 nous appeler, nous \u00e9crire ou nous suivre sur les r\u00e9seaux sociaux! Nous sommes \u00e0 votre \u00e9coute pour vous aider et vous conseiller au mieux.<\/span><\/p>\n<\/div>\t\t\t\t\t\t\t\t<\/div>\n\t\t\t\t<\/div>\n\t\t\t\t<div class=\"elementor-element elementor-element-cb2cac0 elementor-widget elementor-widget-pix-social-icons\" data-id=\"cb2cac0\" data-element_type=\"widget\" data-e-type=\"widget\" data-widget_type=\"pix-social-icons.default\">\n\t\t\t\t<div class=\"elementor-widget-container\">\n\t\t\t\t\t<div class=\"text-primary text-left pix-social-icons font-weight-bold d-inline-block w-100\" style=\"\"><a target=\"_blank\" href=\"https:\/\/www.facebook.com\/BleuRoyBelgium\" aria-label=\"Solid\/pixfort-icon-facebook-2\" class=\"text-primary  d-inline-block   px-2\" rel=\"noopener\"><svg class=\"pixfort-icon\" width=\"24\" height=\"24\" style=\"\" data-name=\"Solid\/pixfort-icon-facebook-2\" viewbox=\"2 2 20 20\"><path fill=\"var(--pf-icon-color)\" fill-rule=\"evenodd\" d=\"M13.9847211,12.0503365 L16.6470939,12.0503365 L17,8.58616444 L13.9847211,8.58616444 L13.9891929,6.85219465 C13.9891929,5.94866138 14.0715501,5.4647547 15.316746,5.4647547 L16.9813299,5.4647547 L16.9813299,2 L14.3183608,2 C11.1196601,2 9.99397538,3.68040953 9.99397538,6.50675232 L9.99397538,8.58643632 L8,8.58643632 L8,12.0509191 L9.99397538,12.0509191 L9.99397538,22 L13.9847211,22 L13.9847211,12.0503365 Z\"\/><\/svg><\/a><a target=\"_blank\" href=\"https:\/\/www.instagram.com\/bleuroybe\" aria-label=\"Solid\/pixfort-icon-instagram-1\" class=\"text-primary  d-inline-block   px-2\" rel=\"noopener\"><svg class=\"pixfort-icon\" width=\"24\" height=\"24\" style=\"\" data-name=\"Solid\/pixfort-icon-instagram-1\" viewbox=\"2 2 20 20\"><path fill=\"var(--pf-icon-color)\" fill-rule=\"evenodd\" d=\"M8.66747445,12 C8.66747445,10.1591276 10.1594572,8.66639742 12.0004039,8.66639742 C13.8413506,8.66639742 15.3341411,10.1591276 15.3341411,12 C15.3341411,13.8408724 13.8413506,15.3336026 12.0004039,15.3336026 C10.1594572,15.3336026 8.66747445,13.8408724 8.66747445,12 M6.86530151,12 C6.86530151,14.8360258 9.1642635,17.134895 12.0004039,17.134895 C14.8365443,17.134895 17.1355063,14.8360258 17.1355063,12 C17.1355063,9.16397415 14.8365443,6.86510501 12.0004039,6.86510501 C9.1642635,6.86510501 6.86530151,9.16397415 6.86530151,12 M16.138697,6.66155089 C16.138697,7.32390953 16.6758754,7.86187399 17.3390686,7.86187399 C18.001454,7.86187399 18.5394402,7.32390953 18.5394402,6.66155089 C18.5394402,5.99919225 18.0022618,5.46203554 17.3390686,5.46203554 C16.6758754,5.46203554 16.138697,5.99919225 16.138697,6.66155089 M7.95985298,20.1397415 C6.98485399,20.095315 6.45494568,19.9329564 6.10275051,19.7956381 C5.63584959,19.6138934 5.30304132,19.3974152 4.95246173,19.0476575 C4.60268993,18.6978998 4.38539521,18.365105 4.20445091,17.8982229 C4.06712711,17.546042 3.9047619,17.0161551 3.86033362,16.0411955 C3.81186639,14.9870759 3.80217295,14.6704362 3.80217295,12 C3.80217295,9.32956381 3.81267418,9.01373183 3.86033362,7.95880452 C3.9047619,6.98384491 4.06793489,6.45476575 4.20445091,6.10177706 C4.386203,5.63489499 4.60268993,5.30210016 4.95246173,4.95153473 C5.30223353,4.60177706 5.6350418,4.38449111 6.10275051,4.20355412 C6.45494568,4.06623586 6.98485399,3.90387722 7.95985298,3.85945073 C9.01401511,3.81098546 9.33066764,3.80129241 12.0004039,3.80129241 C14.6709479,3.80129241 14.9867927,3.81179321 16.0417626,3.85945073 C17.0167616,3.90387722 17.5458621,4.06704362 17.8988651,4.20355412 C18.365766,4.38449111 18.6985743,4.60177706 19.0491538,4.95153473 C19.3989256,5.30129241 19.6154126,5.63489499 19.7971647,6.10177706 C19.9344885,6.453958 20.0968537,6.98384491 20.141282,7.95880452 C20.1897492,9.01373183 20.1994426,9.32956381 20.1994426,12 C20.1994426,14.6696284 20.1897492,14.9862682 20.141282,16.0411955 C20.0968537,17.0161551 19.9336807,17.546042 19.7971647,17.8982229 C19.6154126,18.365105 19.3989256,18.6978998 19.0491538,19.0476575 C18.699382,19.3974152 18.365766,19.6138934 17.8988651,19.7956381 C17.5466699,19.9329564 17.0167616,20.095315 16.0417626,20.1397415 C14.9876005,20.1882068 14.6709479,20.1978998 12.0004039,20.1978998 C9.33066764,20.1978998 9.01401511,20.1882068 7.95985298,20.1397415 M7.8774587,2.06058158 C6.81279535,2.10904685 6.08578699,2.27786753 5.45005856,2.52504039 C4.79251989,2.78029079 4.23514682,3.12277868 3.67858153,3.67851373 C3.12282402,4.23424879 2.78032231,4.79159935 2.52506159,5.44991922 C2.27787875,6.08562197 2.10905125,6.81260097 2.06058403,7.87722132 C2.01130902,8.94345719 2,9.28432956 2,12 C2,14.7156704 2.01130902,15.0565428 2.06058403,16.1227787 C2.10905125,17.187399 2.27787875,17.914378 2.52506159,18.5500808 C2.78032231,19.2075929 3.12201624,19.7657512 3.67858153,20.3214863 C4.23433903,20.8772213 4.7917121,21.2189015 5.45005856,21.4749596 C6.08659477,21.7221325 6.81279535,21.8909532 7.8774587,21.9394184 C8.94454542,21.9878837 9.28462377,22 12.0004039,22 C14.7169918,22 15.0570702,21.9886914 16.1233491,21.9394184 C17.1880124,21.8909532 17.9150208,21.7221325 18.5507492,21.4749596 C19.2082879,21.2189015 19.765661,20.8772213 20.3222263,20.3214863 C20.8779838,19.7657512 21.2196777,19.2075929 21.4757462,18.5500808 C21.722929,17.914378 21.8925643,17.187399 21.9402238,16.1227787 C21.988691,15.0557351 22,14.7156704 22,12 C22,9.28432956 21.988691,8.94345719 21.9402238,7.87722132 C21.8917565,6.81260097 21.722929,6.08562197 21.4757462,5.44991922 C21.2196777,4.79240711 20.8779838,4.23505654 20.3222263,3.67851373 C19.7664688,3.12277868 19.2082879,2.78029079 18.551557,2.52504039 C17.9150208,2.27786753 17.1880124,2.1082391 16.1241569,2.06058158 C15.0578779,2.01211632 14.7169918,2 12.0012117,2 C9.28462377,2 8.94454542,2.01130856 7.8774587,2.06058158\"\/><\/svg><\/a><a target=\"_blank\" href=\"https:\/\/www.tiktok.com\/@bleuroybe\" aria-label=\"Solid\/pixfort-icon-tiktok-1\" class=\"text-primary  d-inline-block   px-2\" rel=\"noopener\"><svg class=\"pixfort-icon\" width=\"24\" height=\"24\" style=\"\" data-name=\"Solid\/pixfort-icon-tiktok-1\" viewbox=\"2 2 20 20\"><path fill=\"var(--pf-icon-color)\" fill-rule=\"evenodd\" d=\"M19.9971687,10.0916411 C19.8348357,10.1075217 19.6718606,10.1158443 19.5087646,10.1165823 C17.7198193,10.1168338 16.0513223,9.20903436 15.0713661,7.70227321 L15.0713661,15.9236086 C15.0713661,19.2795069 12.3690988,22 9.03568306,22 C5.70226735,22 3,19.2795069 3,15.9236086 C3,12.5677104 5.70226735,9.84721727 9.03568306,9.84721727 C9.16167715,9.84721727 9.28483991,9.85861897 9.4087105,9.86645764 L9.4087105,12.860828 C9.28483991,12.8458633 9.16309281,12.8230599 9.03568306,12.8230599 C7.33437836,12.8230599 5.9551984,14.2115419 5.9551984,15.9243212 C5.9551984,17.6371006 7.33437836,19.0255826 9.03568306,19.0255826 C10.7373111,19.0255826 12.2400383,17.6759068 12.2400383,15.962802 L12.2697672,2 L15.1152517,2 C15.3835704,4.56889818 17.4410719,6.57544293 20,6.76377111 L20,10.0916411\"\/><\/svg><\/a><\/div>\t\t\t\t<\/div>\n\t\t\t\t<\/div>\n\t\t\t\t<div class=\"elementor-element elementor-element-8a514bc elementor-widget elementor-widget-text-editor\" data-id=\"8a514bc\" data-element_type=\"widget\" data-e-type=\"widget\" data-widget_type=\"text-editor.default\">\n\t\t\t\t<div class=\"elementor-widget-container\">\n\t\t\t\t\t\t\t\t\t<p><strong>Informations de contact<br \/><\/strong>+32 494 15 44 06<br \/>info@bleu-roy.be<br \/><br \/><strong>Ekidis SRL<\/strong> <br \/>Cartuyvelstraat 35 <br \/>3870 Horpmaal (Belgique)<\/p>\t\t\t\t\t\t\t\t<\/div>\n\t\t\t\t<\/div>\n\t\t\t\t\t<\/div>\n\t\t<\/div>\n\t\t\t\t<div class=\"elementor-column elementor-col-50 elementor-inner-column elementor-element elementor-element-feeabfc\" data-id=\"feeabfc\" data-element_type=\"column\" data-e-type=\"column\">\n\t\t\t<div class=\"elementor-widget-wrap elementor-element-populated\">\n\t\t\t\t\t\t<div class=\"elementor-element elementor-element-800ae36 elementor-widget elementor-widget-heading\" data-id=\"800ae36\" data-element_type=\"widget\" data-e-type=\"widget\" data-widget_type=\"heading.default\">\n\t\t\t\t<div class=\"elementor-widget-container\">\n\t\t\t\t\t<h5 class=\"elementor-heading-title elementor-size-default\">Comment pouvons-nous vous aider?<\/h5>\t\t\t\t<\/div>\n\t\t\t\t<\/div>\n\t\t\t\t<div class=\"elementor-element elementor-element-3070c68 elementor-widget elementor-widget-wpforms\" data-id=\"3070c68\" data-element_type=\"widget\" data-e-type=\"widget\" data-widget_type=\"wpforms.default\">\n\t\t\t\t<div class=\"elementor-widget-container\">\n\t\t\t\t\t<div class=\"wpforms-container wpforms-container-full wpforms-render-modern\" id=\"wpforms-16390\"><form id=\"wpforms-form-16390\" class=\"wpforms-validate wpforms-form wpforms-ajax-form\" data-formid=\"16390\" method=\"post\" enctype=\"multipart\/form-data\" action=\"\/nl\/wp-json\/wp\/v2\/pages\/13743\" data-token=\"be6cad3680b914a2ee85eb00f2dfae5a\" data-token-time=\"1777649560\" data-trp-original-action=\"\/nl\/wp-json\/wp\/v2\/pages\/13743\"><noscript class=\"wpforms-error-noscript\">Schakel JavaScript in je browser in om dit formulier in te vullen.<\/noscript><div id=\"wpforms-error-noscript\" style=\"display: none;\">Schakel JavaScript in je browser in om dit formulier in te vullen.<\/div><div class=\"wpforms-field-container\"><div id=\"wpforms-16390-field_1-container\" class=\"wpforms-field wpforms-field-name\" data-field-id=\"1\"><fieldset><legend class=\"wpforms-field-label\">Nom + Pr\u00e9nom <span class=\"wpforms-required-label\" aria-hidden=\"true\">*<\/span><\/legend><div class=\"wpforms-field-row wpforms-field-medium\"><div class=\"wpforms-field-row-block wpforms-first wpforms-one-half\"><input type=\"text\" id=\"wpforms-16390-field_1\" class=\"wpforms-field-name-first wpforms-field-required\" name=\"wpforms[fields][1][first]\" aria-errormessage=\"wpforms-16390-field_1-error\" required><label for=\"wpforms-16390-field_1\" class=\"wpforms-field-sublabel after\">Voornaam<\/label><\/div><div class=\"wpforms-field-row-block wpforms-one-half\"><input type=\"text\" id=\"wpforms-16390-field_1-last\" class=\"wpforms-field-name-last wpforms-field-required\" name=\"wpforms[fields][1][last]\" aria-errormessage=\"wpforms-16390-field_1-last-error\" required><label for=\"wpforms-16390-field_1-last\" class=\"wpforms-field-sublabel after\">Achternaam<\/label><\/div><\/div><\/fieldset><\/div><div id=\"wpforms-16390-field_2-container\" class=\"wpforms-field wpforms-field-email\" data-field-id=\"2\"><label class=\"wpforms-field-label\" for=\"wpforms-16390-field_2\">Email <span class=\"wpforms-required-label\" aria-hidden=\"true\">*<\/span><\/label><input type=\"email\" id=\"wpforms-16390-field_2\" class=\"wpforms-field-medium wpforms-field-required\" name=\"wpforms[fields][2]\" spellcheck=\"false\" aria-errormessage=\"wpforms-16390-field_2-error\" required><\/div>\t\t<div id=\"wpforms-16390-field_4-container\"\n\t\t\tclass=\"wpforms-field wpforms-field-text\"\n\t\t\tdata-field-type=\"text\"\n\t\t\tdata-field-id=\"4\"\n\t\t\t>\n\t\t\t<label class=\"wpforms-field-label\" for=\"wpforms-16390-field_4\" >message Laissez-nous Pr\u00e9nom<\/label>\n\t\t\t<input type=\"text\" id=\"wpforms-16390-field_4\" class=\"wpforms-field-medium\" name=\"wpforms[fields][4]\" >\n\t\t<\/div>\n\t\t<div id=\"wpforms-16390-field_3-container\" class=\"wpforms-field wpforms-field-textarea\" data-field-id=\"3\"><label class=\"wpforms-field-label\" for=\"wpforms-16390-field_3\">Laissez-nous votre message \ud83d\udc47 <span class=\"wpforms-required-label\" aria-hidden=\"true\">*<\/span><\/label><textarea id=\"wpforms-16390-field_3\" class=\"wpforms-field-medium wpforms-field-required\" name=\"wpforms[fields][3]\" aria-errormessage=\"wpforms-16390-field_3-error\" required><\/textarea><\/div><script>\n\t\t\t\t( function() {\n\t\t\t\t\tconst style = document.createElement( 'style' );\n\t\t\t\t\tstyle.appendChild( document.createTextNode( '#wpforms-16390-field_4-container { position: absolute !important; overflow: hidden !important; display: inline !important; height: 1px !important; width: 1px !important; z-index: -1000 !important; padding: 0 !important; } #wpforms-16390-field_4-container input { visibility: hidden; } #wpforms-conversational-form-page #wpforms-16390-field_4-container label { counter-increment: none; }' ) );\n\t\t\t\t\tdocument.head.appendChild( style );\n\t\t\t\t\tdocument.currentScript?.remove();\n\t\t\t\t} )();\n\t\t\t<\/script><\/div><!-- .wpforms-field-container --><div class=\"wpforms-recaptcha-container wpforms-is-recaptcha wpforms-is-recaptcha-type-v3\" ><input type=\"hidden\" name=\"wpforms[recaptcha]\" value=\"\"><\/div><div class=\"wpforms-submit-container\" ><input type=\"hidden\" name=\"wpforms[id]\" value=\"16390\"><input type=\"hidden\" name=\"page_title\" value=\"\"><input type=\"hidden\" name=\"page_url\" value=\"https:\/\/www.bleu-roy.com\/nl\/wp-json\/wp\/v2\/pages\/13743\"><input type=\"hidden\" name=\"url_referer\" value=\"\"><button type=\"submit\" name=\"wpforms[submit]\" id=\"wpforms-submit-16390\" class=\"wpforms-submit\" data-alt-text=\"Envoi en cours...\" data-submit-text=\"Envoyer\" aria-live=\"assertive\" value=\"wpforms-submit\">Bericht verzenden<\/button><img decoding=\"async\" src=\"https:\/\/www.bleu-roy.com\/wp-content\/plugins\/wpforms-lite\/assets\/images\/submit-spin.svg\" class=\"wpforms-submit-spinner\" style=\"display: none;\" width=\"26\" height=\"26\" alt=\"Aan het laden\" title=\"\"><\/div><input type=\"hidden\" name=\"trp-form-language\" value=\"nl\"\/><\/form><\/div>  <!-- .wpforms-container -->\t\t\t\t<\/div>\n\t\t\t\t<\/div>\n\t\t\t\t\t<\/div>\n\t\t<\/div>\n\t\t\t\t\t<\/div>\n\t\t<\/section>\n\t\t\t\t\t<\/div>\n\t\t<\/div>\n\t\t\t\t\t<\/div>\n\t\t<\/section>\n\t\t\t\t<\/div>","protected":false},"excerpt":{"rendered":"<p>Contactez-nous Besoin de conseils personnalis\u00e9s? Infos pratiques N\u2019h\u00e9sitez pas \u00e0 nous appeler, nous \u00e9crire ou nous suivre sur les r\u00e9seaux sociaux! Nous sommes \u00e0 votre \u00e9coute pour vous aider et vous conseiller au mieux. Informations de contact+32 494 15 44&#8230;<\/p>","protected":false},"author":2,"featured_media":0,"parent":0,"menu_order":0,"comment_status":"closed","ping_status":"closed","template":"","meta":{"footnotes":""},"class_list":["post-13743","page","type-page","status-publish","hentry"],"_links":{"self":[{"href":"https:\/\/www.bleu-roy.com\/nl\/wp-json\/wp\/v2\/pages\/13743","targetHints":{"allow":["GET"]}}],"collection":[{"href":"https:\/\/www.bleu-roy.com\/nl\/wp-json\/wp\/v2\/pages"}],"about":[{"href":"https:\/\/www.bleu-roy.com\/nl\/wp-json\/wp\/v2\/types\/page"}],"author":[{"embeddable":true,"href":"https:\/\/www.bleu-roy.com\/nl\/wp-json\/wp\/v2\/users\/2"}],"replies":[{"embeddable":true,"href":"https:\/\/www.bleu-roy.com\/nl\/wp-json\/wp\/v2\/comments?post=13743"}],"version-history":[{"count":23,"href":"https:\/\/www.bleu-roy.com\/nl\/wp-json\/wp\/v2\/pages\/13743\/revisions"}],"predecessor-version":[{"id":16396,"href":"https:\/\/www.bleu-roy.com\/nl\/wp-json\/wp\/v2\/pages\/13743\/revisions\/16396"}],"wp:attachment":[{"href":"https:\/\/www.bleu-roy.com\/nl\/wp-json\/wp\/v2\/media?parent=13743"}],"curies":[{"name":"wp","href":"https:\/\/api.w.org\/{rel}","templated":true}]}}